{"id":1543,"date":"2019-08-15T16:47:28","date_gmt":"2019-08-15T14:47:28","guid":{"rendered":"http:\/\/axholmen.se\/?page_id=1543"},"modified":"2022-12-01T10:39:07","modified_gmt":"2022-12-01T09:39:07","slug":"prisoptimering","status":"publish","type":"page","link":"https:\/\/axholmen.com\/sv\/prisoptimering\/","title":{"rendered":"Introduktion till prisoptimering"},"content":{"rendered":"<div class=\"wp-playlist wp-video-playlist wp-playlist-light\">\n\t\t<video controls=\"controls\" preload=\"none\" width=\"640\"\n\t\t height=\"360\"\t><\/video>\n\t<div class=\"wp-playlist-next\"><\/div>\n\t<div class=\"wp-playlist-prev\"><\/div>\n\t<noscript>\n\t<ol>\n\t\t<li><a href='https:\/\/axholmen.com\/wp-content\/uploads\/2019\/06\/Axholmen-Pricing.mp4'>Axholmen - Pricing<\/a><\/li>\t<\/ol>\n\t<\/noscript>\n\t<script type=\"application\/json\" class=\"wp-playlist-script\">{\"type\":\"video\",\"tracklist\":true,\"tracknumbers\":true,\"images\":true,\"artists\":true,\"tracks\":[{\"src\":\"https:\/\/axholmen.com\/wp-content\/uploads\/2019\/06\/Axholmen-Pricing.mp4\",\"type\":\"video\/mp4\",\"title\":\"Axholmen - Pricing\",\"caption\":\"\",\"description\":\"\",\"meta\":{\"length_formatted\":\"1:51\"},\"dimensions\":{\"original\":{\"width\":1920,\"height\":1080},\"resized\":{\"width\":640,\"height\":360}},\"image\":{\"src\":\"https:\/\/axholmen.com\/wp-content\/uploads\/2019\/06\/axholmen-front.jpg\",\"width\":1920,\"height\":1080},\"thumb\":{\"src\":\"https:\/\/axholmen.com\/wp-content\/uploads\/2019\/06\/axholmen-front-600x338.jpg\",\"width\":600,\"height\":338}}]}<\/script>\n<\/div>\n\t\n","protected":false},"excerpt":{"rendered":"","protected":false},"author":6,"featured_media":0,"parent":0,"menu_order":0,"comment_status":"closed","ping_status":"closed","template":"","meta":{"_acf_changed":false,"footnotes":""},"class_list":["post-1543","page","type-page","status-publish","hentry"],"acf":[],"yoast_head":"<!-- This site is optimized with the Yoast SEO plugin v27.5 - https:\/\/yoast.com\/product\/yoast-seo-wordpress\/ -->\n<title>Introduktion till prisoptimering - prisoptimering | Axholmen<\/title>\n<meta name=\"description\" content=\"Axholmen bjuder in till 2019 \u00e5rs Roundtable p\u00e5 \u00e4mnet Prisoptimering med tonvikt p\u00e5 B2B och tj\u00e4nsteprodukter.\" \/>\n<meta name=\"robots\" content=\"index, follow, max-snippet:-1, max-image-preview:large, max-video-preview:-1\" \/>\n<link rel=\"canonical\" href=\"https:\/\/axholmen.com\/sv\/prisoptimering\/\" \/>\n<meta property=\"og:locale\" content=\"sv_SE\" \/>\n<meta property=\"og:type\" content=\"article\" \/>\n<meta property=\"og:title\" content=\"Introduktion till prisoptimering - prisoptimering | Axholmen\" \/>\n<meta property=\"og:description\" content=\"Axholmen bjuder in till 2019 \u00e5rs Roundtable p\u00e5 \u00e4mnet Prisoptimering med tonvikt p\u00e5 B2B och tj\u00e4nsteprodukter.\" \/>\n<meta property=\"og:url\" content=\"https:\/\/axholmen.com\/sv\/prisoptimering\/\" \/>\n<meta property=\"og:site_name\" content=\"Axholmen\" \/>\n<meta property=\"article:modified_time\" content=\"2022-12-01T09:39:07+00:00\" \/>\n<meta property=\"og:image\" content=\"https:\/\/axholmen.com\/wp-content\/uploads\/2018\/01\/stockholm.jpg\" \/>\n\t<meta property=\"og:image:width\" content=\"1920\" \/>\n\t<meta property=\"og:image:height\" content=\"1280\" \/>\n\t<meta property=\"og:image:type\" content=\"image\/jpeg\" \/>\n<meta name=\"twitter:card\" content=\"summary_large_image\" \/>\n<meta name=\"twitter:label1\" content=\"Ber\u00e4knad l\u00e4stid\" \/>\n\t<meta name=\"twitter:data1\" content=\"1 minut\" \/>\n<script type=\"application\/ld+json\" class=\"yoast-schema-graph\">{\"@context\":\"https:\\\/\\\/schema.org\",\"@graph\":[{\"@type\":\"WebPage\",\"@id\":\"https:\\\/\\\/axholmen.com\\\/sv\\\/prisoptimering\\\/\",\"url\":\"https:\\\/\\\/axholmen.com\\\/sv\\\/prisoptimering\\\/\",\"name\":\"Introduktion till prisoptimering - prisoptimering | Axholmen\",\"isPartOf\":{\"@id\":\"https:\\\/\\\/axholmen.com\\\/#website\"},\"datePublished\":\"2019-08-15T14:47:28+00:00\",\"dateModified\":\"2022-12-01T09:39:07+00:00\",\"description\":\"Axholmen bjuder in till 2019 \u00e5rs Roundtable p\u00e5 \u00e4mnet Prisoptimering med tonvikt p\u00e5 B2B och tj\u00e4nsteprodukter.\",\"breadcrumb\":{\"@id\":\"https:\\\/\\\/axholmen.com\\\/sv\\\/prisoptimering\\\/#breadcrumb\"},\"inLanguage\":\"sv-SE\",\"potentialAction\":[{\"@type\":\"ReadAction\",\"target\":[\"https:\\\/\\\/axholmen.com\\\/sv\\\/prisoptimering\\\/\"]}]},{\"@type\":\"BreadcrumbList\",\"@id\":\"https:\\\/\\\/axholmen.com\\\/sv\\\/prisoptimering\\\/#breadcrumb\",\"itemListElement\":[{\"@type\":\"ListItem\",\"position\":1,\"name\":\"Axholmen\",\"item\":\"https:\\\/\\\/axholmen.com\\\/sv\\\/\"},{\"@type\":\"ListItem\",\"position\":2,\"name\":\"Introduktion till prisoptimering\"}]},{\"@type\":\"WebSite\",\"@id\":\"https:\\\/\\\/axholmen.com\\\/#website\",\"url\":\"https:\\\/\\\/axholmen.com\\\/\",\"name\":\"Axholmen\",\"description\":\"\",\"potentialAction\":[{\"@type\":\"SearchAction\",\"target\":{\"@type\":\"EntryPoint\",\"urlTemplate\":\"https:\\\/\\\/axholmen.com\\\/?s={search_term_string}\"},\"query-input\":{\"@type\":\"PropertyValueSpecification\",\"valueRequired\":true,\"valueName\":\"search_term_string\"}}],\"inLanguage\":\"sv-SE\"}]}<\/script>\n<!-- \/ Yoast SEO plugin. -->","yoast_head_json":{"title":"Introduktion till prisoptimering - prisoptimering | Axholmen","description":"Axholmen bjuder in till 2019 \u00e5rs Roundtable p\u00e5 \u00e4mnet Prisoptimering med tonvikt p\u00e5 B2B och tj\u00e4nsteprodukter.","robots":{"index":"index","follow":"follow","max-snippet":"max-snippet:-1","max-image-preview":"max-image-preview:large","max-video-preview":"max-video-preview:-1"},"canonical":"https:\/\/axholmen.com\/sv\/prisoptimering\/","og_locale":"sv_SE","og_type":"article","og_title":"Introduktion till prisoptimering - prisoptimering | Axholmen","og_description":"Axholmen bjuder in till 2019 \u00e5rs Roundtable p\u00e5 \u00e4mnet Prisoptimering med tonvikt p\u00e5 B2B och tj\u00e4nsteprodukter.","og_url":"https:\/\/axholmen.com\/sv\/prisoptimering\/","og_site_name":"Axholmen","article_modified_time":"2022-12-01T09:39:07+00:00","og_image":[{"width":1920,"height":1280,"url":"https:\/\/axholmen.com\/wp-content\/uploads\/2018\/01\/stockholm.jpg","type":"image\/jpeg"}],"twitter_card":"summary_large_image","twitter_misc":{"Ber\u00e4knad l\u00e4stid":"1 minut"},"schema":{"@context":"https:\/\/schema.org","@graph":[{"@type":"WebPage","@id":"https:\/\/axholmen.com\/sv\/prisoptimering\/","url":"https:\/\/axholmen.com\/sv\/prisoptimering\/","name":"Introduktion till prisoptimering - prisoptimering | Axholmen","isPartOf":{"@id":"https:\/\/axholmen.com\/#website"},"datePublished":"2019-08-15T14:47:28+00:00","dateModified":"2022-12-01T09:39:07+00:00","description":"Axholmen bjuder in till 2019 \u00e5rs Roundtable p\u00e5 \u00e4mnet Prisoptimering med tonvikt p\u00e5 B2B och tj\u00e4nsteprodukter.","breadcrumb":{"@id":"https:\/\/axholmen.com\/sv\/prisoptimering\/#breadcrumb"},"inLanguage":"sv-SE","potentialAction":[{"@type":"ReadAction","target":["https:\/\/axholmen.com\/sv\/prisoptimering\/"]}]},{"@type":"BreadcrumbList","@id":"https:\/\/axholmen.com\/sv\/prisoptimering\/#breadcrumb","itemListElement":[{"@type":"ListItem","position":1,"name":"Axholmen","item":"https:\/\/axholmen.com\/sv\/"},{"@type":"ListItem","position":2,"name":"Introduktion till prisoptimering"}]},{"@type":"WebSite","@id":"https:\/\/axholmen.com\/#website","url":"https:\/\/axholmen.com\/","name":"Axholmen","description":"","potentialAction":[{"@type":"SearchAction","target":{"@type":"EntryPoint","urlTemplate":"https:\/\/axholmen.com\/?s={search_term_string}"},"query-input":{"@type":"PropertyValueSpecification","valueRequired":true,"valueName":"search_term_string"}}],"inLanguage":"sv-SE"}]}},"custom_fields":{"_wpml_media_featured":["1","1","1","1","1"],"_wpml_media_duplicate":["1","1","1","1","1"],"_wp_page_template":["default"],"modules-below-content":[""],"_modules-below-content":["group_page_modules_below-content_modules"],"subtitle-title":[""],"_subtitle-title":["group_page_subtitle-title"],"google-map-title":[""],"_google-map-title":["group_page_google-map-title"],"google-map-description":[""],"_google-map-description":["group_page_google-map-description"],"google-map-info-window":[""],"_google-map-info-window":["group_page_google-map-info-window"],"google-map":[""],"_google-map":["group_page_google-map"],"_yoast_wpseo_metadesc":["Axholmen bjuder in till 2019 \u00e5rs Roundtable p\u00e5 \u00e4mnet Prisoptimering med tonvikt p\u00e5 B2B och tj\u00e4nsteprodukter."],"_yoast_wpseo_title":["%%title%% - prisoptimering%%page%% | %%sitename%%"],"_oembed_ce11c2b80e95e170ff94aaa90d914e79":["<iframe title=\"Showreel 2019 - Explainer AB\" width=\"500\" height=\"281\" src=\"https:\/\/www.youtube.com\/embed\/6I4NNKIKo9Q?feature=oembed\" frameborder=\"0\" allow=\"accelerometer; autoplay; encrypted-media; gyroscope; picture-in-picture\" allowfullscreen><\/iframe>"],"_oembed_time_ce11c2b80e95e170ff94aaa90d914e79":["1560326361"],"_oembed_ba3a79778dbae18dbe8967128771173d":["<iframe title=\"Showreel 2019 - Explainer AB\" width=\"1451\" height=\"816\" src=\"https:\/\/www.youtube.com\/embed\/6I4NNKIKo9Q?feature=oembed\" frameborder=\"0\" allow=\"accelerometer; autoplay; encrypted-media; gyroscope; picture-in-picture\" allowfullscreen><\/iframe>"],"_oembed_time_ba3a79778dbae18dbe8967128771173d":["1560326362"],"_oembed_0ba68c72a9604524a879d16d79dfb962":["<iframe title=\"Showreel 2019 - Explainer AB\" width=\"1455\" height=\"818\" src=\"https:\/\/www.youtube.com\/embed\/6I4NNKIKo9Q?feature=oembed\" frameborder=\"0\" allow=\"accelerometer; autoplay; encrypted-media; gyroscope; picture-in-picture\" allowfullscreen><\/iframe>"],"_oembed_time_0ba68c72a9604524a879d16d79dfb962":["1560326416"],"_oembed_1a46bb8163bbd48bc8d856a5b2a35322":["<iframe title=\"Showreel 2019 - Explainer AB\" width=\"1249\" height=\"703\" src=\"https:\/\/www.youtube.com\/embed\/6I4NNKIKo9Q?feature=oembed\" frameborder=\"0\" allow=\"accelerometer; autoplay; encrypted-media; gyroscope; picture-in-picture\" allowfullscreen><\/iframe>"],"_oembed_time_1a46bb8163bbd48bc8d856a5b2a35322":["1560356587"],"_oembed_6609adf9b8eec63cff13325e004eb9cc":["<iframe title=\"Showreel 2019 - Explainer AB\" width=\"1778\" height=\"1000\" src=\"https:\/\/www.youtube.com\/embed\/6I4NNKIKo9Q?feature=oembed\" frameborder=\"0\" allow=\"accelerometer; autoplay; encrypted-media; gyroscope; picture-in-picture\" allowfullscreen><\/iframe>"],"_oembed_time_6609adf9b8eec63cff13325e004eb9cc":["1560781706"],"_oembed_a70050591c9cb545fcb5551300322c97":["<blockquote class=\"wp-embedded-content\" data-secret=\"V6jz7gyiFB\"><a href=\"http:\/\/axholmen.se\/om-oss\/medarbetare\/\">Medarbetare<\/a><\/blockquote><iframe title=\"&#8221;Medarbetare&#8221; &#8212; Axholmen\" class=\"wp-embedded-content\" sandbox=\"allow-scripts\" security=\"restricted\" style=\"position: absolute; clip: rect(1px, 1px, 1px, 1px);\" src=\"http:\/\/axholmen.se\/om-oss\/medarbetare\/embed\/#?secret=V6jz7gyiFB\" data-secret=\"V6jz7gyiFB\" width=\"600\" height=\"338\" frameborder=\"0\" marginwidth=\"0\" marginheight=\"0\" scrolling=\"no\"><\/iframe>"],"_oembed_time_a70050591c9cb545fcb5551300322c97":["1561462181"],"_dp_original":["1505"],"_edit_lock":["1669887407:50"],"_edit_last":["50"],"_yoast_wpseo_estimated-reading-time-minutes":["1"],"_yoast_wpseo_focuskw":["prisoptimering"],"_yoast_wpseo_linkdex":["37"],"_yoast_wpseo_wordproof_timestamp":[""]},"_links":{"self":[{"href":"https:\/\/axholmen.com\/sv\/wp-json\/wp\/v2\/pages\/1543","targetHints":{"allow":["GET"]}}],"collection":[{"href":"https:\/\/axholmen.com\/sv\/wp-json\/wp\/v2\/pages"}],"about":[{"href":"https:\/\/axholmen.com\/sv\/wp-json\/wp\/v2\/types\/page"}],"author":[{"embeddable":true,"href":"https:\/\/axholmen.com\/sv\/wp-json\/wp\/v2\/users\/6"}],"replies":[{"embeddable":true,"href":"https:\/\/axholmen.com\/sv\/wp-json\/wp\/v2\/comments?post=1543"}],"version-history":[{"count":0,"href":"https:\/\/axholmen.com\/sv\/wp-json\/wp\/v2\/pages\/1543\/revisions"}],"wp:attachment":[{"href":"https:\/\/axholmen.com\/sv\/wp-json\/wp\/v2\/media?parent=1543"}],"curies":[{"name":"wp","href":"https:\/\/api.w.org\/{rel}","templated":true}]}}