{"id":1748,"date":"2019-12-19T09:04:19","date_gmt":"2019-12-19T08:04:19","guid":{"rendered":"http:\/\/axholmen.se\/?page_id=1748"},"modified":"2022-12-01T10:34:13","modified_gmt":"2022-12-01T09:34:13","slug":"god-jul","status":"publish","type":"page","link":"https:\/\/axholmen.com\/sv\/god-jul\/","title":{"rendered":"God Jul \u00f6nskar Axholmen"},"content":{"rendered":"","protected":false},"excerpt":{"rendered":"<p>N\u00e4r vi nu n\u00e4rmar oss slutet p\u00e5 \u00e5ret vill vi skicka en uppmaning till stilla reflektion under julledigheten. Vi hoppas att v\u00e5ra fem f\u00f6rslag till reflektions\u00e4mnen kan hj\u00e4lpa dig att g\u00f6ra ett \u201dbokslut\u201d \u00f6ver 2019 och f\u00f6rbereda dig inf\u00f6r nya, friska tag i januari.<\/p>\n","protected":false},"author":27,"featured_media":1746,"parent":0,"menu_order":0,"comment_status":"closed","ping_status":"closed","template":"page-hero.php","meta":{"_acf_changed":false,"footnotes":""},"class_list":["post-1748","page","type-page","status-publish","has-post-thumbnail","hentry"],"acf":[],"yoast_head":"<!-- This site is optimized with the Yoast SEO plugin v27.5 - https:\/\/yoast.com\/product\/yoast-seo-wordpress\/ -->\n<title>God Jul \u00f6nskar Axholmen<\/title>\n<meta name=\"description\" content=\"Vi hoppas att v\u00e5ra fem f\u00f6rslag till reflektions\u00e4mnen kan hj\u00e4lpa dig att g\u00f6ra ett \u201dbokslut\u201d \u00f6ver 2019 och f\u00f6rbereda dig inf\u00f6r nya, friska tag i januari.\" \/>\n<meta name=\"robots\" content=\"index, follow, max-snippet:-1, max-image-preview:large, max-video-preview:-1\" \/>\n<link rel=\"canonical\" href=\"https:\/\/axholmen.com\/sv\/god-jul\/\" \/>\n<meta property=\"og:locale\" content=\"sv_SE\" \/>\n<meta property=\"og:type\" content=\"article\" \/>\n<meta property=\"og:title\" content=\"God Jul \u00f6nskar Axholmen\" \/>\n<meta property=\"og:description\" content=\"Vi hoppas att v\u00e5ra fem f\u00f6rslag till reflektions\u00e4mnen kan hj\u00e4lpa dig att g\u00f6ra ett \u201dbokslut\u201d \u00f6ver 2019 och f\u00f6rbereda dig inf\u00f6r nya, friska tag i januari.\" \/>\n<meta property=\"og:url\" content=\"https:\/\/axholmen.com\/sv\/god-jul\/\" \/>\n<meta property=\"og:site_name\" content=\"Axholmen\" \/>\n<meta property=\"article:modified_time\" content=\"2022-12-01T09:34:13+00:00\" \/>\n<meta property=\"og:image\" content=\"https:\/\/axholmen.com\/wp-content\/uploads\/2019\/12\/axholmens-jul-2019_bild.png\" \/>\n\t<meta property=\"og:image:width\" content=\"1200\" \/>\n\t<meta property=\"og:image:height\" content=\"670\" \/>\n\t<meta property=\"og:image:type\" content=\"image\/png\" \/>\n<meta name=\"twitter:card\" content=\"summary_large_image\" \/>\n<script type=\"application\/ld+json\" class=\"yoast-schema-graph\">{\"@context\":\"https:\\\/\\\/schema.org\",\"@graph\":[{\"@type\":\"WebPage\",\"@id\":\"https:\\\/\\\/axholmen.com\\\/sv\\\/god-jul\\\/\",\"url\":\"https:\\\/\\\/axholmen.com\\\/sv\\\/god-jul\\\/\",\"name\":\"God Jul \u00f6nskar Axholmen\",\"isPartOf\":{\"@id\":\"https:\\\/\\\/axholmen.com\\\/#website\"},\"primaryImageOfPage\":{\"@id\":\"https:\\\/\\\/axholmen.com\\\/sv\\\/god-jul\\\/#primaryimage\"},\"image\":{\"@id\":\"https:\\\/\\\/axholmen.com\\\/sv\\\/god-jul\\\/#primaryimage\"},\"thumbnailUrl\":\"https:\\\/\\\/axholmen.com\\\/wp-content\\\/uploads\\\/2019\\\/12\\\/axholmens-jul-2019_bild.png\",\"datePublished\":\"2019-12-19T08:04:19+00:00\",\"dateModified\":\"2022-12-01T09:34:13+00:00\",\"description\":\"Vi hoppas att v\u00e5ra fem f\u00f6rslag till reflektions\u00e4mnen kan hj\u00e4lpa dig att g\u00f6ra ett \u201dbokslut\u201d \u00f6ver 2019 och f\u00f6rbereda dig inf\u00f6r nya, friska tag i januari.\",\"breadcrumb\":{\"@id\":\"https:\\\/\\\/axholmen.com\\\/sv\\\/god-jul\\\/#breadcrumb\"},\"inLanguage\":\"sv-SE\",\"potentialAction\":[{\"@type\":\"ReadAction\",\"target\":[\"https:\\\/\\\/axholmen.com\\\/sv\\\/god-jul\\\/\"]}]},{\"@type\":\"ImageObject\",\"inLanguage\":\"sv-SE\",\"@id\":\"https:\\\/\\\/axholmen.com\\\/sv\\\/god-jul\\\/#primaryimage\",\"url\":\"https:\\\/\\\/axholmen.com\\\/wp-content\\\/uploads\\\/2019\\\/12\\\/axholmens-jul-2019_bild.png\",\"contentUrl\":\"https:\\\/\\\/axholmen.com\\\/wp-content\\\/uploads\\\/2019\\\/12\\\/axholmens-jul-2019_bild.png\",\"width\":1200,\"height\":670},{\"@type\":\"BreadcrumbList\",\"@id\":\"https:\\\/\\\/axholmen.com\\\/sv\\\/god-jul\\\/#breadcrumb\",\"itemListElement\":[{\"@type\":\"ListItem\",\"position\":1,\"name\":\"Axholmen\",\"item\":\"https:\\\/\\\/axholmen.com\\\/sv\\\/\"},{\"@type\":\"ListItem\",\"position\":2,\"name\":\"God Jul \u00f6nskar Axholmen\"}]},{\"@type\":\"WebSite\",\"@id\":\"https:\\\/\\\/axholmen.com\\\/#website\",\"url\":\"https:\\\/\\\/axholmen.com\\\/\",\"name\":\"Axholmen\",\"description\":\"\",\"potentialAction\":[{\"@type\":\"SearchAction\",\"target\":{\"@type\":\"EntryPoint\",\"urlTemplate\":\"https:\\\/\\\/axholmen.com\\\/?s={search_term_string}\"},\"query-input\":{\"@type\":\"PropertyValueSpecification\",\"valueRequired\":true,\"valueName\":\"search_term_string\"}}],\"inLanguage\":\"sv-SE\"}]}<\/script>\n<!-- \/ Yoast SEO plugin. -->","yoast_head_json":{"title":"God Jul \u00f6nskar Axholmen","description":"Vi hoppas att v\u00e5ra fem f\u00f6rslag till reflektions\u00e4mnen kan hj\u00e4lpa dig att g\u00f6ra ett \u201dbokslut\u201d \u00f6ver 2019 och f\u00f6rbereda dig inf\u00f6r nya, friska tag i januari.","robots":{"index":"index","follow":"follow","max-snippet":"max-snippet:-1","max-image-preview":"max-image-preview:large","max-video-preview":"max-video-preview:-1"},"canonical":"https:\/\/axholmen.com\/sv\/god-jul\/","og_locale":"sv_SE","og_type":"article","og_title":"God Jul \u00f6nskar Axholmen","og_description":"Vi hoppas att v\u00e5ra fem f\u00f6rslag till reflektions\u00e4mnen kan hj\u00e4lpa dig att g\u00f6ra ett \u201dbokslut\u201d \u00f6ver 2019 och f\u00f6rbereda dig inf\u00f6r nya, friska tag i januari.","og_url":"https:\/\/axholmen.com\/sv\/god-jul\/","og_site_name":"Axholmen","article_modified_time":"2022-12-01T09:34:13+00:00","og_image":[{"width":1200,"height":670,"url":"https:\/\/axholmen.com\/wp-content\/uploads\/2019\/12\/axholmens-jul-2019_bild.png","type":"image\/png"}],"twitter_card":"summary_large_image","schema":{"@context":"https:\/\/schema.org","@graph":[{"@type":"WebPage","@id":"https:\/\/axholmen.com\/sv\/god-jul\/","url":"https:\/\/axholmen.com\/sv\/god-jul\/","name":"God Jul \u00f6nskar Axholmen","isPartOf":{"@id":"https:\/\/axholmen.com\/#website"},"primaryImageOfPage":{"@id":"https:\/\/axholmen.com\/sv\/god-jul\/#primaryimage"},"image":{"@id":"https:\/\/axholmen.com\/sv\/god-jul\/#primaryimage"},"thumbnailUrl":"https:\/\/axholmen.com\/wp-content\/uploads\/2019\/12\/axholmens-jul-2019_bild.png","datePublished":"2019-12-19T08:04:19+00:00","dateModified":"2022-12-01T09:34:13+00:00","description":"Vi hoppas att v\u00e5ra fem f\u00f6rslag till reflektions\u00e4mnen kan hj\u00e4lpa dig att g\u00f6ra ett \u201dbokslut\u201d \u00f6ver 2019 och f\u00f6rbereda dig inf\u00f6r nya, friska tag i januari.","breadcrumb":{"@id":"https:\/\/axholmen.com\/sv\/god-jul\/#breadcrumb"},"inLanguage":"sv-SE","potentialAction":[{"@type":"ReadAction","target":["https:\/\/axholmen.com\/sv\/god-jul\/"]}]},{"@type":"ImageObject","inLanguage":"sv-SE","@id":"https:\/\/axholmen.com\/sv\/god-jul\/#primaryimage","url":"https:\/\/axholmen.com\/wp-content\/uploads\/2019\/12\/axholmens-jul-2019_bild.png","contentUrl":"https:\/\/axholmen.com\/wp-content\/uploads\/2019\/12\/axholmens-jul-2019_bild.png","width":1200,"height":670},{"@type":"BreadcrumbList","@id":"https:\/\/axholmen.com\/sv\/god-jul\/#breadcrumb","itemListElement":[{"@type":"ListItem","position":1,"name":"Axholmen","item":"https:\/\/axholmen.com\/sv\/"},{"@type":"ListItem","position":2,"name":"God Jul \u00f6nskar Axholmen"}]},{"@type":"WebSite","@id":"https:\/\/axholmen.com\/#website","url":"https:\/\/axholmen.com\/","name":"Axholmen","description":"","potentialAction":[{"@type":"SearchAction","target":{"@type":"EntryPoint","urlTemplate":"https:\/\/axholmen.com\/?s={search_term_string}"},"query-input":{"@type":"PropertyValueSpecification","valueRequired":true,"valueName":"search_term_string"}}],"inLanguage":"sv-SE"}]}},"custom_fields":{"_wpml_media_featured":["1","1","1","1","1","1","1","1","1"],"_wpml_media_duplicate":["1","1","1","1","1","1","1","1","1"],"_wp_page_template":["page-hero.php"],"modules-below-content":["a:9:{i:0;s:43:\"group_page_modules_below-content_share-page\";i:1;s:43:\"group_page_modules_below-content_text-block\";i:2;s:43:\"group_page_modules_below-content_text-block\";i:3;s:43:\"group_page_modules_below-content_text-block\";i:4;s:45:\"group_page_modules_below-content_contact-form\";i:5;s:42:\"group_page_modules_below-content_post-list\";i:6;s:43:\"group_page_modules_below-content_text-block\";i:7;s:43:\"group_page_modules_below-content_usp-slider\";i:8;s:43:\"group_page_modules_below-content_text-block\";}"],"_modules-below-content":["group_page_modules_below-content_modules"],"subtitle-title":["Fem reflektioner under julledigheten"],"_subtitle-title":["group_page_subtitle-title"],"google-map-title":[""],"_google-map-title":["group_page_google-map-title"],"google-map-description":[""],"_google-map-description":["group_page_google-map-description"],"google-map-info-window":[""],"_google-map-info-window":["group_page_google-map-info-window"],"google-map":[""],"_google-map":["group_page_google-map"],"_thumbnail_id":["1746"],"_yoast_wpseo_metadesc":["Vi hoppas att v\u00e5ra fem f\u00f6rslag till reflektions\u00e4mnen kan hj\u00e4lpa dig att g\u00f6ra ett \u201dbokslut\u201d \u00f6ver 2019 och f\u00f6rbereda dig inf\u00f6r nya, friska tag i januari."],"_yoast_wpseo_title":["%%title%% %%page%%"],"modules-below-content_0_template":["share-page\/default"],"_modules-below-content_0_template":["group_page_modules_below-content_share-page-template"],"modules-below-content_0_share_page_title":[""],"_modules-below-content_0_share_page_title":["group_page_modules_below-content_share-page_share_page_title"],"modules-below-content_0_share_page_description":[""],"_modules-below-content_0_share_page_description":["group_page_modules_below-content_share-page_share_page_description"],"modules-below-content_0_share_page_url":[""],"_modules-below-content_0_share_page_url":["group_page_modules_below-content_share-page_share_page_url"],"modules-below-content_0_share_page_services":["a:4:{i:0;s:8:\"Facebook\";i:1;s:7:\"Twitter\";i:2;s:8:\"LinkedIn\";i:3;s:5:\"Email\";}"],"_modules-below-content_0_share_page_services":["group_page_modules_below-content_share-page_share_page_services"],"modules-below-content_3_template":["text-block\/image-background"],"_modules-below-content_3_template":["group_page_modules_below-content_text-block-template"],"modules-below-content_3_text-block-title":[""],"_modules-below-content_3_text-block-title":["group_page_modules_below-content_text-block_text-block-title"],"modules-below-content_3_text-block-image":["1415"],"_modules-below-content_3_text-block-image":["group_page_modules_below-content_text-block_text-block-image"],"modules-below-content_3_text-block-image-overlay":["1"],"_modules-below-content_3_text-block-image-overlay":["group_page_modules_below-content_text-block_text-block-image-overlay"],"modules-below-content_3_text-block-description":[""],"_modules-below-content_3_text-block-description":["group_page_modules_below-content_text-block_text-block-description"],"modules-below-content_3_text-block-buttons":[""],"_modules-below-content_3_text-block-buttons":["group_page_modules_below-content_text-block_text-block-buttons"],"modules-below-content_2_template":["text-block\/default"],"_modules-below-content_2_template":["group_page_modules_below-content_text-block-template"],"modules-below-content_2_text-block-title":[""],"_modules-below-content_2_text-block-title":["group_page_modules_below-content_text-block_text-block-title"],"modules-below-content_2_text-block-image":[""],"_modules-below-content_2_text-block-image":["group_page_modules_below-content_text-block_text-block-image"],"modules-below-content_2_text-block-image-overlay":["0"],"_modules-below-content_2_text-block-image-overlay":["group_page_modules_below-content_text-block_text-block-image-overlay"],"modules-below-content_2_text-block-description":["<a href=\"http:\/\/axholmen.se\/wp-content\/uploads\/2019\/12\/axholmens-5-jul-2019_ny.png\"><img class=\"alignnone size-full wp-image-1744\" src=\"https:\/\/axholmen.se\/wp-content\/uploads\/2019\/12\/axholmens-5-jul-2019_ny.png\" alt=\"\" width=\"1200\" height=\"670\" \/><\/a>\r\n\r\nAxholmen ser tillbaka p\u00e5 ytterligare ett h\u00e4ndelserikt \u00e5r pr\u00e4glat av sp\u00e4nnande uppdrag hos nya och befintliga kunder samt flera nya, h\u00e4rliga kollegor.\r\n\r\nN\u00e4r vi nu n\u00e4rmar oss slutet p\u00e5 \u00e5ret vill vi skicka en uppmaning till stilla reflektion under julledigheten. Vi hoppas att v\u00e5ra fem f\u00f6rslag till reflektions\u00e4mnen kan hj\u00e4lpa dig att g\u00f6ra ett \u201dbokslut\u201d \u00f6ver 2019 och f\u00f6rbereda dig inf\u00f6r nya, friska tag i januari.\r\n\r\nInf\u00f6r n\u00e4sta \u00e5r kan det vara extra viktigt med en dos reflektion, d\u00e5 4 av 10 VD:ar p\u00e5 svenska f\u00f6retag tror att vi st\u00e5r inf\u00f6r en l\u00e5gkonjunktur redan under 2020. Mer om detta och andra utmaningar och fokusomr\u00e5den f\u00f6r svenska f\u00f6retag kommer du kunna l\u00e4sa om i v\u00e5r VD-studie som publiceras i mitten p\u00e5 januari.\r\n\r\nVi tackar alla som vi har haft f\u00f6rm\u00e5nen att samarbeta med under \u00e5ret genom att sk\u00e4nka en julg\u00e5va till UNHCR.\r\n\r\nGod Jul och Gott Nytt \u00c5r!"],"_modules-below-content_2_text-block-description":["group_page_modules_below-content_text-block_text-block-description"],"modules-below-content_2_text-block-buttons":[""],"_modules-below-content_2_text-block-buttons":["group_page_modules_below-content_text-block_text-block-buttons"],"modules-below-content_1_template":["text-block\/image-background"],"_modules-below-content_1_template":["group_page_modules_below-content_text-block-template"],"modules-below-content_1_text-block-title":[""],"_modules-below-content_1_text-block-title":["group_page_modules_below-content_text-block_text-block-title"],"modules-below-content_1_text-block-image":["1415"],"_modules-below-content_1_text-block-image":["group_page_modules_below-content_text-block_text-block-image"],"modules-below-content_1_text-block-image-overlay":["1"],"_modules-below-content_1_text-block-image-overlay":["group_page_modules_below-content_text-block_text-block-image-overlay"],"modules-below-content_1_text-block-description":[""],"_modules-below-content_1_text-block-description":["group_page_modules_below-content_text-block_text-block-description"],"modules-below-content_1_text-block-buttons":[""],"_modules-below-content_1_text-block-buttons":["group_page_modules_below-content_text-block_text-block-buttons"],"_yoast_wpseo_focuskw":["Fem reflektioner under julledigheten"],"_yoast_wpseo_linkdex":["33"],"_dp_original":["1667"],"_edit_lock":["1702649774:49"],"_edit_last":["50"],"modules-below-content_4_template":["contact-form\/default"],"_modules-below-content_4_template":["group_page_modules_below-content_contact-form-template"],"modules-below-content_4_contact-form-title":["Tveka inte att h\u00f6ra av dig om du \u00f6nskar ett bollplank eller externt perspektiv p\u00e5 dina reflektioner."],"_modules-below-content_4_contact-form-title":["group_page_modules_below-content_contact-form_contact-form-title"],"modules-below-content_4_contact-form-image":["633"],"_modules-below-content_4_contact-form-image":["group_page_modules_below-content_contact-form_contact-form-image"],"modules-below-content_4_contact-form-description":[""],"_modules-below-content_4_contact-form-description":["group_page_modules_below-content_contact-form_contact-form-description"],"modules-below-content_4_contact-form-id":["433"],"_modules-below-content_4_contact-form-id":["group_page_modules_below-content_contact-form_contact-form-id"],"modules-below-content_5_template":["post-list\/default"],"_modules-below-content_5_template":["group_page_modules_below-content_post-list-template"],"modules-below-content_5_post-list-title":["Ta del av v\u00e5ra Whitepapers"],"_modules-below-content_5_post-list-title":["group_page_modules_below-content_post-list_post-list-title"],"modules-below-content_5_post-list-description":[""],"_modules-below-content_5_post-list-description":["group_page_modules_below-content_post-list_post-list-description"],"modules-below-content_5_post-list-posts":["a:16:{i:0;s:4:\"1651\";i:1;s:4:\"1632\";i:2;s:3:\"834\";i:3;s:3:\"256\";i:4;s:3:\"819\";i:5;s:3:\"691\";i:6;s:3:\"851\";i:7;s:3:\"647\";i:8;s:3:\"746\";i:9;s:3:\"711\";i:10;s:3:\"639\";i:11;s:4:\"1502\";i:12;s:3:\"642\";i:13;s:3:\"838\";i:14;s:3:\"745\";i:15;s:3:\"754\";}"],"_modules-below-content_5_post-list-posts":["group_page_modules_below-content_post-list_post-list-posts"],"modules-below-content_6_template":["text-block\/image-background"],"_modules-below-content_6_template":["group_page_modules_below-content_text-block-template"],"modules-below-content_6_text-block-title":["L\u00e4s mer om hur vi kan hj\u00e4lpa ert f\u00f6retag"],"_modules-below-content_6_text-block-title":["group_page_modules_below-content_text-block_text-block-title"],"modules-below-content_6_text-block-image":["769"],"_modules-below-content_6_text-block-image":["group_page_modules_below-content_text-block_text-block-image"],"modules-below-content_6_text-block-image-overlay":["0"],"_modules-below-content_6_text-block-image-overlay":["group_page_modules_below-content_text-block_text-block-image-overlay"],"modules-below-content_6_text-block-description":[""],"_modules-below-content_6_text-block-description":["group_page_modules_below-content_text-block_text-block-description"],"modules-below-content_6_text-block-buttons_0_button-link":["a:3:{s:5:\"title\";s:23:\"Optimera dina int\u00e4kter\";s:3:\"url\";s:52:\"https:\/\/axholmen.se\/tjanster\/kommersiell-optimering\/\";s:6:\"target\";s:6:\"_blank\";}"],"_modules-below-content_6_text-block-buttons_0_button-link":["group_page_modules_below-content_text-block_text-block-buttons_button-link"],"modules-below-content_6_text-block-buttons_0_button-color":["primary"],"_modules-below-content_6_text-block-buttons_0_button-color":["group_page_modules_below-content_text-block_text-block-buttons_button-color"],"modules-below-content_6_text-block-buttons_0_button-ghost":["0"],"_modules-below-content_6_text-block-buttons_0_button-ghost":["group_page_modules_below-content_text-block_text-block-buttons_button-ghost"],"modules-below-content_6_text-block-buttons_0_button-icon":[""],"_modules-below-content_6_text-block-buttons_0_button-icon":["group_page_modules_below-content_text-block_text-block-buttons_button-icon"],"modules-below-content_6_text-block-buttons_1_button-link":["a:3:{s:5:\"title\";s:39:\"Utforma din organisation f\u00f6r framtiden\";s:3:\"url\";s:52:\"https:\/\/axholmen.se\/tjanster\/strukturell-forandring\/\";s:6:\"target\";s:6:\"_blank\";}"],"_modules-below-content_6_text-block-buttons_1_button-link":["group_page_modules_below-content_text-block_text-block-buttons_button-link"],"modules-below-content_6_text-block-buttons_1_button-color":["primary"],"_modules-below-content_6_text-block-buttons_1_button-color":["group_page_modules_below-content_text-block_text-block-buttons_button-color"],"modules-below-content_6_text-block-buttons_1_button-ghost":["0"],"_modules-below-content_6_text-block-buttons_1_button-ghost":["group_page_modules_below-content_text-block_text-block-buttons_button-ghost"],"modules-below-content_6_text-block-buttons_1_button-icon":[""],"_modules-below-content_6_text-block-buttons_1_button-icon":["group_page_modules_below-content_text-block_text-block-buttons_button-icon"],"modules-below-content_6_text-block-buttons_2_button-link":["a:3:{s:5:\"title\";s:29:\"Skapa best\u00e5ende effektivitet\";s:3:\"url\";s:54:\"https:\/\/axholmen.se\/tjanster\/effektivitetsforbattring\/\";s:6:\"target\";s:6:\"_blank\";}"],"_modules-below-content_6_text-block-buttons_2_button-link":["group_page_modules_below-content_text-block_text-block-buttons_button-link"],"modules-below-content_6_text-block-buttons_2_button-color":["primary"],"_modules-below-content_6_text-block-buttons_2_button-color":["group_page_modules_below-content_text-block_text-block-buttons_button-color"],"modules-below-content_6_text-block-buttons_2_button-ghost":["0"],"_modules-below-content_6_text-block-buttons_2_button-ghost":["group_page_modules_below-content_text-block_text-block-buttons_button-ghost"],"modules-below-content_6_text-block-buttons_2_button-icon":[""],"_modules-below-content_6_text-block-buttons_2_button-icon":["group_page_modules_below-content_text-block_text-block-buttons_button-icon"],"modules-below-content_6_text-block-buttons":["3"],"_modules-below-content_6_text-block-buttons":["group_page_modules_below-content_text-block_text-block-buttons"],"modules-below-content_7_template":["usp-slider\/default"],"_modules-below-content_7_template":["group_page_modules_below-content_usp-slider-template"],"modules-below-content_7_usp-slider-title":["Om Axholmen"],"_modules-below-content_7_usp-slider-title":["group_page_modules_below-content_usp-slider_usp-slider-title"],"modules-below-content_7_usp-slider-numbers":["0"],"_modules-below-content_7_usp-slider-numbers":["group_page_modules_below-content_usp-slider_usp-slider-numbers"],"modules-below-content_7_usp-slides_0_usp-title":["Axholmen i korthet"],"_modules-below-content_7_usp-slides_0_usp-title":["group_page_modules_below-content_usp-slider_usp-slides_usp-title"],"modules-below-content_7_usp-slides_0_usp-description":["Managementkonsultfirma som grundades 2007 i syfte att erbjuda ett personligt och modernt svenskt alternativ till de amerikanska strategihusen, fokus \u00e4r p\u00e5 l\u00f6nsamhetsf\u00f6rb\u00e4ttringar som levereras i t\u00e4tt samarbete med klienten med pragmatism som ledord"],"_modules-below-content_7_usp-slides_0_usp-description":["group_page_modules_below-content_usp-slider_usp-slides_usp-description"],"modules-below-content_7_usp-slides_1_usp-title":["Hur vi g\u00f6r?"],"_modules-below-content_7_usp-slides_1_usp-title":["group_page_modules_below-content_usp-slider_usp-slides_usp-title"],"modules-below-content_7_usp-slides_1_usp-description":["Vi har lyckats bygga en stor kundbas bland ledande svenska och skandinaviska f\u00f6retag samt attrahera och beh\u00e5lla topptalanger. Vi har \u00e5stadkommit detta genom att leverera konkreta resultat i strategiska projekt kombinerat med ett s\u00e4tt att arbeta i mindre, mer seniora team, tillsammans med v\u00e5r kund. V\u00e5ra kunder beskriver oss som b\u00e5de strategiska och konkreta genom att belysa v\u00e5r f\u00f6rm\u00e5ga att hj\u00e4lpa dem att hitta relevanta l\u00f6sningar samt vara med dem hela v\u00e4gen tills att f\u00f6r\u00e4ndringen genomf\u00f6rts och resultat uppn\u00e5s"],"_modules-below-content_7_usp-slides_1_usp-description":["group_page_modules_below-content_usp-slider_usp-slides_usp-description"],"modules-below-content_7_usp-slides_2_usp-title":["Vilka vi \u00e4r?"],"_modules-below-content_7_usp-slides_2_usp-title":["group_page_modules_below-content_usp-slider_usp-slides_usp-title"],"modules-below-content_7_usp-slides_2_usp-description":["Axholmen har ett starkt team av erfarna managementkonsulter som alla delar tanken att moderna konsulttj\u00e4nster \u00e4r motiverade av de faktiska resultaten och det ekonomiska v\u00e4rdet som skapats. Vi \u00e4r villiga att dela den kommersiella risken och knyta en stor del av v\u00e5rat arvode till att de \u00f6verenskomna resultaten uppn\u00e5s"],"_modules-below-content_7_usp-slides_2_usp-description":["group_page_modules_below-content_usp-slider_usp-slides_usp-description"],"modules-below-content_7_usp-slides":["3"],"_modules-below-content_7_usp-slides":["group_page_modules_below-content_usp-slider_usp-slides"],"modules-below-content_8_template":["text-block\/default"],"_modules-below-content_8_template":["group_page_modules_below-content_text-block-template"],"modules-below-content_8_text-block-title":[""],"_modules-below-content_8_text-block-title":["group_page_modules_below-content_text-block_text-block-title"],"modules-below-content_8_text-block-image":[""],"_modules-below-content_8_text-block-image":["group_page_modules_below-content_text-block_text-block-image"],"modules-below-content_8_text-block-image-overlay":["0"],"_modules-below-content_8_text-block-image-overlay":["group_page_modules_below-content_text-block_text-block-image-overlay"],"modules-below-content_8_text-block-description":[""],"_modules-below-content_8_text-block-description":["group_page_modules_below-content_text-block_text-block-description"],"modules-below-content_8_text-block-buttons_0_button-link":["a:3:{s:5:\"title\";s:36:\"Ta del av flera av v\u00e5ra whitepapers\";s:3:\"url\";s:32:\"https:\/\/axholmen.se\/inspiration\/\";s:6:\"target\";s:6:\"_blank\";}"],"_modules-below-content_8_text-block-buttons_0_button-link":["group_page_modules_below-content_text-block_text-block-buttons_button-link"],"modules-below-content_8_text-block-buttons_0_button-color":["primary"],"_modules-below-content_8_text-block-buttons_0_button-color":["group_page_modules_below-content_text-block_text-block-buttons_button-color"],"modules-below-content_8_text-block-buttons_0_button-ghost":["1"],"_modules-below-content_8_text-block-buttons_0_button-ghost":["group_page_modules_below-content_text-block_text-block-buttons_button-ghost"],"modules-below-content_8_text-block-buttons_0_button-icon":[""],"_modules-below-content_8_text-block-buttons_0_button-icon":["group_page_modules_below-content_text-block_text-block-buttons_button-icon"],"modules-below-content_8_text-block-buttons":["1"],"_modules-below-content_8_text-block-buttons":["group_page_modules_below-content_text-block_text-block-buttons"],"_yoast_wpseo_estimated-reading-time-minutes":["0"],"_yoast_wpseo_wordproof_timestamp":[""]},"_links":{"self":[{"href":"https:\/\/axholmen.com\/sv\/wp-json\/wp\/v2\/pages\/1748","targetHints":{"allow":["GET"]}}],"collection":[{"href":"https:\/\/axholmen.com\/sv\/wp-json\/wp\/v2\/pages"}],"about":[{"href":"https:\/\/axholmen.com\/sv\/wp-json\/wp\/v2\/types\/page"}],"author":[{"embeddable":true,"href":"https:\/\/axholmen.com\/sv\/wp-json\/wp\/v2\/users\/27"}],"replies":[{"embeddable":true,"href":"https:\/\/axholmen.com\/sv\/wp-json\/wp\/v2\/comments?post=1748"}],"version-history":[{"count":0,"href":"https:\/\/axholmen.com\/sv\/wp-json\/wp\/v2\/pages\/1748\/revisions"}],"wp:featuredmedia":[{"embeddable":true,"href":"https:\/\/axholmen.com\/sv\/wp-json\/wp\/v2\/media\/1746"}],"wp:attachment":[{"href":"https:\/\/axholmen.com\/sv\/wp-json\/wp\/v2\/media?parent=1748"}],"curies":[{"name":"wp","href":"https:\/\/api.w.org\/{rel}","templated":true}]}}