{"id":1900,"date":"2020-01-15T13:25:18","date_gmt":"2020-01-15T12:25:18","guid":{"rendered":"http:\/\/axholmen.se\/?page_id=1900"},"modified":"2022-12-05T04:19:09","modified_gmt":"2022-12-05T03:19:09","slug":"prissattning","status":"publish","type":"page","link":"https:\/\/axholmen.com\/sv\/prissattning\/","title":{"rendered":"Priss\u00e4ttning"},"content":{"rendered":"","protected":false},"excerpt":{"rendered":"<p>Ofta upplevs prisjusteringar som n\u00e5got som riskerar att skapa kundflykt eller minskad nyf\u00f6rs\u00e4ljning och potentialen ute hos m\u00e5nga f\u00f6retag f\u00f6rblir d\u00e4rmed outnyttjad. Axholmens erfarenhet \u00e4r att korrekt priss\u00e4ttning kan skapa omedelbar effekt p\u00e5 l\u00f6nsamheten med begr\u00e4nsad aff\u00e4rsrisk.<\/p>\n","protected":false},"author":6,"featured_media":1898,"parent":0,"menu_order":0,"comment_status":"closed","ping_status":"closed","template":"page-hero.php","meta":{"_acf_changed":false,"footnotes":""},"class_list":["post-1900","page","type-page","status-publish","has-post-thumbnail","hentry"],"acf":[],"yoast_head":"<!-- This site is optimized with the Yoast SEO plugin v27.3 - https:\/\/yoast.com\/product\/yoast-seo-wordpress\/ -->\n<title>Priss\u00e4ttning - | Axholmen<\/title>\n<meta name=\"description\" content=\"Skapa omedelbar effekt med begr\u00e4nsad aff\u00e4rsrisk genom att se \u00f6ver din priss\u00e4ttning\" \/>\n<meta name=\"robots\" content=\"index, follow, max-snippet:-1, max-image-preview:large, max-video-preview:-1\" \/>\n<link rel=\"canonical\" href=\"https:\/\/axholmen.com\/sv\/prissattning\/\" \/>\n<meta property=\"og:locale\" content=\"sv_SE\" \/>\n<meta property=\"og:type\" content=\"article\" \/>\n<meta property=\"og:title\" content=\"Priss\u00e4ttning - | Axholmen\" \/>\n<meta property=\"og:description\" content=\"Skapa omedelbar effekt med begr\u00e4nsad aff\u00e4rsrisk genom att se \u00f6ver din priss\u00e4ttning\" \/>\n<meta property=\"og:url\" content=\"https:\/\/axholmen.com\/sv\/prissattning\/\" \/>\n<meta property=\"og:site_name\" content=\"Axholmen\" \/>\n<meta property=\"article:modified_time\" content=\"2022-12-05T03:19:09+00:00\" \/>\n<meta property=\"og:image\" content=\"https:\/\/axholmen.com\/wp-content\/uploads\/2020\/01\/fokus-vaxa-lov-tillvaxt-scaled.jpg\" \/>\n\t<meta property=\"og:image:width\" content=\"2560\" \/>\n\t<meta property=\"og:image:height\" content=\"1703\" \/>\n\t<meta property=\"og:image:type\" content=\"image\/jpeg\" \/>\n<meta name=\"twitter:card\" content=\"summary_large_image\" \/>\n<script type=\"application\/ld+json\" class=\"yoast-schema-graph\">{\"@context\":\"https:\\\/\\\/schema.org\",\"@graph\":[{\"@type\":\"WebPage\",\"@id\":\"https:\\\/\\\/axholmen.com\\\/sv\\\/prissattning\\\/\",\"url\":\"https:\\\/\\\/axholmen.com\\\/sv\\\/prissattning\\\/\",\"name\":\"Priss\u00e4ttning - | Axholmen\",\"isPartOf\":{\"@id\":\"https:\\\/\\\/axholmen.com\\\/#website\"},\"primaryImageOfPage\":{\"@id\":\"https:\\\/\\\/axholmen.com\\\/sv\\\/prissattning\\\/#primaryimage\"},\"image\":{\"@id\":\"https:\\\/\\\/axholmen.com\\\/sv\\\/prissattning\\\/#primaryimage\"},\"thumbnailUrl\":\"https:\\\/\\\/axholmen.com\\\/wp-content\\\/uploads\\\/2020\\\/01\\\/fokus-vaxa-lov-tillvaxt-scaled.jpg\",\"datePublished\":\"2020-01-15T12:25:18+00:00\",\"dateModified\":\"2022-12-05T03:19:09+00:00\",\"description\":\"Skapa omedelbar effekt med begr\u00e4nsad aff\u00e4rsrisk genom att se \u00f6ver din priss\u00e4ttning\",\"breadcrumb\":{\"@id\":\"https:\\\/\\\/axholmen.com\\\/sv\\\/prissattning\\\/#breadcrumb\"},\"inLanguage\":\"sv-SE\",\"potentialAction\":[{\"@type\":\"ReadAction\",\"target\":[\"https:\\\/\\\/axholmen.com\\\/sv\\\/prissattning\\\/\"]}]},{\"@type\":\"ImageObject\",\"inLanguage\":\"sv-SE\",\"@id\":\"https:\\\/\\\/axholmen.com\\\/sv\\\/prissattning\\\/#primaryimage\",\"url\":\"https:\\\/\\\/axholmen.com\\\/wp-content\\\/uploads\\\/2020\\\/01\\\/fokus-vaxa-lov-tillvaxt-scaled.jpg\",\"contentUrl\":\"https:\\\/\\\/axholmen.com\\\/wp-content\\\/uploads\\\/2020\\\/01\\\/fokus-vaxa-lov-tillvaxt-scaled.jpg\",\"width\":2560,\"height\":1703},{\"@type\":\"BreadcrumbList\",\"@id\":\"https:\\\/\\\/axholmen.com\\\/sv\\\/prissattning\\\/#breadcrumb\",\"itemListElement\":[{\"@type\":\"ListItem\",\"position\":1,\"name\":\"Axholmen\",\"item\":\"https:\\\/\\\/axholmen.com\\\/sv\\\/\"},{\"@type\":\"ListItem\",\"position\":2,\"name\":\"Priss\u00e4ttning\"}]},{\"@type\":\"WebSite\",\"@id\":\"https:\\\/\\\/axholmen.com\\\/#website\",\"url\":\"https:\\\/\\\/axholmen.com\\\/\",\"name\":\"Axholmen\",\"description\":\"\",\"potentialAction\":[{\"@type\":\"SearchAction\",\"target\":{\"@type\":\"EntryPoint\",\"urlTemplate\":\"https:\\\/\\\/axholmen.com\\\/?s={search_term_string}\"},\"query-input\":{\"@type\":\"PropertyValueSpecification\",\"valueRequired\":true,\"valueName\":\"search_term_string\"}}],\"inLanguage\":\"sv-SE\"}]}<\/script>\n<!-- \/ Yoast SEO plugin. -->","yoast_head_json":{"title":"Priss\u00e4ttning - | Axholmen","description":"Skapa omedelbar effekt med begr\u00e4nsad aff\u00e4rsrisk genom att se \u00f6ver din priss\u00e4ttning","robots":{"index":"index","follow":"follow","max-snippet":"max-snippet:-1","max-image-preview":"max-image-preview:large","max-video-preview":"max-video-preview:-1"},"canonical":"https:\/\/axholmen.com\/sv\/prissattning\/","og_locale":"sv_SE","og_type":"article","og_title":"Priss\u00e4ttning - | Axholmen","og_description":"Skapa omedelbar effekt med begr\u00e4nsad aff\u00e4rsrisk genom att se \u00f6ver din priss\u00e4ttning","og_url":"https:\/\/axholmen.com\/sv\/prissattning\/","og_site_name":"Axholmen","article_modified_time":"2022-12-05T03:19:09+00:00","og_image":[{"width":2560,"height":1703,"url":"https:\/\/axholmen.com\/wp-content\/uploads\/2020\/01\/fokus-vaxa-lov-tillvaxt-scaled.jpg","type":"image\/jpeg"}],"twitter_card":"summary_large_image","schema":{"@context":"https:\/\/schema.org","@graph":[{"@type":"WebPage","@id":"https:\/\/axholmen.com\/sv\/prissattning\/","url":"https:\/\/axholmen.com\/sv\/prissattning\/","name":"Priss\u00e4ttning - | Axholmen","isPartOf":{"@id":"https:\/\/axholmen.com\/#website"},"primaryImageOfPage":{"@id":"https:\/\/axholmen.com\/sv\/prissattning\/#primaryimage"},"image":{"@id":"https:\/\/axholmen.com\/sv\/prissattning\/#primaryimage"},"thumbnailUrl":"https:\/\/axholmen.com\/wp-content\/uploads\/2020\/01\/fokus-vaxa-lov-tillvaxt-scaled.jpg","datePublished":"2020-01-15T12:25:18+00:00","dateModified":"2022-12-05T03:19:09+00:00","description":"Skapa omedelbar effekt med begr\u00e4nsad aff\u00e4rsrisk genom att se \u00f6ver din priss\u00e4ttning","breadcrumb":{"@id":"https:\/\/axholmen.com\/sv\/prissattning\/#breadcrumb"},"inLanguage":"sv-SE","potentialAction":[{"@type":"ReadAction","target":["https:\/\/axholmen.com\/sv\/prissattning\/"]}]},{"@type":"ImageObject","inLanguage":"sv-SE","@id":"https:\/\/axholmen.com\/sv\/prissattning\/#primaryimage","url":"https:\/\/axholmen.com\/wp-content\/uploads\/2020\/01\/fokus-vaxa-lov-tillvaxt-scaled.jpg","contentUrl":"https:\/\/axholmen.com\/wp-content\/uploads\/2020\/01\/fokus-vaxa-lov-tillvaxt-scaled.jpg","width":2560,"height":1703},{"@type":"BreadcrumbList","@id":"https:\/\/axholmen.com\/sv\/prissattning\/#breadcrumb","itemListElement":[{"@type":"ListItem","position":1,"name":"Axholmen","item":"https:\/\/axholmen.com\/sv\/"},{"@type":"ListItem","position":2,"name":"Priss\u00e4ttning"}]},{"@type":"WebSite","@id":"https:\/\/axholmen.com\/#website","url":"https:\/\/axholmen.com\/","name":"Axholmen","description":"","potentialAction":[{"@type":"SearchAction","target":{"@type":"EntryPoint","urlTemplate":"https:\/\/axholmen.com\/?s={search_term_string}"},"query-input":{"@type":"PropertyValueSpecification","valueRequired":true,"valueName":"search_term_string"}}],"inLanguage":"sv-SE"}]}},"custom_fields":{"_wpml_media_featured":["1","1","1","1","1","1","1","1","1"],"_wpml_media_duplicate":["1","1","1","1","1","1","1","1","1"],"_wp_page_template":["page-hero.php"],"modules-below-content":["a:10:{i:0;s:43:\"group_page_modules_below-content_share-page\";i:1;s:43:\"group_page_modules_below-content_text-block\";i:2;s:43:\"group_page_modules_below-content_text-block\";i:3;s:43:\"group_page_modules_below-content_text-block\";i:4;s:43:\"group_page_modules_below-content_text-block\";i:5;s:45:\"group_page_modules_below-content_contact-form\";i:6;s:42:\"group_page_modules_below-content_post-list\";i:7;s:43:\"group_page_modules_below-content_text-block\";i:8;s:43:\"group_page_modules_below-content_usp-slider\";i:9;s:43:\"group_page_modules_below-content_text-block\";}"],"_modules-below-content":["group_page_modules_below-content_modules"],"subtitle-title":["Omedelbar effekt med begr\u00e4nsad aff\u00e4rsrisk"],"_subtitle-title":["group_page_subtitle-title"],"google-map-title":[""],"_google-map-title":["group_page_google-map-title"],"google-map-description":[""],"_google-map-description":["group_page_google-map-description"],"google-map-info-window":[""],"_google-map-info-window":["group_page_google-map-info-window"],"google-map":[""],"_google-map":["group_page_google-map"],"_thumbnail_id":["1898"],"_yoast_wpseo_metadesc":["Skapa omedelbar effekt med begr\u00e4nsad aff\u00e4rsrisk genom att se \u00f6ver din priss\u00e4ttning"],"_yoast_wpseo_title":["%%title%% - %%page%% | %%sitename%%"],"modules-below-content_0_template":["share-page\/default"],"_modules-below-content_0_template":["group_page_modules_below-content_share-page-template"],"modules-below-content_0_share_page_title":[""],"_modules-below-content_0_share_page_title":["group_page_modules_below-content_share-page_share_page_title"],"modules-below-content_0_share_page_description":["Skrivet av: Milosz Tersmeden, Anna Nordberg &amp; Andreas Ekblom"],"_modules-below-content_0_share_page_description":["group_page_modules_below-content_share-page_share_page_description"],"modules-below-content_0_share_page_url":[""],"_modules-below-content_0_share_page_url":["group_page_modules_below-content_share-page_share_page_url"],"modules-below-content_0_share_page_services":["a:4:{i:0;s:8:\"Facebook\";i:1;s:7:\"Twitter\";i:2;s:8:\"LinkedIn\";i:3;s:5:\"Email\";}"],"_modules-below-content_0_share_page_services":["group_page_modules_below-content_share-page_share_page_services"],"modules-below-content_3_template":["text-block\/image-background"],"_modules-below-content_3_template":["group_page_modules_below-content_text-block-template"],"modules-below-content_3_text-block-title":[""],"_modules-below-content_3_text-block-title":["group_page_modules_below-content_text-block_text-block-title"],"modules-below-content_3_text-block-image":["1415"],"_modules-below-content_3_text-block-image":["group_page_modules_below-content_text-block_text-block-image"],"modules-below-content_3_text-block-image-overlay":["1"],"_modules-below-content_3_text-block-image-overlay":["group_page_modules_below-content_text-block_text-block-image-overlay"],"modules-below-content_3_text-block-description":[""],"_modules-below-content_3_text-block-description":["group_page_modules_below-content_text-block_text-block-description"],"modules-below-content_3_text-block-buttons":[""],"_modules-below-content_3_text-block-buttons":["group_page_modules_below-content_text-block_text-block-buttons"],"modules-below-content_2_template":["text-block\/default"],"_modules-below-content_2_template":["group_page_modules_below-content_text-block-template"],"modules-below-content_2_text-block-title":["Priss\u00e4ttning"],"_modules-below-content_2_text-block-title":["group_page_modules_below-content_text-block_text-block-title"],"modules-below-content_2_text-block-image":[""],"_modules-below-content_2_text-block-image":["group_page_modules_below-content_text-block_text-block-image"],"modules-below-content_2_text-block-image-overlay":["0"],"_modules-below-content_2_text-block-image-overlay":["group_page_modules_below-content_text-block_text-block-image-overlay"],"modules-below-content_2_text-block-description":["[video poster=\"http:\/\/axholmen.se\/wp-content\/uploads\/2019\/06\/axholmen-front.jpg\" width=\"1920\" height=\"1080\" mp4=\"http:\/\/axholmen.se\/wp-content\/uploads\/2019\/06\/Axholmen-Pricing.mp4\"][\/video]"],"_modules-below-content_2_text-block-description":["group_page_modules_below-content_text-block_text-block-description"],"modules-below-content_2_text-block-buttons":[""],"_modules-below-content_2_text-block-buttons":["group_page_modules_below-content_text-block_text-block-buttons"],"modules-below-content_1_template":["text-block\/image-background"],"_modules-below-content_1_template":["group_page_modules_below-content_text-block-template"],"modules-below-content_1_text-block-title":[""],"_modules-below-content_1_text-block-title":["group_page_modules_below-content_text-block_text-block-title"],"modules-below-content_1_text-block-image":["1415"],"_modules-below-content_1_text-block-image":["group_page_modules_below-content_text-block_text-block-image"],"modules-below-content_1_text-block-image-overlay":["1"],"_modules-below-content_1_text-block-image-overlay":["group_page_modules_below-content_text-block_text-block-image-overlay"],"modules-below-content_1_text-block-description":[""],"_modules-below-content_1_text-block-description":["group_page_modules_below-content_text-block_text-block-description"],"modules-below-content_1_text-block-buttons":[""],"_modules-below-content_1_text-block-buttons":["group_page_modules_below-content_text-block_text-block-buttons"],"modules-below-content_9_template":["text-block\/default"],"_modules-below-content_9_template":["group_page_modules_below-content_text-block-template"],"modules-below-content_9_text-block-title":[""],"_modules-below-content_9_text-block-title":["group_page_modules_below-content_text-block_text-block-title"],"modules-below-content_9_text-block-image":[""],"_modules-below-content_9_text-block-image":["group_page_modules_below-content_text-block_text-block-image"],"modules-below-content_9_text-block-image-overlay":["0"],"_modules-below-content_9_text-block-image-overlay":["group_page_modules_below-content_text-block_text-block-image-overlay"],"modules-below-content_9_text-block-description":[""],"_modules-below-content_9_text-block-description":["group_page_modules_below-content_text-block_text-block-description"],"modules-below-content_9_text-block-buttons_0_button-link":["a:3:{s:5:\"title\";s:36:\"Ta del av flera av v\u00e5ra whitepapers\";s:3:\"url\";s:32:\"https:\/\/axholmen.se\/inspiration\/\";s:6:\"target\";s:6:\"_blank\";}"],"_modules-below-content_9_text-block-buttons_0_button-link":["group_page_modules_below-content_text-block_text-block-buttons_button-link"],"modules-below-content_9_text-block-buttons_0_button-color":["primary"],"_modules-below-content_9_text-block-buttons_0_button-color":["group_page_modules_below-content_text-block_text-block-buttons_button-color"],"modules-below-content_9_text-block-buttons_0_button-ghost":["1"],"_modules-below-content_9_text-block-buttons_0_button-ghost":["group_page_modules_below-content_text-block_text-block-buttons_button-ghost"],"modules-below-content_9_text-block-buttons_0_button-icon":[""],"_modules-below-content_9_text-block-buttons_0_button-icon":["group_page_modules_below-content_text-block_text-block-buttons_button-icon"],"modules-below-content_9_text-block-buttons":["1"],"_modules-below-content_9_text-block-buttons":["group_page_modules_below-content_text-block_text-block-buttons"],"modules-below-content_7_template":["text-block\/image-background"],"_modules-below-content_7_template":["group_page_modules_below-content_text-block-template"],"modules-below-content_7_text-block-title":["L\u00e4s mer om hur vi kan hj\u00e4lpa ert f\u00f6retag"],"_modules-below-content_7_text-block-title":["group_page_modules_below-content_text-block_text-block-title"],"modules-below-content_7_text-block-image":["769"],"_modules-below-content_7_text-block-image":["group_page_modules_below-content_text-block_text-block-image"],"modules-below-content_7_text-block-image-overlay":["0"],"_modules-below-content_7_text-block-image-overlay":["group_page_modules_below-content_text-block_text-block-image-overlay"],"modules-below-content_7_text-block-description":[""],"_modules-below-content_7_text-block-description":["group_page_modules_below-content_text-block_text-block-description"],"modules-below-content_7_text-block-buttons_0_button-link":["a:3:{s:5:\"title\";s:23:\"Optimera dina int\u00e4kter\";s:3:\"url\";s:52:\"https:\/\/axholmen.se\/tjanster\/kommersiell-optimering\/\";s:6:\"target\";s:6:\"_blank\";}"],"_modules-below-content_7_text-block-buttons_0_button-link":["group_page_modules_below-content_text-block_text-block-buttons_button-link"],"modules-below-content_7_text-block-buttons_0_button-color":["primary"],"_modules-below-content_7_text-block-buttons_0_button-color":["group_page_modules_below-content_text-block_text-block-buttons_button-color"],"modules-below-content_7_text-block-buttons_0_button-ghost":["0"],"_modules-below-content_7_text-block-buttons_0_button-ghost":["group_page_modules_below-content_text-block_text-block-buttons_button-ghost"],"modules-below-content_7_text-block-buttons_0_button-icon":[""],"_modules-below-content_7_text-block-buttons_0_button-icon":["group_page_modules_below-content_text-block_text-block-buttons_button-icon"],"modules-below-content_7_text-block-buttons_1_button-link":["a:3:{s:5:\"title\";s:39:\"Utforma din organisation f\u00f6r framtiden\";s:3:\"url\";s:52:\"https:\/\/axholmen.se\/tjanster\/strukturell-forandring\/\";s:6:\"target\";s:6:\"_blank\";}"],"_modules-below-content_7_text-block-buttons_1_button-link":["group_page_modules_below-content_text-block_text-block-buttons_button-link"],"modules-below-content_7_text-block-buttons_1_button-color":["primary"],"_modules-below-content_7_text-block-buttons_1_button-color":["group_page_modules_below-content_text-block_text-block-buttons_button-color"],"modules-below-content_7_text-block-buttons_1_button-ghost":["0"],"_modules-below-content_7_text-block-buttons_1_button-ghost":["group_page_modules_below-content_text-block_text-block-buttons_button-ghost"],"modules-below-content_7_text-block-buttons_1_button-icon":[""],"_modules-below-content_7_text-block-buttons_1_button-icon":["group_page_modules_below-content_text-block_text-block-buttons_button-icon"],"modules-below-content_7_text-block-buttons_2_button-link":["a:3:{s:5:\"title\";s:29:\"Skapa best\u00e5ende effektivitet\";s:3:\"url\";s:54:\"https:\/\/axholmen.se\/tjanster\/effektivitetsforbattring\/\";s:6:\"target\";s:6:\"_blank\";}"],"_modules-below-content_7_text-block-buttons_2_button-link":["group_page_modules_below-content_text-block_text-block-buttons_button-link"],"modules-below-content_7_text-block-buttons_2_button-color":["primary"],"_modules-below-content_7_text-block-buttons_2_button-color":["group_page_modules_below-content_text-block_text-block-buttons_button-color"],"modules-below-content_7_text-block-buttons_2_button-ghost":["0"],"_modules-below-content_7_text-block-buttons_2_button-ghost":["group_page_modules_below-content_text-block_text-block-buttons_button-ghost"],"modules-below-content_7_text-block-buttons_2_button-icon":[""],"_modules-below-content_7_text-block-buttons_2_button-icon":["group_page_modules_below-content_text-block_text-block-buttons_button-icon"],"modules-below-content_7_text-block-buttons":["3"],"_modules-below-content_7_text-block-buttons":["group_page_modules_below-content_text-block_text-block-buttons"],"modules-below-content_8_template":["usp-slider\/default"],"_modules-below-content_8_template":["group_page_modules_below-content_usp-slider-template"],"modules-below-content_8_usp-slider-title":["Om Axholmen"],"_modules-below-content_8_usp-slider-title":["group_page_modules_below-content_usp-slider_usp-slider-title"],"modules-below-content_8_usp-slider-numbers":["0"],"_modules-below-content_8_usp-slider-numbers":["group_page_modules_below-content_usp-slider_usp-slider-numbers"],"modules-below-content_8_usp-slides_0_usp-title":["Axholmen i korthet"],"_modules-below-content_8_usp-slides_0_usp-title":["group_page_modules_below-content_usp-slider_usp-slides_usp-title"],"modules-below-content_8_usp-slides_0_usp-description":["Managementkonsultfirma som grundades 2007 i syfte att erbjuda ett personligt och modernt svenskt alternativ till de amerikanska strategihusen, fokus \u00e4r p\u00e5 l\u00f6nsamhetsf\u00f6rb\u00e4ttringar som levereras i t\u00e4tt samarbete med klienten med pragmatism som ledord"],"_modules-below-content_8_usp-slides_0_usp-description":["group_page_modules_below-content_usp-slider_usp-slides_usp-description"],"modules-below-content_8_usp-slides_1_usp-title":["Hur vi g\u00f6r?"],"_modules-below-content_8_usp-slides_1_usp-title":["group_page_modules_below-content_usp-slider_usp-slides_usp-title"],"modules-below-content_8_usp-slides_1_usp-description":["Vi har lyckats bygga en stor kundbas bland ledande svenska och skandinaviska f\u00f6retag samt attrahera och beh\u00e5lla topptalanger. Vi har \u00e5stadkommit detta genom att leverera konkreta resultat i strategiska projekt kombinerat med ett s\u00e4tt att arbeta i mindre, mer seniora team, tillsammans med v\u00e5r kund. V\u00e5ra kunder beskriver oss som b\u00e5de strategiska och konkreta genom att belysa v\u00e5r f\u00f6rm\u00e5ga att hj\u00e4lpa dem att hitta relevanta l\u00f6sningar samt vara med dem hela v\u00e4gen tills att f\u00f6r\u00e4ndringen genomf\u00f6rts och resultat uppn\u00e5s"],"_modules-below-content_8_usp-slides_1_usp-description":["group_page_modules_below-content_usp-slider_usp-slides_usp-description"],"modules-below-content_8_usp-slides_2_usp-title":["Vilka vi \u00e4r?"],"_modules-below-content_8_usp-slides_2_usp-title":["group_page_modules_below-content_usp-slider_usp-slides_usp-title"],"modules-below-content_8_usp-slides_2_usp-description":["Axholmen har ett starkt team av erfarna managementkonsulter som alla delar tanken att moderna konsulttj\u00e4nster \u00e4r motiverade av de faktiska resultaten och det ekonomiska v\u00e4rdet som skapats. Vi \u00e4r villiga att dela den kommersiella risken och knyta en stor del av v\u00e5rat arvode till att de \u00f6verenskomna resultaten uppn\u00e5s"],"_modules-below-content_8_usp-slides_2_usp-description":["group_page_modules_below-content_usp-slider_usp-slides_usp-description"],"modules-below-content_8_usp-slides":["3"],"_modules-below-content_8_usp-slides":["group_page_modules_below-content_usp-slider_usp-slides"],"modules-below-content_5_template":["contact-form\/default"],"_modules-below-content_5_template":["group_page_modules_below-content_contact-form-template"],"modules-below-content_5_contact-form-title":["Kontakta oss g\u00e4rna f\u00f6r mer information eller f\u00f6r att boka ett f\u00f6ruts\u00e4ttningsl\u00f6st m\u00f6te"],"_modules-below-content_5_contact-form-title":["group_page_modules_below-content_contact-form_contact-form-title"],"modules-below-content_5_contact-form-image":["633"],"_modules-below-content_5_contact-form-image":["group_page_modules_below-content_contact-form_contact-form-image"],"modules-below-content_5_contact-form-description":[""],"_modules-below-content_5_contact-form-description":["group_page_modules_below-content_contact-form_contact-form-description"],"modules-below-content_5_contact-form-id":["433"],"_modules-below-content_5_contact-form-id":["group_page_modules_below-content_contact-form_contact-form-id"],"modules-below-content_6_template":["post-list\/default"],"_modules-below-content_6_template":["group_page_modules_below-content_post-list-template"],"modules-below-content_6_post-list-title":["Ta del av v\u00e5ra Whitepapers"],"_modules-below-content_6_post-list-title":["group_page_modules_below-content_post-list_post-list-title"],"modules-below-content_6_post-list-description":[""],"_modules-below-content_6_post-list-description":["group_page_modules_below-content_post-list_post-list-description"],"modules-below-content_6_post-list-posts":["a:16:{i:0;s:4:\"1651\";i:1;s:4:\"1632\";i:2;s:3:\"834\";i:3;s:3:\"256\";i:4;s:3:\"819\";i:5;s:3:\"691\";i:6;s:3:\"851\";i:7;s:3:\"647\";i:8;s:3:\"746\";i:9;s:3:\"711\";i:10;s:3:\"639\";i:11;s:4:\"1502\";i:12;s:3:\"642\";i:13;s:3:\"838\";i:14;s:3:\"745\";i:15;s:3:\"754\";}"],"_modules-below-content_6_post-list-posts":["group_page_modules_below-content_post-list_post-list-posts"],"_yoast_wpseo_focuskw":["Priss\u00e4ttning l\u00f6nsamhet"],"_yoast_wpseo_linkdex":["33"],"_dp_original":["1667"],"_edit_lock":["1670210208:50"],"_edit_last":["50"],"_yoast_wpseo_estimated-reading-time-minutes":["0"],"modules-below-content_4_template":["text-block\/default"],"_modules-below-content_4_template":["group_page_modules_below-content_text-block-template"],"modules-below-content_4_text-block-title":["Vill du veta mer? Kontakta f\u00f6rfattare och ansvarig partner"],"_modules-below-content_4_text-block-title":["group_page_modules_below-content_text-block_text-block-title"],"modules-below-content_4_text-block-image":[""],"_modules-below-content_4_text-block-image":["group_page_modules_below-content_text-block_text-block-image"],"modules-below-content_4_text-block-image-overlay":["0"],"_modules-below-content_4_text-block-image-overlay":["group_page_modules_below-content_text-block_text-block-image-overlay"],"modules-below-content_4_text-block-description":["<img class=\"size-full wp-image-2666 aligncenter\" src=\"https:\/\/axholmen.com\/wp-content\/uploads\/2021\/11\/milosz-tersmeden-managing-partner-and-ceo-eng-1.png\" alt=\"\" width=\"649\" height=\"214\" \/>"],"_modules-below-content_4_text-block-description":["group_page_modules_below-content_text-block_text-block-description"],"modules-below-content_4_text-block-buttons":[""],"_modules-below-content_4_text-block-buttons":["group_page_modules_below-content_text-block_text-block-buttons"],"_yoast_wpseo_wordproof_timestamp":[""]},"_links":{"self":[{"href":"https:\/\/axholmen.com\/sv\/wp-json\/wp\/v2\/pages\/1900","targetHints":{"allow":["GET"]}}],"collection":[{"href":"https:\/\/axholmen.com\/sv\/wp-json\/wp\/v2\/pages"}],"about":[{"href":"https:\/\/axholmen.com\/sv\/wp-json\/wp\/v2\/types\/page"}],"author":[{"embeddable":true,"href":"https:\/\/axholmen.com\/sv\/wp-json\/wp\/v2\/users\/6"}],"replies":[{"embeddable":true,"href":"https:\/\/axholmen.com\/sv\/wp-json\/wp\/v2\/comments?post=1900"}],"version-history":[{"count":0,"href":"https:\/\/axholmen.com\/sv\/wp-json\/wp\/v2\/pages\/1900\/revisions"}],"wp:featuredmedia":[{"embeddable":true,"href":"https:\/\/axholmen.com\/sv\/wp-json\/wp\/v2\/media\/1898"}],"wp:attachment":[{"href":"https:\/\/axholmen.com\/sv\/wp-json\/wp\/v2\/media?parent=1900"}],"curies":[{"name":"wp","href":"https:\/\/api.w.org\/{rel}","templated":true}]}}