{"id":1944,"date":"2020-03-31T13:24:20","date_gmt":"2020-03-31T11:24:20","guid":{"rendered":"https:\/\/axholmen.se\/?page_id=1944"},"modified":"2022-12-01T10:53:30","modified_gmt":"2022-12-01T09:53:30","slug":"krishantering","status":"publish","type":"page","link":"https:\/\/axholmen.com\/sv\/krishantering\/","title":{"rendered":"Krishantering"},"content":{"rendered":"","protected":false},"excerpt":{"rendered":"<p>Covid19 har f\u00f6rsatt i princip alla f\u00f6retag i en extraordin\u00e4r situation, oavsett om du \u00e4r mitt uppe i krishantering eller ser effekterna p\u00e5 din verksamhet komma runt h\u00f6rnet. Det \u00e4r l\u00e4tt att k\u00e4nna sig maktl\u00f6s men desto viktigare att ta den kontroll som \u00e4r m\u00f6jlig. Genom dialog med och st\u00f6d till f\u00f6retag i olika branscher, ser Axholmen 5 steg mot en medveten krisberedskap eller krishantering. <\/p>\n<p>Om du \u00f6nskar r\u00e5d, tveka inte att kontakta v\u00e5r VD Milosz Tersmeden<\/p>\n","protected":false},"author":6,"featured_media":1949,"parent":0,"menu_order":0,"comment_status":"closed","ping_status":"closed","template":"page-hero.php","meta":{"_acf_changed":false,"footnotes":""},"class_list":["post-1944","page","type-page","status-publish","has-post-thumbnail","hentry"],"acf":[],"yoast_head":"<!-- This site is optimized with the Yoast SEO plugin v27.3 - https:\/\/yoast.com\/product\/yoast-seo-wordpress\/ -->\n<title>Krishantering - | Axholmen<\/title>\n<meta name=\"description\" content=\"Genom dialog med och st\u00f6d till f\u00f6retag i olika branscher, ser Axholmen 5 steg mot en medveten krisberedskap \/ krishantering kopplat till Corona\" \/>\n<meta name=\"robots\" content=\"index, follow, max-snippet:-1, max-image-preview:large, max-video-preview:-1\" \/>\n<link rel=\"canonical\" href=\"https:\/\/axholmen.com\/sv\/krishantering\/\" \/>\n<meta property=\"og:locale\" content=\"sv_SE\" \/>\n<meta property=\"og:type\" content=\"article\" \/>\n<meta property=\"og:title\" content=\"Krishantering - | Axholmen\" \/>\n<meta property=\"og:description\" content=\"Genom dialog med och st\u00f6d till f\u00f6retag i olika branscher, ser Axholmen 5 steg mot en medveten krisberedskap \/ krishantering kopplat till Corona\" \/>\n<meta property=\"og:url\" content=\"https:\/\/axholmen.com\/sv\/krishantering\/\" \/>\n<meta property=\"og:site_name\" content=\"Axholmen\" \/>\n<meta property=\"article:modified_time\" content=\"2022-12-01T09:53:30+00:00\" \/>\n<meta property=\"og:image\" content=\"https:\/\/axholmen.com\/wp-content\/uploads\/2020\/03\/corona-krishantering_bild.png\" \/>\n\t<meta property=\"og:image:width\" content=\"1200\" \/>\n\t<meta property=\"og:image:height\" content=\"671\" \/>\n\t<meta property=\"og:image:type\" content=\"image\/png\" \/>\n<meta name=\"twitter:card\" content=\"summary_large_image\" \/>\n<script type=\"application\/ld+json\" class=\"yoast-schema-graph\">{\"@context\":\"https:\\\/\\\/schema.org\",\"@graph\":[{\"@type\":\"WebPage\",\"@id\":\"https:\\\/\\\/axholmen.com\\\/sv\\\/krishantering\\\/\",\"url\":\"https:\\\/\\\/axholmen.com\\\/sv\\\/krishantering\\\/\",\"name\":\"Krishantering - | Axholmen\",\"isPartOf\":{\"@id\":\"https:\\\/\\\/axholmen.com\\\/#website\"},\"primaryImageOfPage\":{\"@id\":\"https:\\\/\\\/axholmen.com\\\/sv\\\/krishantering\\\/#primaryimage\"},\"image\":{\"@id\":\"https:\\\/\\\/axholmen.com\\\/sv\\\/krishantering\\\/#primaryimage\"},\"thumbnailUrl\":\"https:\\\/\\\/axholmen.com\\\/wp-content\\\/uploads\\\/2020\\\/03\\\/corona-krishantering_bild.png\",\"datePublished\":\"2020-03-31T11:24:20+00:00\",\"dateModified\":\"2022-12-01T09:53:30+00:00\",\"description\":\"Genom dialog med och st\u00f6d till f\u00f6retag i olika branscher, ser Axholmen 5 steg mot en medveten krisberedskap \\\/ krishantering kopplat till Corona\",\"breadcrumb\":{\"@id\":\"https:\\\/\\\/axholmen.com\\\/sv\\\/krishantering\\\/#breadcrumb\"},\"inLanguage\":\"sv-SE\",\"potentialAction\":[{\"@type\":\"ReadAction\",\"target\":[\"https:\\\/\\\/axholmen.com\\\/sv\\\/krishantering\\\/\"]}]},{\"@type\":\"ImageObject\",\"inLanguage\":\"sv-SE\",\"@id\":\"https:\\\/\\\/axholmen.com\\\/sv\\\/krishantering\\\/#primaryimage\",\"url\":\"https:\\\/\\\/axholmen.com\\\/wp-content\\\/uploads\\\/2020\\\/03\\\/corona-krishantering_bild.png\",\"contentUrl\":\"https:\\\/\\\/axholmen.com\\\/wp-content\\\/uploads\\\/2020\\\/03\\\/corona-krishantering_bild.png\",\"width\":1200,\"height\":671},{\"@type\":\"BreadcrumbList\",\"@id\":\"https:\\\/\\\/axholmen.com\\\/sv\\\/krishantering\\\/#breadcrumb\",\"itemListElement\":[{\"@type\":\"ListItem\",\"position\":1,\"name\":\"Axholmen\",\"item\":\"https:\\\/\\\/axholmen.com\\\/sv\\\/\"},{\"@type\":\"ListItem\",\"position\":2,\"name\":\"Krishantering\"}]},{\"@type\":\"WebSite\",\"@id\":\"https:\\\/\\\/axholmen.com\\\/#website\",\"url\":\"https:\\\/\\\/axholmen.com\\\/\",\"name\":\"Axholmen\",\"description\":\"\",\"potentialAction\":[{\"@type\":\"SearchAction\",\"target\":{\"@type\":\"EntryPoint\",\"urlTemplate\":\"https:\\\/\\\/axholmen.com\\\/?s={search_term_string}\"},\"query-input\":{\"@type\":\"PropertyValueSpecification\",\"valueRequired\":true,\"valueName\":\"search_term_string\"}}],\"inLanguage\":\"sv-SE\"}]}<\/script>\n<!-- \/ Yoast SEO plugin. -->","yoast_head_json":{"title":"Krishantering - | Axholmen","description":"Genom dialog med och st\u00f6d till f\u00f6retag i olika branscher, ser Axholmen 5 steg mot en medveten krisberedskap \/ krishantering kopplat till Corona","robots":{"index":"index","follow":"follow","max-snippet":"max-snippet:-1","max-image-preview":"max-image-preview:large","max-video-preview":"max-video-preview:-1"},"canonical":"https:\/\/axholmen.com\/sv\/krishantering\/","og_locale":"sv_SE","og_type":"article","og_title":"Krishantering - | Axholmen","og_description":"Genom dialog med och st\u00f6d till f\u00f6retag i olika branscher, ser Axholmen 5 steg mot en medveten krisberedskap \/ krishantering kopplat till Corona","og_url":"https:\/\/axholmen.com\/sv\/krishantering\/","og_site_name":"Axholmen","article_modified_time":"2022-12-01T09:53:30+00:00","og_image":[{"width":1200,"height":671,"url":"https:\/\/axholmen.com\/wp-content\/uploads\/2020\/03\/corona-krishantering_bild.png","type":"image\/png"}],"twitter_card":"summary_large_image","schema":{"@context":"https:\/\/schema.org","@graph":[{"@type":"WebPage","@id":"https:\/\/axholmen.com\/sv\/krishantering\/","url":"https:\/\/axholmen.com\/sv\/krishantering\/","name":"Krishantering - | Axholmen","isPartOf":{"@id":"https:\/\/axholmen.com\/#website"},"primaryImageOfPage":{"@id":"https:\/\/axholmen.com\/sv\/krishantering\/#primaryimage"},"image":{"@id":"https:\/\/axholmen.com\/sv\/krishantering\/#primaryimage"},"thumbnailUrl":"https:\/\/axholmen.com\/wp-content\/uploads\/2020\/03\/corona-krishantering_bild.png","datePublished":"2020-03-31T11:24:20+00:00","dateModified":"2022-12-01T09:53:30+00:00","description":"Genom dialog med och st\u00f6d till f\u00f6retag i olika branscher, ser Axholmen 5 steg mot en medveten krisberedskap \/ krishantering kopplat till Corona","breadcrumb":{"@id":"https:\/\/axholmen.com\/sv\/krishantering\/#breadcrumb"},"inLanguage":"sv-SE","potentialAction":[{"@type":"ReadAction","target":["https:\/\/axholmen.com\/sv\/krishantering\/"]}]},{"@type":"ImageObject","inLanguage":"sv-SE","@id":"https:\/\/axholmen.com\/sv\/krishantering\/#primaryimage","url":"https:\/\/axholmen.com\/wp-content\/uploads\/2020\/03\/corona-krishantering_bild.png","contentUrl":"https:\/\/axholmen.com\/wp-content\/uploads\/2020\/03\/corona-krishantering_bild.png","width":1200,"height":671},{"@type":"BreadcrumbList","@id":"https:\/\/axholmen.com\/sv\/krishantering\/#breadcrumb","itemListElement":[{"@type":"ListItem","position":1,"name":"Axholmen","item":"https:\/\/axholmen.com\/sv\/"},{"@type":"ListItem","position":2,"name":"Krishantering"}]},{"@type":"WebSite","@id":"https:\/\/axholmen.com\/#website","url":"https:\/\/axholmen.com\/","name":"Axholmen","description":"","potentialAction":[{"@type":"SearchAction","target":{"@type":"EntryPoint","urlTemplate":"https:\/\/axholmen.com\/?s={search_term_string}"},"query-input":{"@type":"PropertyValueSpecification","valueRequired":true,"valueName":"search_term_string"}}],"inLanguage":"sv-SE"}]}},"custom_fields":{"_wpml_media_featured":["1","1","1","1","1","1","1","1","1","1"],"_wpml_media_duplicate":["1","1","1","1","1","1","1","1","1","1"],"_wp_page_template":["page-hero.php"],"modules-below-content":["a:9:{i:0;s:43:\"group_page_modules_below-content_share-page\";i:1;s:43:\"group_page_modules_below-content_text-block\";i:2;s:43:\"group_page_modules_below-content_text-block\";i:3;s:43:\"group_page_modules_below-content_text-block\";i:4;s:44:\"group_page_modules_below-content_text-blocks\";i:5;s:45:\"group_page_modules_below-content_contact-form\";i:6;s:42:\"group_page_modules_below-content_post-list\";i:7;s:43:\"group_page_modules_below-content_text-block\";i:8;s:43:\"group_page_modules_below-content_text-block\";}"],"_modules-below-content":["group_page_modules_below-content_modules"],"subtitle-title":["Fem steg mot en medveten krisberedskap \/ krishantering"],"_subtitle-title":["group_page_subtitle-title"],"google-map-title":[""],"_google-map-title":["group_page_google-map-title"],"google-map-description":[""],"_google-map-description":["group_page_google-map-description"],"google-map-info-window":[""],"_google-map-info-window":["group_page_google-map-info-window"],"google-map":[""],"_google-map":["group_page_google-map"],"_thumbnail_id":["1949"],"_yoast_wpseo_metadesc":["Genom dialog med och st\u00f6d till f\u00f6retag i olika branscher, ser Axholmen 5 steg mot en medveten krisberedskap \/ krishantering kopplat till Corona"],"_yoast_wpseo_title":["%%title%% - %%page%% | %%sitename%%"],"modules-below-content_0_template":["share-page\/default"],"_modules-below-content_0_template":["group_page_modules_below-content_share-page-template"],"modules-below-content_0_share_page_title":[""],"_modules-below-content_0_share_page_title":["group_page_modules_below-content_share-page_share_page_title"],"modules-below-content_0_share_page_description":["Skrivet av: Daniel Bajka, Milosz Tersmeden &amp; Anna Nordberg"],"_modules-below-content_0_share_page_description":["group_page_modules_below-content_share-page_share_page_description"],"modules-below-content_0_share_page_url":[""],"_modules-below-content_0_share_page_url":["group_page_modules_below-content_share-page_share_page_url"],"modules-below-content_0_share_page_services":["a:4:{i:0;s:8:\"Facebook\";i:1;s:7:\"Twitter\";i:2;s:8:\"LinkedIn\";i:3;s:5:\"Email\";}"],"_modules-below-content_0_share_page_services":["group_page_modules_below-content_share-page_share_page_services"],"modules-below-content_3_template":["text-block\/image-background"],"_modules-below-content_3_template":["group_page_modules_below-content_text-block-template"],"modules-below-content_3_text-block-title":[""],"_modules-below-content_3_text-block-title":["group_page_modules_below-content_text-block_text-block-title"],"modules-below-content_3_text-block-image":["1415"],"_modules-below-content_3_text-block-image":["group_page_modules_below-content_text-block_text-block-image"],"modules-below-content_3_text-block-image-overlay":["1"],"_modules-below-content_3_text-block-image-overlay":["group_page_modules_below-content_text-block_text-block-image-overlay"],"modules-below-content_3_text-block-description":[""],"_modules-below-content_3_text-block-description":["group_page_modules_below-content_text-block_text-block-description"],"modules-below-content_3_text-block-buttons":[""],"_modules-below-content_3_text-block-buttons":["group_page_modules_below-content_text-block_text-block-buttons"],"modules-below-content_2_template":["text-block\/default"],"_modules-below-content_2_template":["group_page_modules_below-content_text-block-template"],"modules-below-content_2_text-block-title":["Krishantering"],"_modules-below-content_2_text-block-title":["group_page_modules_below-content_text-block_text-block-title"],"modules-below-content_2_text-block-image":[""],"_modules-below-content_2_text-block-image":["group_page_modules_below-content_text-block_text-block-image"],"modules-below-content_2_text-block-image-overlay":["0"],"_modules-below-content_2_text-block-image-overlay":["group_page_modules_below-content_text-block_text-block-image-overlay"],"modules-below-content_2_text-block-description":["<img class=\"aligncenter size-full wp-image-1947\" src=\"https:\/\/axholmen.se\/wp-content\/uploads\/2020\/03\/corona-krishantering.png\" alt=\"\" width=\"1200\" height=\"715\" \/>"],"_modules-below-content_2_text-block-description":["group_page_modules_below-content_text-block_text-block-description"],"modules-below-content_2_text-block-buttons":[""],"_modules-below-content_2_text-block-buttons":["group_page_modules_below-content_text-block_text-block-buttons"],"modules-below-content_1_template":["text-block\/image-background"],"_modules-below-content_1_template":["group_page_modules_below-content_text-block-template"],"modules-below-content_1_text-block-title":[""],"_modules-below-content_1_text-block-title":["group_page_modules_below-content_text-block_text-block-title"],"modules-below-content_1_text-block-image":["1415"],"_modules-below-content_1_text-block-image":["group_page_modules_below-content_text-block_text-block-image"],"modules-below-content_1_text-block-image-overlay":["1"],"_modules-below-content_1_text-block-image-overlay":["group_page_modules_below-content_text-block_text-block-image-overlay"],"modules-below-content_1_text-block-description":[""],"_modules-below-content_1_text-block-description":["group_page_modules_below-content_text-block_text-block-description"],"modules-below-content_1_text-block-buttons":[""],"_modules-below-content_1_text-block-buttons":["group_page_modules_below-content_text-block_text-block-buttons"],"modules-below-content_4_template":["text-blocks\/default"],"_modules-below-content_4_template":["group_page_modules_below-content_text-blocks-template"],"modules-below-content_4_text-blocks-title":["Vill du veta mer? Kontakta f\u00f6rfattare och ansvarig partner"],"_modules-below-content_4_text-blocks-title":["group_page_modules_below-content_text-blocks_text-blocks-title"],"modules-below-content_4_text-blocks_0_text-block-bg":[""],"_modules-below-content_4_text-blocks_0_text-block-bg":["group_page_modules_below-content_text-blocks_text-blocks_text-block-bg"],"modules-below-content_4_text-blocks_0_text-block-description":["<img class=\"aligncenter wp-image-2380 size-full\" src=\"https:\/\/axholmen.com\/wp-content\/uploads\/2021\/01\/daniel-bajka-profil-principal-swe.png\" alt=\"\" width=\"648\" height=\"215\" \/>"],"_modules-below-content_4_text-blocks_0_text-block-description":["group_page_modules_below-content_text-blocks_text-blocks_text-block-description"],"modules-below-content_4_text-blocks_1_text-block-bg":[""],"_modules-below-content_4_text-blocks_1_text-block-bg":["group_page_modules_below-content_text-blocks_text-blocks_text-block-bg"],"modules-below-content_4_text-blocks_1_text-block-description":["<img class=\"aligncenter wp-image-2376 size-full\" src=\"https:\/\/axholmen.com\/wp-content\/uploads\/2021\/01\/milosz-tersmeden-partner-och-vd-1.png\" alt=\"\" width=\"649\" height=\"214\" \/>"],"_modules-below-content_4_text-blocks_1_text-block-description":["group_page_modules_below-content_text-blocks_text-blocks_text-block-description"],"modules-below-content_4_text-blocks":["4"],"_modules-below-content_4_text-blocks":["group_page_modules_below-content_text-blocks_text-blocks"],"modules-below-content_7_template":["text-block\/image-background"],"_modules-below-content_7_template":["group_page_modules_below-content_text-block-template"],"modules-below-content_7_text-block-title":["L\u00e4s mer om hur vi kan hj\u00e4lpa ert f\u00f6retag"],"_modules-below-content_7_text-block-title":["group_page_modules_below-content_text-block_text-block-title"],"modules-below-content_7_text-block-image":["769"],"_modules-below-content_7_text-block-image":["group_page_modules_below-content_text-block_text-block-image"],"modules-below-content_7_text-block-image-overlay":["0"],"_modules-below-content_7_text-block-image-overlay":["group_page_modules_below-content_text-block_text-block-image-overlay"],"modules-below-content_7_text-block-description":[""],"_modules-below-content_7_text-block-description":["group_page_modules_below-content_text-block_text-block-description"],"modules-below-content_7_text-block-buttons_0_button-link":["a:3:{s:5:\"title\";s:23:\"Optimera dina int\u00e4kter\";s:3:\"url\";s:56:\"https:\/\/axholmen.com\/sv\/tjanster\/kommersiell-optimering\/\";s:6:\"target\";s:6:\"_blank\";}"],"_modules-below-content_7_text-block-buttons_0_button-link":["group_page_modules_below-content_text-block_text-block-buttons_button-link"],"modules-below-content_7_text-block-buttons_0_button-color":["primary"],"_modules-below-content_7_text-block-buttons_0_button-color":["group_page_modules_below-content_text-block_text-block-buttons_button-color"],"modules-below-content_7_text-block-buttons_0_button-ghost":["0"],"_modules-below-content_7_text-block-buttons_0_button-ghost":["group_page_modules_below-content_text-block_text-block-buttons_button-ghost"],"modules-below-content_7_text-block-buttons_0_button-icon":[""],"_modules-below-content_7_text-block-buttons_0_button-icon":["group_page_modules_below-content_text-block_text-block-buttons_button-icon"],"modules-below-content_7_text-block-buttons_1_button-link":["a:3:{s:5:\"title\";s:39:\"Utforma din organisation f\u00f6r framtiden\";s:3:\"url\";s:56:\"https:\/\/axholmen.com\/sv\/tjanster\/strukturell-forandring\/\";s:6:\"target\";s:6:\"_blank\";}"],"_modules-below-content_7_text-block-buttons_1_button-link":["group_page_modules_below-content_text-block_text-block-buttons_button-link"],"modules-below-content_7_text-block-buttons_1_button-color":["primary"],"_modules-below-content_7_text-block-buttons_1_button-color":["group_page_modules_below-content_text-block_text-block-buttons_button-color"],"modules-below-content_7_text-block-buttons_1_button-ghost":["0"],"_modules-below-content_7_text-block-buttons_1_button-ghost":["group_page_modules_below-content_text-block_text-block-buttons_button-ghost"],"modules-below-content_7_text-block-buttons_1_button-icon":[""],"_modules-below-content_7_text-block-buttons_1_button-icon":["group_page_modules_below-content_text-block_text-block-buttons_button-icon"],"modules-below-content_7_text-block-buttons_2_button-link":["a:3:{s:5:\"title\";s:29:\"Skapa best\u00e5ende effektivitet\";s:3:\"url\";s:58:\"https:\/\/axholmen.com\/sv\/tjanster\/effektivitetsforbattring\/\";s:6:\"target\";s:6:\"_blank\";}"],"_modules-below-content_7_text-block-buttons_2_button-link":["group_page_modules_below-content_text-block_text-block-buttons_button-link"],"modules-below-content_7_text-block-buttons_2_button-color":["primary"],"_modules-below-content_7_text-block-buttons_2_button-color":["group_page_modules_below-content_text-block_text-block-buttons_button-color"],"modules-below-content_7_text-block-buttons_2_button-ghost":["0"],"_modules-below-content_7_text-block-buttons_2_button-ghost":["group_page_modules_below-content_text-block_text-block-buttons_button-ghost"],"modules-below-content_7_text-block-buttons_2_button-icon":[""],"_modules-below-content_7_text-block-buttons_2_button-icon":["group_page_modules_below-content_text-block_text-block-buttons_button-icon"],"modules-below-content_7_text-block-buttons":["3"],"_modules-below-content_7_text-block-buttons":["group_page_modules_below-content_text-block_text-block-buttons"],"modules-below-content_5_template":["contact-form\/default"],"_modules-below-content_5_template":["group_page_modules_below-content_contact-form-template"],"modules-below-content_5_contact-form-title":["Kontakta oss g\u00e4rna f\u00f6r mer information eller f\u00f6r att boka ett f\u00f6ruts\u00e4ttningsl\u00f6st m\u00f6te"],"_modules-below-content_5_contact-form-title":["group_page_modules_below-content_contact-form_contact-form-title"],"modules-below-content_5_contact-form-image":["633"],"_modules-below-content_5_contact-form-image":["group_page_modules_below-content_contact-form_contact-form-image"],"modules-below-content_5_contact-form-description":[""],"_modules-below-content_5_contact-form-description":["group_page_modules_below-content_contact-form_contact-form-description"],"modules-below-content_5_contact-form-id":["433"],"_modules-below-content_5_contact-form-id":["group_page_modules_below-content_contact-form_contact-form-id"],"modules-below-content_6_template":["post-list\/default"],"_modules-below-content_6_template":["group_page_modules_below-content_post-list-template"],"modules-below-content_6_post-list-title":["Ta del av v\u00e5ra Whitepapers"],"_modules-below-content_6_post-list-title":["group_page_modules_below-content_post-list_post-list-title"],"modules-below-content_6_post-list-description":[""],"_modules-below-content_6_post-list-description":["group_page_modules_below-content_post-list_post-list-description"],"modules-below-content_6_post-list-posts":["a:16:{i:0;s:3:\"647\";i:1;s:3:\"838\";i:2;s:3:\"819\";i:3;s:4:\"1651\";i:4;s:4:\"1632\";i:5;s:3:\"834\";i:6;s:3:\"256\";i:7;s:3:\"691\";i:8;s:3:\"851\";i:9;s:3:\"746\";i:10;s:3:\"711\";i:11;s:3:\"639\";i:12;s:4:\"1502\";i:13;s:3:\"642\";i:14;s:3:\"745\";i:15;s:3:\"754\";}"],"_modules-below-content_6_post-list-posts":["group_page_modules_below-content_post-list_post-list-posts"],"modules-below-content_4_text-blocks_2_text-block-bg":[""],"_modules-below-content_4_text-blocks_2_text-block-bg":["group_page_modules_below-content_text-blocks_text-blocks_text-block-bg"],"modules-below-content_4_text-blocks_2_text-block-description":["<strong>Bakgrund<\/strong>\r\nDaniel har m\u00e5ng\u00e5rig erfarenhet som managementkonsult och har varit r\u00e5dgivare f\u00f6r klienter i strategiska och operationella effektiviseringsprojekt i detaljhandel, telekom, flyg och byggindustri.\r\nMSc in Business and Economics fr\u00e5n Uppsala Universitet inklusive MBA-studier p\u00e5 EM Lyon Business School i Frankrike samt MSc in Pharmaceutical Bioscience fr\u00e5n Uppsala Universitet.\r\n\r\n<strong>Vad som motiverar mig<\/strong>\r\nAtt i slut\u00e4ndan kunna leverera best\u00e5ende resultat f\u00f6r och tillsammans med v\u00e5ra kunder.\r\n\r\n<strong>Varf\u00f6r jag valt att arbeta p\u00e5 Axholmen<\/strong>\r\nKombinationen av m\u00e4ngden high value projekt och snabbr\u00f6rligheten som Axholmens storlek erbjuder med den stora m\u00f6jligheten att vara med och p\u00e5verka f\u00f6r att l\u00e5ngsiktigt bygga f\u00f6retaget."],"_modules-below-content_4_text-blocks_2_text-block-description":["group_page_modules_below-content_text-blocks_text-blocks_text-block-description"],"modules-below-content_4_text-blocks_3_text-block-bg":[""],"_modules-below-content_4_text-blocks_3_text-block-bg":["group_page_modules_below-content_text-blocks_text-blocks_text-block-bg"],"modules-below-content_4_text-blocks_3_text-block-description":["<strong>Bakgrund<\/strong>\r\nMilosz har sedan starten 2007 varit med och grundat och utvecklat Axholmen. Han har tidigare erfarenhet av management consulting fr\u00e5n Andersen Consulting (numera Accenture), och en civilingenj\u00f6rsexamen inom Elektroteknik och Telecom fr\u00e5n KTH.\r\n\r\n<strong>Vad som motiverar mig<\/strong>\r\nJag bokstavligen \u00e4lskar consulting p\u00e5 det s\u00e4ttet vi g\u00f6r det p\u00e5 Axholmen. Det \u00e4r v\u00e4ldigt stimulerande och en stor f\u00f6rm\u00e5n att f\u00e5 f\u00f6rtroendet fr\u00e5n v\u00e5ra kunder att hj\u00e4lpa dem i aff\u00e4rskritiska initiativ hela v\u00e4gen fr\u00e5n strategi tills vi f\u00e5 se det faktiska resultatet av arbetet vi g\u00f6r tillsammans.\r\n\r\n<strong>Varf\u00f6r jag valt att arbeta p\u00e5 Axholmen<\/strong>\r\nDet \u00e4r unikt att till vardags kunna kombinera aff\u00e4rskritiska utmaningar med de b\u00e4sta kollegorna. Tillsammans utvecklar vi Axholmen p\u00e5 v\u00e5r resa mot att vara det sj\u00e4lvklara valet f\u00f6r v\u00e5ra kunder, samtidigt som vi skapar en arbetsplats d\u00e4r consulting kan bli ett l\u00e5ngsiktigt karri\u00e4rsval."],"_modules-below-content_4_text-blocks_3_text-block-description":["group_page_modules_below-content_text-blocks_text-blocks_text-block-description"],"_yoast_wpseo_focuskw":["Krishantering Corona"],"_yoast_wpseo_linkdex":["38"],"_dp_original":["1900"],"_edit_lock":["1669888269:50"],"_edit_last":["50"],"modules-below-content_8_template":["text-block\/default"],"_modules-below-content_8_template":["group_page_modules_below-content_text-block-template"],"modules-below-content_8_text-block-title":["Om Axholmen"],"_modules-below-content_8_text-block-title":["group_page_modules_below-content_text-block_text-block-title"],"modules-below-content_8_text-block-image":[""],"_modules-below-content_8_text-block-image":["group_page_modules_below-content_text-block_text-block-image"],"modules-below-content_8_text-block-image-overlay":["1"],"_modules-below-content_8_text-block-image-overlay":["group_page_modules_below-content_text-block_text-block-image-overlay"],"modules-below-content_8_text-block-description":["<img class=\"aligncenter size-full wp-image-1895\" src=\"https:\/\/axholmen.se\/wp-content\/uploads\/2020\/01\/om-axholmen.png\" alt=\"\" width=\"1858\" height=\"805\" \/>"],"_modules-below-content_8_text-block-description":["group_page_modules_below-content_text-block_text-block-description"],"modules-below-content_8_text-block-buttons":[""],"_modules-below-content_8_text-block-buttons":["group_page_modules_below-content_text-block_text-block-buttons"],"_yoast_wpseo_estimated-reading-time-minutes":["0"],"_yoast_wpseo_wordproof_timestamp":[""]},"_links":{"self":[{"href":"https:\/\/axholmen.com\/sv\/wp-json\/wp\/v2\/pages\/1944","targetHints":{"allow":["GET"]}}],"collection":[{"href":"https:\/\/axholmen.com\/sv\/wp-json\/wp\/v2\/pages"}],"about":[{"href":"https:\/\/axholmen.com\/sv\/wp-json\/wp\/v2\/types\/page"}],"author":[{"embeddable":true,"href":"https:\/\/axholmen.com\/sv\/wp-json\/wp\/v2\/users\/6"}],"replies":[{"embeddable":true,"href":"https:\/\/axholmen.com\/sv\/wp-json\/wp\/v2\/comments?post=1944"}],"version-history":[{"count":0,"href":"https:\/\/axholmen.com\/sv\/wp-json\/wp\/v2\/pages\/1944\/revisions"}],"wp:featuredmedia":[{"embeddable":true,"href":"https:\/\/axholmen.com\/sv\/wp-json\/wp\/v2\/media\/1949"}],"wp:attachment":[{"href":"https:\/\/axholmen.com\/sv\/wp-json\/wp\/v2\/media?parent=1944"}],"curies":[{"name":"wp","href":"https:\/\/api.w.org\/{rel}","templated":true}]}}