{"id":2071,"date":"2020-09-03T09:27:57","date_gmt":"2020-09-03T07:27:57","guid":{"rendered":"https:\/\/axholmen.se\/?page_id=2071"},"modified":"2022-12-05T04:17:57","modified_gmt":"2022-12-05T03:17:57","slug":"prisoptimering-insight","status":"publish","type":"page","link":"https:\/\/axholmen.com\/sv\/prisoptimering-insight\/","title":{"rendered":"Prisoptimering"},"content":{"rendered":"","protected":false},"excerpt":{"rendered":"<p>F\u00f6r m\u00e5nga f\u00f6retag kommer majoriteten av int\u00e4kterna fr\u00e5n en befintlig kundbas i form av l\u00f6pande avtal eller nya aff\u00e4rer fr\u00e5n befintliga kunder. Prisjusteringar eller transition till en ny prismodell kan vara mycket viktiga v\u00e4rdeskapare &#8211; H\u00e4r delar vi sju framg\u00e5ngsfaktorer som vi anser i h\u00f6g grad p\u00e5verkar acceptansgraden oberoende av industri och geografi.<\/p>\n","protected":false},"author":6,"featured_media":2076,"parent":0,"menu_order":0,"comment_status":"closed","ping_status":"closed","template":"page-hero.php","meta":{"_acf_changed":false,"footnotes":""},"class_list":["post-2071","page","type-page","status-publish","has-post-thumbnail","hentry"],"acf":[],"yoast_head":"<!-- This site is optimized with the Yoast SEO plugin v27.4 - https:\/\/yoast.com\/product\/yoast-seo-wordpress\/ -->\n<title>Prisoptimering - | Axholmen<\/title>\n<meta name=\"description\" content=\"Prisjusteringar eller transiton till en ny prismodell kan vara mycket viktiga v\u00e4rdeskapare. Ta del av sju framg\u00e5ngsfaktorer som vi anser i h\u00f6g grad p\u00e5verkar acceptansgraden oberoende av industri och geografi.\" \/>\n<meta name=\"robots\" content=\"index, follow, max-snippet:-1, max-image-preview:large, max-video-preview:-1\" \/>\n<link rel=\"canonical\" href=\"https:\/\/axholmen.com\/sv\/prisoptimering-insight\/\" \/>\n<meta property=\"og:locale\" content=\"sv_SE\" \/>\n<meta property=\"og:type\" content=\"article\" \/>\n<meta property=\"og:title\" content=\"Prisoptimering - | Axholmen\" \/>\n<meta property=\"og:description\" content=\"Prisjusteringar eller transiton till en ny prismodell kan vara mycket viktiga v\u00e4rdeskapare. Ta del av sju framg\u00e5ngsfaktorer som vi anser i h\u00f6g grad p\u00e5verkar acceptansgraden oberoende av industri och geografi.\" \/>\n<meta property=\"og:url\" content=\"https:\/\/axholmen.com\/sv\/prisoptimering-insight\/\" \/>\n<meta property=\"og:site_name\" content=\"Axholmen\" \/>\n<meta property=\"article:modified_time\" content=\"2022-12-05T03:17:57+00:00\" \/>\n<meta property=\"og:image\" content=\"https:\/\/axholmen.com\/wp-content\/uploads\/2020\/09\/prissattning-prispunkter.jpg\" \/>\n\t<meta property=\"og:image:width\" content=\"2092\" \/>\n\t<meta property=\"og:image:height\" content=\"1386\" \/>\n\t<meta property=\"og:image:type\" content=\"image\/jpeg\" \/>\n<meta name=\"twitter:card\" content=\"summary_large_image\" \/>\n<script type=\"application\/ld+json\" class=\"yoast-schema-graph\">{\"@context\":\"https:\\\/\\\/schema.org\",\"@graph\":[{\"@type\":\"WebPage\",\"@id\":\"https:\\\/\\\/axholmen.com\\\/sv\\\/prisoptimering-insight\\\/\",\"url\":\"https:\\\/\\\/axholmen.com\\\/sv\\\/prisoptimering-insight\\\/\",\"name\":\"Prisoptimering - | Axholmen\",\"isPartOf\":{\"@id\":\"https:\\\/\\\/axholmen.com\\\/#website\"},\"primaryImageOfPage\":{\"@id\":\"https:\\\/\\\/axholmen.com\\\/sv\\\/prisoptimering-insight\\\/#primaryimage\"},\"image\":{\"@id\":\"https:\\\/\\\/axholmen.com\\\/sv\\\/prisoptimering-insight\\\/#primaryimage\"},\"thumbnailUrl\":\"https:\\\/\\\/axholmen.com\\\/wp-content\\\/uploads\\\/2020\\\/09\\\/prissattning-prispunkter.jpg\",\"datePublished\":\"2020-09-03T07:27:57+00:00\",\"dateModified\":\"2022-12-05T03:17:57+00:00\",\"description\":\"Prisjusteringar eller transiton till en ny prismodell kan vara mycket viktiga v\u00e4rdeskapare. Ta del av sju framg\u00e5ngsfaktorer som vi anser i h\u00f6g grad p\u00e5verkar acceptansgraden oberoende av industri och geografi.\",\"breadcrumb\":{\"@id\":\"https:\\\/\\\/axholmen.com\\\/sv\\\/prisoptimering-insight\\\/#breadcrumb\"},\"inLanguage\":\"sv-SE\",\"potentialAction\":[{\"@type\":\"ReadAction\",\"target\":[\"https:\\\/\\\/axholmen.com\\\/sv\\\/prisoptimering-insight\\\/\"]}]},{\"@type\":\"ImageObject\",\"inLanguage\":\"sv-SE\",\"@id\":\"https:\\\/\\\/axholmen.com\\\/sv\\\/prisoptimering-insight\\\/#primaryimage\",\"url\":\"https:\\\/\\\/axholmen.com\\\/wp-content\\\/uploads\\\/2020\\\/09\\\/prissattning-prispunkter.jpg\",\"contentUrl\":\"https:\\\/\\\/axholmen.com\\\/wp-content\\\/uploads\\\/2020\\\/09\\\/prissattning-prispunkter.jpg\",\"width\":2092,\"height\":1386},{\"@type\":\"BreadcrumbList\",\"@id\":\"https:\\\/\\\/axholmen.com\\\/sv\\\/prisoptimering-insight\\\/#breadcrumb\",\"itemListElement\":[{\"@type\":\"ListItem\",\"position\":1,\"name\":\"Axholmen\",\"item\":\"https:\\\/\\\/axholmen.com\\\/sv\\\/\"},{\"@type\":\"ListItem\",\"position\":2,\"name\":\"Prisoptimering\"}]},{\"@type\":\"WebSite\",\"@id\":\"https:\\\/\\\/axholmen.com\\\/#website\",\"url\":\"https:\\\/\\\/axholmen.com\\\/\",\"name\":\"Axholmen\",\"description\":\"\",\"potentialAction\":[{\"@type\":\"SearchAction\",\"target\":{\"@type\":\"EntryPoint\",\"urlTemplate\":\"https:\\\/\\\/axholmen.com\\\/?s={search_term_string}\"},\"query-input\":{\"@type\":\"PropertyValueSpecification\",\"valueRequired\":true,\"valueName\":\"search_term_string\"}}],\"inLanguage\":\"sv-SE\"}]}<\/script>\n<!-- \/ Yoast SEO plugin. -->","yoast_head_json":{"title":"Prisoptimering - | Axholmen","description":"Prisjusteringar eller transiton till en ny prismodell kan vara mycket viktiga v\u00e4rdeskapare. Ta del av sju framg\u00e5ngsfaktorer som vi anser i h\u00f6g grad p\u00e5verkar acceptansgraden oberoende av industri och geografi.","robots":{"index":"index","follow":"follow","max-snippet":"max-snippet:-1","max-image-preview":"max-image-preview:large","max-video-preview":"max-video-preview:-1"},"canonical":"https:\/\/axholmen.com\/sv\/prisoptimering-insight\/","og_locale":"sv_SE","og_type":"article","og_title":"Prisoptimering - | Axholmen","og_description":"Prisjusteringar eller transiton till en ny prismodell kan vara mycket viktiga v\u00e4rdeskapare. Ta del av sju framg\u00e5ngsfaktorer som vi anser i h\u00f6g grad p\u00e5verkar acceptansgraden oberoende av industri och geografi.","og_url":"https:\/\/axholmen.com\/sv\/prisoptimering-insight\/","og_site_name":"Axholmen","article_modified_time":"2022-12-05T03:17:57+00:00","og_image":[{"width":2092,"height":1386,"url":"https:\/\/axholmen.com\/wp-content\/uploads\/2020\/09\/prissattning-prispunkter.jpg","type":"image\/jpeg"}],"twitter_card":"summary_large_image","schema":{"@context":"https:\/\/schema.org","@graph":[{"@type":"WebPage","@id":"https:\/\/axholmen.com\/sv\/prisoptimering-insight\/","url":"https:\/\/axholmen.com\/sv\/prisoptimering-insight\/","name":"Prisoptimering - | Axholmen","isPartOf":{"@id":"https:\/\/axholmen.com\/#website"},"primaryImageOfPage":{"@id":"https:\/\/axholmen.com\/sv\/prisoptimering-insight\/#primaryimage"},"image":{"@id":"https:\/\/axholmen.com\/sv\/prisoptimering-insight\/#primaryimage"},"thumbnailUrl":"https:\/\/axholmen.com\/wp-content\/uploads\/2020\/09\/prissattning-prispunkter.jpg","datePublished":"2020-09-03T07:27:57+00:00","dateModified":"2022-12-05T03:17:57+00:00","description":"Prisjusteringar eller transiton till en ny prismodell kan vara mycket viktiga v\u00e4rdeskapare. Ta del av sju framg\u00e5ngsfaktorer som vi anser i h\u00f6g grad p\u00e5verkar acceptansgraden oberoende av industri och geografi.","breadcrumb":{"@id":"https:\/\/axholmen.com\/sv\/prisoptimering-insight\/#breadcrumb"},"inLanguage":"sv-SE","potentialAction":[{"@type":"ReadAction","target":["https:\/\/axholmen.com\/sv\/prisoptimering-insight\/"]}]},{"@type":"ImageObject","inLanguage":"sv-SE","@id":"https:\/\/axholmen.com\/sv\/prisoptimering-insight\/#primaryimage","url":"https:\/\/axholmen.com\/wp-content\/uploads\/2020\/09\/prissattning-prispunkter.jpg","contentUrl":"https:\/\/axholmen.com\/wp-content\/uploads\/2020\/09\/prissattning-prispunkter.jpg","width":2092,"height":1386},{"@type":"BreadcrumbList","@id":"https:\/\/axholmen.com\/sv\/prisoptimering-insight\/#breadcrumb","itemListElement":[{"@type":"ListItem","position":1,"name":"Axholmen","item":"https:\/\/axholmen.com\/sv\/"},{"@type":"ListItem","position":2,"name":"Prisoptimering"}]},{"@type":"WebSite","@id":"https:\/\/axholmen.com\/#website","url":"https:\/\/axholmen.com\/","name":"Axholmen","description":"","potentialAction":[{"@type":"SearchAction","target":{"@type":"EntryPoint","urlTemplate":"https:\/\/axholmen.com\/?s={search_term_string}"},"query-input":{"@type":"PropertyValueSpecification","valueRequired":true,"valueName":"search_term_string"}}],"inLanguage":"sv-SE"}]}},"custom_fields":{"_wpml_media_featured":["1","1","1","1","1","1","1","1","1"],"_wpml_media_duplicate":["1","1","1","1","1","1","1","1","1"],"_wp_page_template":["page-hero.php"],"modules-below-content":["a:10:{i:0;s:43:\"group_page_modules_below-content_share-page\";i:1;s:43:\"group_page_modules_below-content_text-block\";i:2;s:43:\"group_page_modules_below-content_text-block\";i:3;s:43:\"group_page_modules_below-content_text-block\";i:4;s:43:\"group_page_modules_below-content_text-block\";i:5;s:45:\"group_page_modules_below-content_contact-form\";i:6;s:42:\"group_page_modules_below-content_post-list\";i:7;s:43:\"group_page_modules_below-content_text-block\";i:8;s:43:\"group_page_modules_below-content_text-block\";i:9;s:43:\"group_page_modules_below-content_text-block\";}"],"_modules-below-content":["group_page_modules_below-content_modules"],"subtitle-title":["Sju framg\u00e5ngsfaktorer som i h\u00f6g grad p\u00e5verkar acceptansgraden f\u00f6r prisjusteringar "],"_subtitle-title":["group_page_subtitle-title"],"google-map-title":[""],"_google-map-title":["group_page_google-map-title"],"google-map-description":[""],"_google-map-description":["group_page_google-map-description"],"google-map-info-window":[""],"_google-map-info-window":["group_page_google-map-info-window"],"google-map":[""],"_google-map":["group_page_google-map"],"_thumbnail_id":["2076"],"_yoast_wpseo_metadesc":["Prisjusteringar eller transiton till en ny prismodell kan vara mycket viktiga v\u00e4rdeskapare. Ta del av sju framg\u00e5ngsfaktorer som vi anser i h\u00f6g grad p\u00e5verkar acceptansgraden oberoende av industri och geografi."],"_yoast_wpseo_title":["%%title%% - %%page%% | %%sitename%%"],"modules-below-content_0_template":["share-page\/default"],"_modules-below-content_0_template":["group_page_modules_below-content_share-page-template"],"modules-below-content_0_share_page_title":[""],"_modules-below-content_0_share_page_title":["group_page_modules_below-content_share-page_share_page_title"],"modules-below-content_0_share_page_description":["Skrivet av: Carl-Adam W\u00e5hlstedt &amp; Milosz Tersmeden"],"_modules-below-content_0_share_page_description":["group_page_modules_below-content_share-page_share_page_description"],"modules-below-content_0_share_page_url":[""],"_modules-below-content_0_share_page_url":["group_page_modules_below-content_share-page_share_page_url"],"modules-below-content_0_share_page_services":["a:4:{i:0;s:8:\"Facebook\";i:1;s:7:\"Twitter\";i:2;s:8:\"LinkedIn\";i:3;s:5:\"Email\";}"],"_modules-below-content_0_share_page_services":["group_page_modules_below-content_share-page_share_page_services"],"modules-below-content_3_template":["text-block\/image-background"],"_modules-below-content_3_template":["group_page_modules_below-content_text-block-template"],"modules-below-content_3_text-block-title":[""],"_modules-below-content_3_text-block-title":["group_page_modules_below-content_text-block_text-block-title"],"modules-below-content_3_text-block-image":["1415"],"_modules-below-content_3_text-block-image":["group_page_modules_below-content_text-block_text-block-image"],"modules-below-content_3_text-block-image-overlay":["1"],"_modules-below-content_3_text-block-image-overlay":["group_page_modules_below-content_text-block_text-block-image-overlay"],"modules-below-content_3_text-block-description":[""],"_modules-below-content_3_text-block-description":["group_page_modules_below-content_text-block_text-block-description"],"modules-below-content_3_text-block-buttons":[""],"_modules-below-content_3_text-block-buttons":["group_page_modules_below-content_text-block_text-block-buttons"],"modules-below-content_2_template":["text-block\/default"],"_modules-below-content_2_template":["group_page_modules_below-content_text-block-template"],"modules-below-content_2_text-block-title":["Prisoptimering"],"_modules-below-content_2_text-block-title":["group_page_modules_below-content_text-block_text-block-title"],"modules-below-content_2_text-block-image":[""],"_modules-below-content_2_text-block-image":["group_page_modules_below-content_text-block_text-block-image"],"modules-below-content_2_text-block-image-overlay":["0"],"_modules-below-content_2_text-block-image-overlay":["group_page_modules_below-content_text-block_text-block-image-overlay"],"modules-below-content_2_text-block-description":["&nbsp;\r\n\r\n<img class=\"aligncenter size-full wp-image-2072\" src=\"https:\/\/axholmen.se\/wp-content\/uploads\/2020\/09\/axholmen-5-pricing_linkedin4.png\" alt=\"\" width=\"1200\" height=\"615\" \/>\r\n\r\n1)<strong> Power of data <\/strong>\u2013 Use data analysis for new insights and to balance inherent intuition\r\n\r\n2) <strong>Mitigate risk<\/strong> \u2013 Understand risks and mitigate potential negative effects, pilot before full roll out\r\n\r\n3) <strong>Timing <\/strong>\u2013 Use timing triggers to increase acceptance rate of commercial changes\r\n\r\n4) <strong>Rationale <\/strong>\u2013 Be proactive and ensure that commercial changes \u201cmake sense\u201d for the customer\r\n\r\n5) <strong>Psychology<\/strong>\u00a0\u2013 Educate on common psychological pitfalls to break old habits\r\n\r\n6) <strong>Guidance driven by experience and results<\/strong> \u2013 Use a fact-based approach to anchor initiatives and inspire the organization by introducing success stories to show \u201cit is possible\u201d\r\n\r\n7) <strong>Work together<\/strong> \u2013 Gain trust, share common pitfalls from real life cases and share the pricing optimization tool box"],"_modules-below-content_2_text-block-description":["group_page_modules_below-content_text-block_text-block-description"],"modules-below-content_2_text-block-buttons":[""],"_modules-below-content_2_text-block-buttons":["group_page_modules_below-content_text-block_text-block-buttons"],"modules-below-content_1_template":["text-block\/image-background"],"_modules-below-content_1_template":["group_page_modules_below-content_text-block-template"],"modules-below-content_1_text-block-title":[""],"_modules-below-content_1_text-block-title":["group_page_modules_below-content_text-block_text-block-title"],"modules-below-content_1_text-block-image":["1415"],"_modules-below-content_1_text-block-image":["group_page_modules_below-content_text-block_text-block-image"],"modules-below-content_1_text-block-image-overlay":["1"],"_modules-below-content_1_text-block-image-overlay":["group_page_modules_below-content_text-block_text-block-image-overlay"],"modules-below-content_1_text-block-description":[""],"_modules-below-content_1_text-block-description":["group_page_modules_below-content_text-block_text-block-description"],"modules-below-content_1_text-block-buttons":[""],"_modules-below-content_1_text-block-buttons":["group_page_modules_below-content_text-block_text-block-buttons"],"modules-below-content_9_template":["text-block\/default"],"_modules-below-content_9_template":["group_page_modules_below-content_text-block-template"],"modules-below-content_9_text-block-title":["Om Axholmen"],"_modules-below-content_9_text-block-title":["group_page_modules_below-content_text-block_text-block-title"],"modules-below-content_9_text-block-image":[""],"_modules-below-content_9_text-block-image":["group_page_modules_below-content_text-block_text-block-image"],"modules-below-content_9_text-block-image-overlay":["0"],"_modules-below-content_9_text-block-image-overlay":["group_page_modules_below-content_text-block_text-block-image-overlay"],"modules-below-content_9_text-block-description":["<img class=\"aligncenter size-full wp-image-1895\" src=\"https:\/\/axholmen.se\/wp-content\/uploads\/2020\/01\/om-axholmen.png\" alt=\"\" width=\"1858\" height=\"805\" \/>"],"_modules-below-content_9_text-block-description":["group_page_modules_below-content_text-block_text-block-description"],"modules-below-content_9_text-block-buttons":[""],"_modules-below-content_9_text-block-buttons":["group_page_modules_below-content_text-block_text-block-buttons"],"modules-below-content_7_template":["text-block\/default"],"_modules-below-content_7_template":["group_page_modules_below-content_text-block-template"],"modules-below-content_7_text-block-title":[""],"_modules-below-content_7_text-block-title":["group_page_modules_below-content_text-block_text-block-title"],"modules-below-content_7_text-block-image":[""],"_modules-below-content_7_text-block-image":["group_page_modules_below-content_text-block_text-block-image"],"modules-below-content_7_text-block-image-overlay":["0"],"_modules-below-content_7_text-block-image-overlay":["group_page_modules_below-content_text-block_text-block-image-overlay"],"modules-below-content_7_text-block-description":[""],"_modules-below-content_7_text-block-description":["group_page_modules_below-content_text-block_text-block-description"],"modules-below-content_7_text-block-buttons_0_button-link":["a:3:{s:5:\"title\";s:36:\"Ta del av flera av v\u00e5ra whitepapers\";s:3:\"url\";s:36:\"https:\/\/axholmen.com\/sv\/inspiration\/\";s:6:\"target\";s:6:\"_blank\";}"],"_modules-below-content_7_text-block-buttons_0_button-link":["group_page_modules_below-content_text-block_text-block-buttons_button-link"],"modules-below-content_7_text-block-buttons_0_button-color":["primary"],"_modules-below-content_7_text-block-buttons_0_button-color":["group_page_modules_below-content_text-block_text-block-buttons_button-color"],"modules-below-content_7_text-block-buttons_0_button-ghost":["1"],"_modules-below-content_7_text-block-buttons_0_button-ghost":["group_page_modules_below-content_text-block_text-block-buttons_button-ghost"],"modules-below-content_7_text-block-buttons_0_button-icon":[""],"_modules-below-content_7_text-block-buttons_0_button-icon":["group_page_modules_below-content_text-block_text-block-buttons_button-icon"],"modules-below-content_7_text-block-buttons":["1"],"_modules-below-content_7_text-block-buttons":["group_page_modules_below-content_text-block_text-block-buttons"],"modules-below-content_5_template":["contact-form\/default"],"_modules-below-content_5_template":["group_page_modules_below-content_contact-form-template"],"modules-below-content_5_contact-form-title":["Kontakta oss g\u00e4rna f\u00f6r mer information eller f\u00f6r att boka ett f\u00f6ruts\u00e4ttningsl\u00f6st m\u00f6te"],"_modules-below-content_5_contact-form-title":["group_page_modules_below-content_contact-form_contact-form-title"],"modules-below-content_5_contact-form-image":["633"],"_modules-below-content_5_contact-form-image":["group_page_modules_below-content_contact-form_contact-form-image"],"modules-below-content_5_contact-form-description":[""],"_modules-below-content_5_contact-form-description":["group_page_modules_below-content_contact-form_contact-form-description"],"modules-below-content_5_contact-form-id":["433"],"_modules-below-content_5_contact-form-id":["group_page_modules_below-content_contact-form_contact-form-id"],"modules-below-content_6_template":["post-list\/default"],"_modules-below-content_6_template":["group_page_modules_below-content_post-list-template"],"modules-below-content_6_post-list-title":["Ta del av v\u00e5ra Whitepapers"],"_modules-below-content_6_post-list-title":["group_page_modules_below-content_post-list_post-list-title"],"modules-below-content_6_post-list-description":[""],"_modules-below-content_6_post-list-description":["group_page_modules_below-content_post-list_post-list-description"],"modules-below-content_6_post-list-posts":["a:3:{i:0;s:4:\"1897\";i:1;s:4:\"1651\";i:2;s:3:\"647\";}"],"_modules-below-content_6_post-list-posts":["group_page_modules_below-content_post-list_post-list-posts"],"_yoast_wpseo_focuskw":["Prisoptimering"],"_yoast_wpseo_linkdex":["35"],"_dp_original":["1667"],"_edit_lock":["1680778017:36"],"_edit_last":["50"],"modules-below-content_8_template":["text-block\/image-background"],"_modules-below-content_8_template":["group_page_modules_below-content_text-block-template"],"modules-below-content_8_text-block-title":["L\u00e4s mer om hur vi kan hj\u00e4lpa ert f\u00f6retag"],"_modules-below-content_8_text-block-title":["group_page_modules_below-content_text-block_text-block-title"],"modules-below-content_8_text-block-image":["769"],"_modules-below-content_8_text-block-image":["group_page_modules_below-content_text-block_text-block-image"],"modules-below-content_8_text-block-image-overlay":["0"],"_modules-below-content_8_text-block-image-overlay":["group_page_modules_below-content_text-block_text-block-image-overlay"],"modules-below-content_8_text-block-description":[""],"_modules-below-content_8_text-block-description":["group_page_modules_below-content_text-block_text-block-description"],"modules-below-content_8_text-block-buttons":["3"],"_modules-below-content_8_text-block-buttons":["group_page_modules_below-content_text-block_text-block-buttons"],"modules-below-content_8_text-block-buttons_0_button-link":["a:3:{s:5:\"title\";s:23:\"Optimera dina int\u00e4kter\";s:3:\"url\";s:56:\"https:\/\/axholmen.com\/sv\/tjanster\/kommersiell-optimering\/\";s:6:\"target\";s:6:\"_blank\";}"],"_modules-below-content_8_text-block-buttons_0_button-link":["group_page_modules_below-content_text-block_text-block-buttons_button-link"],"modules-below-content_8_text-block-buttons_0_button-color":["primary"],"_modules-below-content_8_text-block-buttons_0_button-color":["group_page_modules_below-content_text-block_text-block-buttons_button-color"],"modules-below-content_8_text-block-buttons_0_button-ghost":["0"],"_modules-below-content_8_text-block-buttons_0_button-ghost":["group_page_modules_below-content_text-block_text-block-buttons_button-ghost"],"modules-below-content_8_text-block-buttons_0_button-icon":[""],"_modules-below-content_8_text-block-buttons_0_button-icon":["group_page_modules_below-content_text-block_text-block-buttons_button-icon"],"modules-below-content_8_text-block-buttons_1_button-link":["a:3:{s:5:\"title\";s:39:\"Utforma din organisation f\u00f6r framtiden\";s:3:\"url\";s:56:\"https:\/\/axholmen.com\/sv\/tjanster\/strukturell-forandring\/\";s:6:\"target\";s:6:\"_blank\";}"],"_modules-below-content_8_text-block-buttons_1_button-link":["group_page_modules_below-content_text-block_text-block-buttons_button-link"],"modules-below-content_8_text-block-buttons_1_button-color":["primary"],"_modules-below-content_8_text-block-buttons_1_button-color":["group_page_modules_below-content_text-block_text-block-buttons_button-color"],"modules-below-content_8_text-block-buttons_1_button-ghost":["0"],"_modules-below-content_8_text-block-buttons_1_button-ghost":["group_page_modules_below-content_text-block_text-block-buttons_button-ghost"],"modules-below-content_8_text-block-buttons_1_button-icon":[""],"_modules-below-content_8_text-block-buttons_1_button-icon":["group_page_modules_below-content_text-block_text-block-buttons_button-icon"],"modules-below-content_8_text-block-buttons_2_button-link":["a:3:{s:5:\"title\";s:29:\"Skapa best\u00e5ende effektivitet\";s:3:\"url\";s:58:\"https:\/\/axholmen.com\/sv\/tjanster\/effektivitetsforbattring\/\";s:6:\"target\";s:6:\"_blank\";}"],"_modules-below-content_8_text-block-buttons_2_button-link":["group_page_modules_below-content_text-block_text-block-buttons_button-link"],"modules-below-content_8_text-block-buttons_2_button-color":["primary"],"_modules-below-content_8_text-block-buttons_2_button-color":["group_page_modules_below-content_text-block_text-block-buttons_button-color"],"modules-below-content_8_text-block-buttons_2_button-ghost":["0"],"_modules-below-content_8_text-block-buttons_2_button-ghost":["group_page_modules_below-content_text-block_text-block-buttons_button-ghost"],"modules-below-content_8_text-block-buttons_2_button-icon":[""],"_modules-below-content_8_text-block-buttons_2_button-icon":["group_page_modules_below-content_text-block_text-block-buttons_button-icon"],"_yoast_wpseo_estimated-reading-time-minutes":["0"],"modules-below-content_4_template":["text-block\/default"],"_modules-below-content_4_template":["group_page_modules_below-content_text-block-template"],"modules-below-content_4_text-block-title":["Vill du veta mer? Kontakta f\u00f6rfattare och ansvarig partner"],"_modules-below-content_4_text-block-title":["group_page_modules_below-content_text-block_text-block-title"],"modules-below-content_4_text-block-image":[""],"_modules-below-content_4_text-block-image":["group_page_modules_below-content_text-block_text-block-image"],"modules-below-content_4_text-block-image-overlay":["0"],"_modules-below-content_4_text-block-image-overlay":["group_page_modules_below-content_text-block_text-block-image-overlay"],"modules-below-content_4_text-block-description":["<img class=\"size-full wp-image-2666 aligncenter\" src=\"https:\/\/axholmen.com\/wp-content\/uploads\/2021\/11\/milosz-tersmeden-managing-partner-and-ceo-eng-1.png\" alt=\"\" width=\"649\" height=\"214\" \/>"],"_modules-below-content_4_text-block-description":["group_page_modules_below-content_text-block_text-block-description"],"modules-below-content_4_text-block-buttons":[""],"_modules-below-content_4_text-block-buttons":["group_page_modules_below-content_text-block_text-block-buttons"],"_yoast_wpseo_wordproof_timestamp":[""]},"_links":{"self":[{"href":"https:\/\/axholmen.com\/sv\/wp-json\/wp\/v2\/pages\/2071","targetHints":{"allow":["GET"]}}],"collection":[{"href":"https:\/\/axholmen.com\/sv\/wp-json\/wp\/v2\/pages"}],"about":[{"href":"https:\/\/axholmen.com\/sv\/wp-json\/wp\/v2\/types\/page"}],"author":[{"embeddable":true,"href":"https:\/\/axholmen.com\/sv\/wp-json\/wp\/v2\/users\/6"}],"replies":[{"embeddable":true,"href":"https:\/\/axholmen.com\/sv\/wp-json\/wp\/v2\/comments?post=2071"}],"version-history":[{"count":0,"href":"https:\/\/axholmen.com\/sv\/wp-json\/wp\/v2\/pages\/2071\/revisions"}],"wp:featuredmedia":[{"embeddable":true,"href":"https:\/\/axholmen.com\/sv\/wp-json\/wp\/v2\/media\/2076"}],"wp:attachment":[{"href":"https:\/\/axholmen.com\/sv\/wp-json\/wp\/v2\/media?parent=2071"}],"curies":[{"name":"wp","href":"https:\/\/api.w.org\/{rel}","templated":true}]}}