{"id":208,"date":"2017-11-28T07:17:29","date_gmt":"2017-11-28T06:17:29","guid":{"rendered":"http:\/\/axholmen.se\/jobba-hos-oss\/"},"modified":"2025-08-21T12:19:26","modified_gmt":"2025-08-21T10:19:26","slug":"jobba-hos-oss","status":"publish","type":"page","link":"https:\/\/axholmen.com\/sv\/jobba-hos-oss\/","title":{"rendered":"Bli en av oss"},"content":{"rendered":"","protected":false},"excerpt":{"rendered":"<p>Vill du hj\u00e4lpa v\u00e5ra kunder att l\u00f6sa sina aff\u00e4rsutmaningar? \u00c4r du en or\u00e4dd relationsbyggare med analytisk sk\u00e4rpa ut\u00f6ver det vanliga? V\u00e4lkommen till oss p\u00e5 Axholmen. Vi ser en stark efterfr\u00e5gan av v\u00e5ra tj\u00e4nster och s\u00f6ker nu topptalanger som vill vara med p\u00e5 v\u00e5r fortsatta resa.<\/p>\n","protected":false},"author":1,"featured_media":3308,"parent":0,"menu_order":2,"comment_status":"closed","ping_status":"closed","template":"page-hero.php","meta":{"_acf_changed":false,"footnotes":""},"class_list":["post-208","page","type-page","status-publish","has-post-thumbnail","hentry"],"acf":[],"yoast_head":"<!-- This site is optimized with the Yoast SEO plugin v27.5 - https:\/\/yoast.com\/product\/yoast-seo-wordpress\/ -->\n<title>Bli en av oss - Axholmen<\/title>\n<meta name=\"description\" content=\"Axholmen s\u00f6ker strategi- och managementkonsulter i Norden som tilltalas av v\u00e5r filosofi att dela kundens m\u00e5l och risk, och av att jobba n\u00e4ra kunden\" \/>\n<meta name=\"robots\" content=\"index, follow, max-snippet:-1, max-image-preview:large, max-video-preview:-1\" \/>\n<link rel=\"canonical\" href=\"https:\/\/axholmen.com\/sv\/jobba-hos-oss\/\" \/>\n<meta property=\"og:locale\" content=\"sv_SE\" \/>\n<meta property=\"og:type\" content=\"article\" \/>\n<meta property=\"og:title\" content=\"Bli en av oss - Axholmen\" \/>\n<meta property=\"og:description\" content=\"Axholmen s\u00f6ker strategi- och managementkonsulter i Norden som tilltalas av v\u00e5r filosofi att dela kundens m\u00e5l och risk, och av att jobba n\u00e4ra kunden\" \/>\n<meta property=\"og:url\" content=\"https:\/\/axholmen.com\/sv\/jobba-hos-oss\/\" \/>\n<meta property=\"og:site_name\" content=\"Axholmen\" \/>\n<meta property=\"article:modified_time\" content=\"2025-08-21T10:19:26+00:00\" \/>\n<meta property=\"og:image\" content=\"https:\/\/axholmen.com\/wp-content\/uploads\/2022\/10\/z8a5929-e1666007866497-1920x1080.jpg\" \/>\n\t<meta property=\"og:image:width\" content=\"1920\" \/>\n\t<meta property=\"og:image:height\" content=\"1080\" \/>\n\t<meta property=\"og:image:type\" content=\"image\/jpeg\" \/>\n<meta name=\"twitter:card\" content=\"summary_large_image\" \/>\n<meta name=\"twitter:label1\" content=\"Ber\u00e4knad l\u00e4stid\" \/>\n\t<meta name=\"twitter:data1\" content=\"1 minut\" \/>\n<script type=\"application\/ld+json\" class=\"yoast-schema-graph\">{\"@context\":\"https:\\\/\\\/schema.org\",\"@graph\":[{\"@type\":\"WebPage\",\"@id\":\"https:\\\/\\\/axholmen.com\\\/sv\\\/jobba-hos-oss\\\/\",\"url\":\"https:\\\/\\\/axholmen.com\\\/sv\\\/jobba-hos-oss\\\/\",\"name\":\"Bli en av oss - Axholmen\",\"isPartOf\":{\"@id\":\"https:\\\/\\\/axholmen.com\\\/#website\"},\"primaryImageOfPage\":{\"@id\":\"https:\\\/\\\/axholmen.com\\\/sv\\\/jobba-hos-oss\\\/#primaryimage\"},\"image\":{\"@id\":\"https:\\\/\\\/axholmen.com\\\/sv\\\/jobba-hos-oss\\\/#primaryimage\"},\"thumbnailUrl\":\"https:\\\/\\\/axholmen.com\\\/wp-content\\\/uploads\\\/2022\\\/10\\\/z8a5929-e1666007866497.jpg\",\"datePublished\":\"2017-11-28T06:17:29+00:00\",\"dateModified\":\"2025-08-21T10:19:26+00:00\",\"description\":\"Axholmen s\u00f6ker strategi- och managementkonsulter i Norden som tilltalas av v\u00e5r filosofi att dela kundens m\u00e5l och risk, och av att jobba n\u00e4ra kunden\",\"breadcrumb\":{\"@id\":\"https:\\\/\\\/axholmen.com\\\/sv\\\/jobba-hos-oss\\\/#breadcrumb\"},\"inLanguage\":\"sv-SE\",\"potentialAction\":[{\"@type\":\"ReadAction\",\"target\":[\"https:\\\/\\\/axholmen.com\\\/sv\\\/jobba-hos-oss\\\/\"]}]},{\"@type\":\"ImageObject\",\"inLanguage\":\"sv-SE\",\"@id\":\"https:\\\/\\\/axholmen.com\\\/sv\\\/jobba-hos-oss\\\/#primaryimage\",\"url\":\"https:\\\/\\\/axholmen.com\\\/wp-content\\\/uploads\\\/2022\\\/10\\\/z8a5929-e1666007866497.jpg\",\"contentUrl\":\"https:\\\/\\\/axholmen.com\\\/wp-content\\\/uploads\\\/2022\\\/10\\\/z8a5929-e1666007866497.jpg\",\"width\":2000,\"height\":1125},{\"@type\":\"BreadcrumbList\",\"@id\":\"https:\\\/\\\/axholmen.com\\\/sv\\\/jobba-hos-oss\\\/#breadcrumb\",\"itemListElement\":[{\"@type\":\"ListItem\",\"position\":1,\"name\":\"Axholmen\",\"item\":\"https:\\\/\\\/axholmen.com\\\/sv\\\/\"},{\"@type\":\"ListItem\",\"position\":2,\"name\":\"Bli en av oss\"}]},{\"@type\":\"WebSite\",\"@id\":\"https:\\\/\\\/axholmen.com\\\/#website\",\"url\":\"https:\\\/\\\/axholmen.com\\\/\",\"name\":\"Axholmen\",\"description\":\"\",\"potentialAction\":[{\"@type\":\"SearchAction\",\"target\":{\"@type\":\"EntryPoint\",\"urlTemplate\":\"https:\\\/\\\/axholmen.com\\\/?s={search_term_string}\"},\"query-input\":{\"@type\":\"PropertyValueSpecification\",\"valueRequired\":true,\"valueName\":\"search_term_string\"}}],\"inLanguage\":\"sv-SE\"}]}<\/script>\n<!-- \/ Yoast SEO plugin. -->","yoast_head_json":{"title":"Bli en av oss - Axholmen","description":"Axholmen s\u00f6ker strategi- och managementkonsulter i Norden som tilltalas av v\u00e5r filosofi att dela kundens m\u00e5l och risk, och av att jobba n\u00e4ra kunden","robots":{"index":"index","follow":"follow","max-snippet":"max-snippet:-1","max-image-preview":"max-image-preview:large","max-video-preview":"max-video-preview:-1"},"canonical":"https:\/\/axholmen.com\/sv\/jobba-hos-oss\/","og_locale":"sv_SE","og_type":"article","og_title":"Bli en av oss - Axholmen","og_description":"Axholmen s\u00f6ker strategi- och managementkonsulter i Norden som tilltalas av v\u00e5r filosofi att dela kundens m\u00e5l och risk, och av att jobba n\u00e4ra kunden","og_url":"https:\/\/axholmen.com\/sv\/jobba-hos-oss\/","og_site_name":"Axholmen","article_modified_time":"2025-08-21T10:19:26+00:00","og_image":[{"width":1920,"height":1080,"url":"https:\/\/axholmen.com\/wp-content\/uploads\/2022\/10\/z8a5929-e1666007866497-1920x1080.jpg","type":"image\/jpeg"}],"twitter_card":"summary_large_image","twitter_misc":{"Ber\u00e4knad l\u00e4stid":"1 minut"},"schema":{"@context":"https:\/\/schema.org","@graph":[{"@type":"WebPage","@id":"https:\/\/axholmen.com\/sv\/jobba-hos-oss\/","url":"https:\/\/axholmen.com\/sv\/jobba-hos-oss\/","name":"Bli en av oss - Axholmen","isPartOf":{"@id":"https:\/\/axholmen.com\/#website"},"primaryImageOfPage":{"@id":"https:\/\/axholmen.com\/sv\/jobba-hos-oss\/#primaryimage"},"image":{"@id":"https:\/\/axholmen.com\/sv\/jobba-hos-oss\/#primaryimage"},"thumbnailUrl":"https:\/\/axholmen.com\/wp-content\/uploads\/2022\/10\/z8a5929-e1666007866497.jpg","datePublished":"2017-11-28T06:17:29+00:00","dateModified":"2025-08-21T10:19:26+00:00","description":"Axholmen s\u00f6ker strategi- och managementkonsulter i Norden som tilltalas av v\u00e5r filosofi att dela kundens m\u00e5l och risk, och av att jobba n\u00e4ra kunden","breadcrumb":{"@id":"https:\/\/axholmen.com\/sv\/jobba-hos-oss\/#breadcrumb"},"inLanguage":"sv-SE","potentialAction":[{"@type":"ReadAction","target":["https:\/\/axholmen.com\/sv\/jobba-hos-oss\/"]}]},{"@type":"ImageObject","inLanguage":"sv-SE","@id":"https:\/\/axholmen.com\/sv\/jobba-hos-oss\/#primaryimage","url":"https:\/\/axholmen.com\/wp-content\/uploads\/2022\/10\/z8a5929-e1666007866497.jpg","contentUrl":"https:\/\/axholmen.com\/wp-content\/uploads\/2022\/10\/z8a5929-e1666007866497.jpg","width":2000,"height":1125},{"@type":"BreadcrumbList","@id":"https:\/\/axholmen.com\/sv\/jobba-hos-oss\/#breadcrumb","itemListElement":[{"@type":"ListItem","position":1,"name":"Axholmen","item":"https:\/\/axholmen.com\/sv\/"},{"@type":"ListItem","position":2,"name":"Bli en av oss"}]},{"@type":"WebSite","@id":"https:\/\/axholmen.com\/#website","url":"https:\/\/axholmen.com\/","name":"Axholmen","description":"","potentialAction":[{"@type":"SearchAction","target":{"@type":"EntryPoint","urlTemplate":"https:\/\/axholmen.com\/?s={search_term_string}"},"query-input":{"@type":"PropertyValueSpecification","valueRequired":true,"valueName":"search_term_string"}}],"inLanguage":"sv-SE"}]}},"custom_fields":{"_edit_lock":["1755771424:6"],"_edit_last":["6"],"_thumbnail_id":["3308"],"_wp_page_template":["page-hero.php"],"subtitle-title":["Or\u00e4dda managementkonsulter som \u00e4lskar resultat"],"_subtitle-title":["group_page_subtitle-title"],"modules-below-content":["a:4:{i:0;s:49:\"group_page_modules_below-content_image-navigation\";i:1;s:43:\"group_page_modules_below-content_text-block\";i:2;s:46:\"group_page_modules_below-content_sideways-tabs\";i:3;s:42:\"group_page_modules_below-content_post-list\";}"],"_modules-below-content":["group_page_modules_below-content_modules"],"modules-above-content":[""],"_modules-above-content":["group_page_modules_above-content_modules"],"google-map-title":[""],"_google-map-title":["group_page_google-map-title"],"google-map-description":[""],"_google-map-description":["group_page_google-map-description"],"google-map-info-window":[""],"_google-map-info-window":["group_page_google-map-info-window"],"google-map":[""],"_google-map":["group_page_google-map"],"modules-below-content_2_text-block-title-tag":["h2"],"_modules-below-content_2_text-block-title-tag":["group_page_modules_below-content_text-block_text-block-title-tag"],"modules-below-content_3_template":["post-list\/default"],"_modules-below-content_3_template":["group_page_modules_below-content_post-list-template"],"modules-below-content_3_post-list-title":["Relaterade inl\u00e4gg"],"_modules-below-content_3_post-list-title":["group_page_modules_below-content_post-list_post-list-title"],"modules-below-content_3_post-list-description":[""],"_modules-below-content_3_post-list-description":["group_page_modules_below-content_post-list_post-list-description"],"modules-below-content_3_post-list-posts":["a:23:{i:0;s:4:\"4637\";i:1;s:4:\"4642\";i:2;s:4:\"4383\";i:3;s:4:\"4359\";i:4;s:4:\"3742\";i:5;s:4:\"3682\";i:6;s:4:\"3137\";i:7;s:4:\"3157\";i:8;s:4:\"3050\";i:9;s:4:\"2600\";i:10;s:4:\"2681\";i:11;s:4:\"2068\";i:12;s:4:\"1590\";i:13;s:4:\"1544\";i:14;s:4:\"1379\";i:15;s:3:\"994\";i:16;s:3:\"885\";i:17;s:3:\"858\";i:18;s:3:\"776\";i:19;s:3:\"667\";i:20;s:3:\"668\";i:21;s:3:\"670\";i:22;s:3:\"671\";}"],"_modules-below-content_3_post-list-posts":["group_page_modules_below-content_post-list_post-list-posts"],"_wpml_media_duplicate":["0"],"_wpml_media_featured":["0"],"_yoast_wpseo_metadesc":["Axholmen s\u00f6ker strategi- och managementkonsulter i Norden som tilltalas av v\u00e5r filosofi att dela kundens m\u00e5l och risk, och av att jobba n\u00e4ra kunden"],"_yoast_wpseo_estimated-reading-time-minutes":["1"],"_yoast_wpseo_wordproof_timestamp":[""],"modules-below-content_2_template":["sideways-tabs\/default"],"_modules-below-content_2_template":["group_page_modules_below-content_sideways-tabs-template"],"modules-below-content_2_sideways-tabs-title":["V\u00e5ra v\u00e4rderingar"],"_modules-below-content_2_sideways-tabs-title":["group_page_modules_below-content_sideways-tabs_sideways-tabs-title"],"modules-below-content_2_sideways-tabs_0_sideways-tab-title":["Utmanare"],"_modules-below-content_2_sideways-tabs_0_sideways-tab-title":["group_page_modules_below-content_sideways-tabs_sideways-tabs_sideways-tab-title"],"modules-below-content_2_sideways-tabs_0_sideways-tab-content":["Att utmana syns\u00e4tt hos varandra och givna sanningar hos v\u00e5ra kunder \u00e4r v\u00e5r livsnerv.\u00a0Genom att utmana skapar vi v\u00e4rde bortom facilitering och projektledning."],"_modules-below-content_2_sideways-tabs_0_sideways-tab-content":["group_page_modules_below-content_sideways-tabs_sideways-tabs_sideways-tab-content"],"modules-below-content_2_sideways-tabs_1_sideways-tab-title":["Aff\u00e4rsfokus"],"_modules-below-content_2_sideways-tabs_1_sideways-tab-title":["group_page_modules_below-content_sideways-tabs_sideways-tabs_sideways-tab-title"],"modules-below-content_2_sideways-tabs_1_sideways-tab-content":["Vi fokuserar p\u00e5 det som skapar mest v\u00e4rde f\u00f6r kund.\u00a0Vi vet att \u201dkundens framg\u00e5ng \u00e4r Axholmens framg\u00e5ng\u201d och vi str\u00e4var efter en win-win situation i alla v\u00e5ra kundrelationer."],"_modules-below-content_2_sideways-tabs_1_sideways-tab-content":["group_page_modules_below-content_sideways-tabs_sideways-tabs_sideways-tab-content"],"modules-below-content_2_sideways-tabs_2_sideways-tab-title":["Integritet"],"_modules-below-content_2_sideways-tabs_2_sideways-tab-title":["group_page_modules_below-content_sideways-tabs_sideways-tabs_sideways-tab-title"],"modules-below-content_2_sideways-tabs_2_sideways-tab-content":["L\u00e5ngsiktig framg\u00e5ng baseras p\u00e5 h\u00f6g etik - en god aff\u00e4r ska vara god f\u00f6r v\u00e5r kund l\u00e5ngt efter avslutat uppdrag.\u00a0Vi st\u00e5r upp f\u00f6r viktiga insikter \u00e4ven n\u00e4r sanningen kan vara obekv\u00e4m."],"_modules-below-content_2_sideways-tabs_2_sideways-tab-content":["group_page_modules_below-content_sideways-tabs_sideways-tabs_sideways-tab-content"],"modules-below-content_2_sideways-tabs_3_sideways-tab-title":["Enkelhet & pragmatism"],"_modules-below-content_2_sideways-tabs_3_sideways-tab-title":["group_page_modules_below-content_sideways-tabs_sideways-tabs_sideways-tab-title"],"modules-below-content_2_sideways-tabs_3_sideways-tab-content":["Vi lyfter fram det aff\u00e4rsm\u00e4ssigt mest v\u00e4sentliga och presenterar tydliga beslutspunkter.\u00a0V\u00e5rt fokus \u00e4r p\u00e5 syfte &amp; m\u00e5l och vi \u00e4r beredda att anpassa medel och v\u00e4g dit.\u00a0Vi anpassar oss \u00e4ven till r\u00e5dande kultur hos kund."],"_modules-below-content_2_sideways-tabs_3_sideways-tab-content":["group_page_modules_below-content_sideways-tabs_sideways-tabs_sideways-tab-content"],"modules-below-content_2_sideways-tabs_4_sideways-tab-title":["Omtanke"],"_modules-below-content_2_sideways-tabs_4_sideways-tab-title":["group_page_modules_below-content_sideways-tabs_sideways-tabs_sideways-tab-title"],"modules-below-content_2_sideways-tabs_4_sideways-tab-content":["Vi \u00e4r intresserade av individen och bryr oss bortom p\u00e5g\u00e5ende uppdrag.\u00a0Vi bygger lojalitet och goda relationer hos kunden.\u00a0Vi st\u00e4ller upp p\u00e5 varandra och f\u00f6r Axholmen \u00e4ven n\u00e4r vi har mycket att g\u00f6ra, n\u00e4r vi ger f\u00e5r vi ocks\u00e5 tillbaka."],"_modules-below-content_2_sideways-tabs_4_sideways-tab-content":["group_page_modules_below-content_sideways-tabs_sideways-tabs_sideways-tab-content"],"modules-below-content_2_sideways-tabs":["5"],"_modules-below-content_2_sideways-tabs":["group_page_modules_below-content_sideways-tabs_sideways-tabs"],"modules-below-content_0_template":["image-navigation\/default"],"_modules-below-content_0_template":["group_page_modules_below-content_image-navigation-template"],"modules-below-content_0_image-navigation_0_image-navigation-image":["3304"],"_modules-below-content_0_image-navigation_0_image-navigation-image":["group_page_modules_below-content_image-navigation_image-navigation_image-navigation-image"],"modules-below-content_0_image-navigation_0_image-navigation-link":["a:3:{s:5:\"title\";s:15:\"Jag \u00e4r student\";s:3:\"url\";s:53:\"https:\/\/axholmen.com\/sv\/jobba-hos-oss\/jag-ar-student\/\";s:6:\"target\";s:0:\"\";}"],"_modules-below-content_0_image-navigation_0_image-navigation-link":["group_page_modules_below-content_image-navigation_image-navigation_image-navigation-link"],"modules-below-content_0_image-navigation_1_image-navigation-image":["3306"],"_modules-below-content_0_image-navigation_1_image-navigation-image":["group_page_modules_below-content_image-navigation_image-navigation_image-navigation-image"],"modules-below-content_0_image-navigation_1_image-navigation-link":["a:3:{s:5:\"title\";s:18:\"Jag har erfarenhet\";s:3:\"url\";s:57:\"https:\/\/axholmen.com\/sv\/jobba-hos-oss\/jag-har-erfarenhet\/\";s:6:\"target\";s:0:\"\";}"],"_modules-below-content_0_image-navigation_1_image-navigation-link":["group_page_modules_below-content_image-navigation_image-navigation_image-navigation-link"],"modules-below-content_0_image-navigation":["2"],"_modules-below-content_0_image-navigation":["group_page_modules_below-content_image-navigation_image-navigation"],"modules-below-content_1_template":["text-block\/image-background"],"_modules-below-content_1_template":["group_page_modules_below-content_text-block-template"],"modules-below-content_1_text-block-title":["V\u00e5ra medarbetare"],"_modules-below-content_1_text-block-title":["group_page_modules_below-content_text-block_text-block-title"],"modules-below-content_1_text-block-image":["3312"],"_modules-below-content_1_text-block-image":["group_page_modules_below-content_text-block_text-block-image"],"modules-below-content_1_text-block-image-overlay":["0"],"_modules-below-content_1_text-block-image-overlay":["group_page_modules_below-content_text-block_text-block-image-overlay"],"modules-below-content_1_text-block-description":["Axholmens managementkonsulter \u00e4r alla handplockade f\u00f6r sin kompetens, drivkraft och genuina aff\u00e4rsfokus. \u00c4r det egenskaper som \u00e4ven passar in p\u00e5 dig? H\u00f6r g\u00e4rna av dig, s\u00e5 ber\u00e4ttar vi mer om m\u00f6jligheterna att g\u00f6ra karri\u00e4r hos oss."],"_modules-below-content_1_text-block-description":["group_page_modules_below-content_text-block_text-block-description"],"modules-below-content_1_text-block-buttons_0_button-link":["a:3:{s:5:\"title\";s:24:\"Vill du veta mer om oss?\";s:3:\"url\";s:31:\"https:\/\/axholmen.com\/sv\/om-oss\/\";s:6:\"target\";s:0:\"\";}"],"_modules-below-content_1_text-block-buttons_0_button-link":["group_page_modules_below-content_text-block_text-block-buttons_button-link"],"modules-below-content_1_text-block-buttons_0_button-color":["white"],"_modules-below-content_1_text-block-buttons_0_button-color":["group_page_modules_below-content_text-block_text-block-buttons_button-color"],"modules-below-content_1_text-block-buttons_0_button-ghost":["0"],"_modules-below-content_1_text-block-buttons_0_button-ghost":["group_page_modules_below-content_text-block_text-block-buttons_button-ghost"],"modules-below-content_1_text-block-buttons_0_button-icon":[""],"_modules-below-content_1_text-block-buttons_0_button-icon":["group_page_modules_below-content_text-block_text-block-buttons_button-icon"],"modules-below-content_1_text-block-buttons":["1"],"_modules-below-content_1_text-block-buttons":["group_page_modules_below-content_text-block_text-block-buttons"],"_yoast_wpseo_focuskw":["managementkonsulter"],"_yoast_wpseo_linkdex":["49"],"_wpml_word_count":["51"],"_modules-below-content_layout_meta":["a:2:{s:8:\"disabled\";a:0:{}s:7:\"renamed\";a:0:{}}"],"_yoast_wpseo_content_score":["60"]},"_links":{"self":[{"href":"https:\/\/axholmen.com\/sv\/wp-json\/wp\/v2\/pages\/208","targetHints":{"allow":["GET"]}}],"collection":[{"href":"https:\/\/axholmen.com\/sv\/wp-json\/wp\/v2\/pages"}],"about":[{"href":"https:\/\/axholmen.com\/sv\/wp-json\/wp\/v2\/types\/page"}],"author":[{"embeddable":true,"href":"https:\/\/axholmen.com\/sv\/wp-json\/wp\/v2\/users\/1"}],"replies":[{"embeddable":true,"href":"https:\/\/axholmen.com\/sv\/wp-json\/wp\/v2\/comments?post=208"}],"version-history":[{"count":0,"href":"https:\/\/axholmen.com\/sv\/wp-json\/wp\/v2\/pages\/208\/revisions"}],"wp:featuredmedia":[{"embeddable":true,"href":"https:\/\/axholmen.com\/sv\/wp-json\/wp\/v2\/media\/3308"}],"wp:attachment":[{"href":"https:\/\/axholmen.com\/sv\/wp-json\/wp\/v2\/media?parent=208"}],"curies":[{"name":"wp","href":"https:\/\/api.w.org\/{rel}","templated":true}]}}