{"id":211,"date":"2017-11-28T07:17:29","date_gmt":"2017-11-28T06:17:29","guid":{"rendered":"http:\/\/axholmen.se\/kontakt\/"},"modified":"2025-04-30T08:38:51","modified_gmt":"2025-04-30T06:38:51","slug":"kontakt","status":"publish","type":"page","link":"https:\/\/axholmen.com\/sv\/kontakt\/","title":{"rendered":"Kontakt"},"content":{"rendered":"","protected":false},"excerpt":{"rendered":"","protected":false},"author":1,"featured_media":3358,"parent":0,"menu_order":5,"comment_status":"closed","ping_status":"closed","template":"page-hero.php","meta":{"_acf_changed":false,"footnotes":""},"class_list":["post-211","page","type-page","status-publish","has-post-thumbnail","hentry"],"acf":[],"yoast_head":"<!-- This site is optimized with the Yoast SEO plugin v27.3 - https:\/\/yoast.com\/product\/yoast-seo-wordpress\/ -->\n<title>Kontakt - Axholmen<\/title>\n<meta name=\"description\" content=\"V\u00e4lkommen att kontakta oss f\u00f6r att st\u00e4lla fr\u00e5gor eller boka ett f\u00f6ruts\u00e4ttningsl\u00f6st m\u00f6te\" \/>\n<meta name=\"robots\" content=\"index, follow, max-snippet:-1, max-image-preview:large, max-video-preview:-1\" \/>\n<link rel=\"canonical\" href=\"https:\/\/axholmen.com\/sv\/kontakt\/\" \/>\n<meta property=\"og:locale\" content=\"sv_SE\" \/>\n<meta property=\"og:type\" content=\"article\" \/>\n<meta property=\"og:title\" content=\"Kontakt - Axholmen\" \/>\n<meta property=\"og:description\" content=\"V\u00e4lkommen att kontakta oss f\u00f6r att st\u00e4lla fr\u00e5gor eller boka ett f\u00f6ruts\u00e4ttningsl\u00f6st m\u00f6te\" \/>\n<meta property=\"og:url\" content=\"https:\/\/axholmen.com\/sv\/kontakt\/\" \/>\n<meta property=\"og:site_name\" content=\"Axholmen\" \/>\n<meta property=\"article:modified_time\" content=\"2025-04-30T06:38:51+00:00\" \/>\n<meta property=\"og:image\" content=\"https:\/\/axholmen.com\/wp-content\/uploads\/2022\/10\/z8a6244-1-e1666015862710-1920x685.jpg\" \/>\n\t<meta property=\"og:image:width\" content=\"1920\" \/>\n\t<meta property=\"og:image:height\" content=\"685\" \/>\n\t<meta property=\"og:image:type\" content=\"image\/jpeg\" \/>\n<meta name=\"twitter:card\" content=\"summary_large_image\" \/>\n<meta name=\"twitter:label1\" content=\"Ber\u00e4knad l\u00e4stid\" \/>\n\t<meta name=\"twitter:data1\" content=\"1 minut\" \/>\n<script type=\"application\/ld+json\" class=\"yoast-schema-graph\">{\"@context\":\"https:\\\/\\\/schema.org\",\"@graph\":[{\"@type\":\"WebPage\",\"@id\":\"https:\\\/\\\/axholmen.com\\\/sv\\\/kontakt\\\/\",\"url\":\"https:\\\/\\\/axholmen.com\\\/sv\\\/kontakt\\\/\",\"name\":\"Kontakt - Axholmen\",\"isPartOf\":{\"@id\":\"https:\\\/\\\/axholmen.com\\\/#website\"},\"primaryImageOfPage\":{\"@id\":\"https:\\\/\\\/axholmen.com\\\/sv\\\/kontakt\\\/#primaryimage\"},\"image\":{\"@id\":\"https:\\\/\\\/axholmen.com\\\/sv\\\/kontakt\\\/#primaryimage\"},\"thumbnailUrl\":\"https:\\\/\\\/axholmen.com\\\/wp-content\\\/uploads\\\/2022\\\/10\\\/z8a6244-1-e1666015862710.jpg\",\"datePublished\":\"2017-11-28T06:17:29+00:00\",\"dateModified\":\"2025-04-30T06:38:51+00:00\",\"description\":\"V\u00e4lkommen att kontakta oss f\u00f6r att st\u00e4lla fr\u00e5gor eller boka ett f\u00f6ruts\u00e4ttningsl\u00f6st m\u00f6te\",\"breadcrumb\":{\"@id\":\"https:\\\/\\\/axholmen.com\\\/sv\\\/kontakt\\\/#breadcrumb\"},\"inLanguage\":\"sv-SE\",\"potentialAction\":[{\"@type\":\"ReadAction\",\"target\":[\"https:\\\/\\\/axholmen.com\\\/sv\\\/kontakt\\\/\"]}]},{\"@type\":\"ImageObject\",\"inLanguage\":\"sv-SE\",\"@id\":\"https:\\\/\\\/axholmen.com\\\/sv\\\/kontakt\\\/#primaryimage\",\"url\":\"https:\\\/\\\/axholmen.com\\\/wp-content\\\/uploads\\\/2022\\\/10\\\/z8a6244-1-e1666015862710.jpg\",\"contentUrl\":\"https:\\\/\\\/axholmen.com\\\/wp-content\\\/uploads\\\/2022\\\/10\\\/z8a6244-1-e1666015862710.jpg\",\"width\":2000,\"height\":685},{\"@type\":\"BreadcrumbList\",\"@id\":\"https:\\\/\\\/axholmen.com\\\/sv\\\/kontakt\\\/#breadcrumb\",\"itemListElement\":[{\"@type\":\"ListItem\",\"position\":1,\"name\":\"Axholmen\",\"item\":\"https:\\\/\\\/axholmen.com\\\/sv\\\/\"},{\"@type\":\"ListItem\",\"position\":2,\"name\":\"Kontakt\"}]},{\"@type\":\"WebSite\",\"@id\":\"https:\\\/\\\/axholmen.com\\\/#website\",\"url\":\"https:\\\/\\\/axholmen.com\\\/\",\"name\":\"Axholmen\",\"description\":\"\",\"potentialAction\":[{\"@type\":\"SearchAction\",\"target\":{\"@type\":\"EntryPoint\",\"urlTemplate\":\"https:\\\/\\\/axholmen.com\\\/?s={search_term_string}\"},\"query-input\":{\"@type\":\"PropertyValueSpecification\",\"valueRequired\":true,\"valueName\":\"search_term_string\"}}],\"inLanguage\":\"sv-SE\"}]}<\/script>\n<!-- \/ Yoast SEO plugin. -->","yoast_head_json":{"title":"Kontakt - Axholmen","description":"V\u00e4lkommen att kontakta oss f\u00f6r att st\u00e4lla fr\u00e5gor eller boka ett f\u00f6ruts\u00e4ttningsl\u00f6st m\u00f6te","robots":{"index":"index","follow":"follow","max-snippet":"max-snippet:-1","max-image-preview":"max-image-preview:large","max-video-preview":"max-video-preview:-1"},"canonical":"https:\/\/axholmen.com\/sv\/kontakt\/","og_locale":"sv_SE","og_type":"article","og_title":"Kontakt - Axholmen","og_description":"V\u00e4lkommen att kontakta oss f\u00f6r att st\u00e4lla fr\u00e5gor eller boka ett f\u00f6ruts\u00e4ttningsl\u00f6st m\u00f6te","og_url":"https:\/\/axholmen.com\/sv\/kontakt\/","og_site_name":"Axholmen","article_modified_time":"2025-04-30T06:38:51+00:00","og_image":[{"width":1920,"height":685,"url":"https:\/\/axholmen.com\/wp-content\/uploads\/2022\/10\/z8a6244-1-e1666015862710-1920x685.jpg","type":"image\/jpeg"}],"twitter_card":"summary_large_image","twitter_misc":{"Ber\u00e4knad l\u00e4stid":"1 minut"},"schema":{"@context":"https:\/\/schema.org","@graph":[{"@type":"WebPage","@id":"https:\/\/axholmen.com\/sv\/kontakt\/","url":"https:\/\/axholmen.com\/sv\/kontakt\/","name":"Kontakt - Axholmen","isPartOf":{"@id":"https:\/\/axholmen.com\/#website"},"primaryImageOfPage":{"@id":"https:\/\/axholmen.com\/sv\/kontakt\/#primaryimage"},"image":{"@id":"https:\/\/axholmen.com\/sv\/kontakt\/#primaryimage"},"thumbnailUrl":"https:\/\/axholmen.com\/wp-content\/uploads\/2022\/10\/z8a6244-1-e1666015862710.jpg","datePublished":"2017-11-28T06:17:29+00:00","dateModified":"2025-04-30T06:38:51+00:00","description":"V\u00e4lkommen att kontakta oss f\u00f6r att st\u00e4lla fr\u00e5gor eller boka ett f\u00f6ruts\u00e4ttningsl\u00f6st m\u00f6te","breadcrumb":{"@id":"https:\/\/axholmen.com\/sv\/kontakt\/#breadcrumb"},"inLanguage":"sv-SE","potentialAction":[{"@type":"ReadAction","target":["https:\/\/axholmen.com\/sv\/kontakt\/"]}]},{"@type":"ImageObject","inLanguage":"sv-SE","@id":"https:\/\/axholmen.com\/sv\/kontakt\/#primaryimage","url":"https:\/\/axholmen.com\/wp-content\/uploads\/2022\/10\/z8a6244-1-e1666015862710.jpg","contentUrl":"https:\/\/axholmen.com\/wp-content\/uploads\/2022\/10\/z8a6244-1-e1666015862710.jpg","width":2000,"height":685},{"@type":"BreadcrumbList","@id":"https:\/\/axholmen.com\/sv\/kontakt\/#breadcrumb","itemListElement":[{"@type":"ListItem","position":1,"name":"Axholmen","item":"https:\/\/axholmen.com\/sv\/"},{"@type":"ListItem","position":2,"name":"Kontakt"}]},{"@type":"WebSite","@id":"https:\/\/axholmen.com\/#website","url":"https:\/\/axholmen.com\/","name":"Axholmen","description":"","potentialAction":[{"@type":"SearchAction","target":{"@type":"EntryPoint","urlTemplate":"https:\/\/axholmen.com\/?s={search_term_string}"},"query-input":{"@type":"PropertyValueSpecification","valueRequired":true,"valueName":"search_term_string"}}],"inLanguage":"sv-SE"}]}},"custom_fields":{"_edit_lock":["1746025931:1"],"_edit_last":["6"],"_wp_page_template":["page-hero.php"],"subtitle-title":["Kontakt"],"_subtitle-title":["group_page_subtitle-title"],"google-map-title":[""],"_google-map-title":["group_page_google-map-title"],"google-map-description":["<h3>Axholmen AB<\/h3>\r\nIngmar Bergmans gata 2, 3tr\r\n114 34 Stockholm\r\n<h3>V\u00e4xeln<\/h3>\r\n<a href=\"tel:+46855002480\">+46 (0)8 55 00 24 80<\/a>\r\n<h3>Pressfr\u00e5gor<\/h3>\r\nMilosz Tersmeden, vd och partner\r\n<a href=\"tel:+4676-1612199\">076-161 21 99<\/a>\r\n<a href=\"mailto:milosz.tersmeden@axholmen.com\">milosz.tersmeden@axholmen.com<\/a>\r\n<h3>Rekryteringsfr\u00e5gor<\/h3>\r\nJenny Hasselblad, Chief of Staff\r\n<a href=\"tel: +46708101674\">070-810 16 74<\/a>\r\n<a href=\"mailto:jenny.hasselblad@axholmen.com\">jenny.hasselblad@axholmen.com<\/a>"],"_google-map-description":["group_page_google-map-description"],"google-map-info-window":[""],"_google-map-info-window":["group_page_google-map-info-window"],"google-map":["a:3:{s:7:\"address\";s:43:\"Ingar Bergmans gata 2, 3tr 114 34 Stockholm\";s:3:\"lat\";s:9:\"59.333913\";s:3:\"lng\";s:18:\"18.076433500000007\";}"],"_google-map":["group_page_google-map"],"modules-below-content":["a:1:{i:0;s:45:\"group_page_modules_below-content_contact-form\";}"],"_modules-below-content":["group_page_modules_below-content_modules"],"_thumbnail_id":["3358"],"modules-below-content_0_template":["contact-form\/default"],"_modules-below-content_0_template":["group_page_modules_below-content_contact-form-template"],"modules-below-content_0_contact-form-title":["Skriv till oss"],"_modules-below-content_0_contact-form-title":["group_page_modules_below-content_contact-form_contact-form-title"],"modules-below-content_0_contact-form-description":[""],"_modules-below-content_0_contact-form-description":["group_page_modules_below-content_contact-form_contact-form-description"],"modules-below-content_0_contact-form-id":["433"],"_modules-below-content_0_contact-form-id":["group_page_modules_below-content_contact-form_contact-form-id"],"modules-below-content_0_contact-form-image":["1630"],"_modules-below-content_0_contact-form-image":["group_page_modules_below-content_contact-form_contact-form-image"],"_wpml_media_featured":["1"],"_wpml_media_duplicate":["1"],"_yoast_wpseo_metadesc":["V\u00e4lkommen att kontakta oss f\u00f6r att st\u00e4lla fr\u00e5gor eller boka ett f\u00f6ruts\u00e4ttningsl\u00f6st m\u00f6te"],"_yoast_wpseo_estimated-reading-time-minutes":["1"],"_yoast_wpseo_wordproof_timestamp":[""],"_yoast_wpseo_focuskw":["kontakt axholmen"],"_yoast_wpseo_linkdex":["36"],"_yoast_wpseo_content_score":["60"],"_wpml_word_count":["1"]},"_links":{"self":[{"href":"https:\/\/axholmen.com\/sv\/wp-json\/wp\/v2\/pages\/211","targetHints":{"allow":["GET"]}}],"collection":[{"href":"https:\/\/axholmen.com\/sv\/wp-json\/wp\/v2\/pages"}],"about":[{"href":"https:\/\/axholmen.com\/sv\/wp-json\/wp\/v2\/types\/page"}],"author":[{"embeddable":true,"href":"https:\/\/axholmen.com\/sv\/wp-json\/wp\/v2\/users\/1"}],"replies":[{"embeddable":true,"href":"https:\/\/axholmen.com\/sv\/wp-json\/wp\/v2\/comments?post=211"}],"version-history":[{"count":0,"href":"https:\/\/axholmen.com\/sv\/wp-json\/wp\/v2\/pages\/211\/revisions"}],"wp:featuredmedia":[{"embeddable":true,"href":"https:\/\/axholmen.com\/sv\/wp-json\/wp\/v2\/media\/3358"}],"wp:attachment":[{"href":"https:\/\/axholmen.com\/sv\/wp-json\/wp\/v2\/media?parent=211"}],"curies":[{"name":"wp","href":"https:\/\/api.w.org\/{rel}","templated":true}]}}