{"id":357,"date":"2017-11-30T13:43:14","date_gmt":"2017-11-30T12:43:14","guid":{"rendered":"http:\/\/axholmen.se\/tjanster\/effektivitetsforbattring\/"},"modified":"2024-01-15T08:40:15","modified_gmt":"2024-01-15T07:40:15","slug":"kommersiell-optimering","status":"publish","type":"page","link":"https:\/\/axholmen.com\/sv\/tjanster\/kommersiell-optimering\/","title":{"rendered":"Kommersiell optimering"},"content":{"rendered":"","protected":false},"excerpt":{"rendered":"<p>Hur kan du maximera f\u00f6retagets int\u00e4kter p\u00e5 ett l\u00f6nsamt s\u00e4tt i verksamheten? Vi hj\u00e4lper dig att analysera och genomf\u00f6ra prioriterade insatser. Det handlar om att erbjuda r\u00e4tt produkt\u00a0i r\u00e4tt kanal till ett pris som optimerar den l\u00e5ngsiktiga l\u00f6nsamheten.<\/p>\n","protected":false},"author":6,"featured_media":3282,"parent":6,"menu_order":7,"comment_status":"closed","ping_status":"closed","template":"page-hero.php","meta":{"_acf_changed":false,"footnotes":""},"class_list":["post-357","page","type-page","status-publish","has-post-thumbnail","hentry"],"acf":[],"yoast_head":"<!-- This site is optimized with the Yoast SEO plugin v27.3 - https:\/\/yoast.com\/product\/yoast-seo-wordpress\/ -->\n<title>Kommersiell optimering - Axholmen<\/title>\n<meta name=\"description\" content=\"Erbjud dina kunder r\u00e4tt produkt i r\u00e4tt kanal till ett pris som optimerar den l\u00e5ngsiktiga l\u00f6nsamheten\" \/>\n<meta name=\"robots\" content=\"index, follow, max-snippet:-1, max-image-preview:large, max-video-preview:-1\" \/>\n<link rel=\"canonical\" href=\"https:\/\/axholmen.com\/sv\/tjanster\/kommersiell-optimering\/\" \/>\n<meta property=\"og:locale\" content=\"sv_SE\" \/>\n<meta property=\"og:type\" content=\"article\" \/>\n<meta property=\"og:title\" content=\"Kommersiell optimering - Axholmen\" \/>\n<meta property=\"og:description\" content=\"Erbjud dina kunder r\u00e4tt produkt i r\u00e4tt kanal till ett pris som optimerar den l\u00e5ngsiktiga l\u00f6nsamheten\" \/>\n<meta property=\"og:url\" content=\"https:\/\/axholmen.com\/sv\/tjanster\/kommersiell-optimering\/\" \/>\n<meta property=\"og:site_name\" content=\"Axholmen\" \/>\n<meta property=\"article:modified_time\" content=\"2024-01-15T07:40:15+00:00\" \/>\n<meta property=\"og:image\" content=\"https:\/\/axholmen.com\/wp-content\/uploads\/2022\/10\/monster-exklusivt-scaled.jpg\" \/>\n\t<meta property=\"og:image:width\" content=\"2560\" \/>\n\t<meta property=\"og:image:height\" content=\"1706\" \/>\n\t<meta property=\"og:image:type\" content=\"image\/jpeg\" \/>\n<meta name=\"twitter:card\" content=\"summary_large_image\" \/>\n<meta name=\"twitter:label1\" content=\"Ber\u00e4knad l\u00e4stid\" \/>\n\t<meta name=\"twitter:data1\" content=\"1 minut\" \/>\n<script type=\"application\/ld+json\" class=\"yoast-schema-graph\">{\"@context\":\"https:\\\/\\\/schema.org\",\"@graph\":[{\"@type\":\"WebPage\",\"@id\":\"https:\\\/\\\/axholmen.com\\\/sv\\\/tjanster\\\/kommersiell-optimering\\\/\",\"url\":\"https:\\\/\\\/axholmen.com\\\/sv\\\/tjanster\\\/kommersiell-optimering\\\/\",\"name\":\"Kommersiell optimering - Axholmen\",\"isPartOf\":{\"@id\":\"https:\\\/\\\/axholmen.com\\\/#website\"},\"primaryImageOfPage\":{\"@id\":\"https:\\\/\\\/axholmen.com\\\/sv\\\/tjanster\\\/kommersiell-optimering\\\/#primaryimage\"},\"image\":{\"@id\":\"https:\\\/\\\/axholmen.com\\\/sv\\\/tjanster\\\/kommersiell-optimering\\\/#primaryimage\"},\"thumbnailUrl\":\"https:\\\/\\\/axholmen.com\\\/wp-content\\\/uploads\\\/2022\\\/10\\\/monster-exklusivt-scaled.jpg\",\"datePublished\":\"2017-11-30T12:43:14+00:00\",\"dateModified\":\"2024-01-15T07:40:15+00:00\",\"description\":\"Erbjud dina kunder r\u00e4tt produkt i r\u00e4tt kanal till ett pris som optimerar den l\u00e5ngsiktiga l\u00f6nsamheten\",\"breadcrumb\":{\"@id\":\"https:\\\/\\\/axholmen.com\\\/sv\\\/tjanster\\\/kommersiell-optimering\\\/#breadcrumb\"},\"inLanguage\":\"sv-SE\",\"potentialAction\":[{\"@type\":\"ReadAction\",\"target\":[\"https:\\\/\\\/axholmen.com\\\/sv\\\/tjanster\\\/kommersiell-optimering\\\/\"]}]},{\"@type\":\"ImageObject\",\"inLanguage\":\"sv-SE\",\"@id\":\"https:\\\/\\\/axholmen.com\\\/sv\\\/tjanster\\\/kommersiell-optimering\\\/#primaryimage\",\"url\":\"https:\\\/\\\/axholmen.com\\\/wp-content\\\/uploads\\\/2022\\\/10\\\/monster-exklusivt-scaled.jpg\",\"contentUrl\":\"https:\\\/\\\/axholmen.com\\\/wp-content\\\/uploads\\\/2022\\\/10\\\/monster-exklusivt-scaled.jpg\",\"width\":2560,\"height\":1706},{\"@type\":\"BreadcrumbList\",\"@id\":\"https:\\\/\\\/axholmen.com\\\/sv\\\/tjanster\\\/kommersiell-optimering\\\/#breadcrumb\",\"itemListElement\":[{\"@type\":\"ListItem\",\"position\":1,\"name\":\"Axholmen\",\"item\":\"https:\\\/\\\/axholmen.com\\\/sv\\\/\"},{\"@type\":\"ListItem\",\"position\":2,\"name\":\"Tj\u00e4nster\",\"item\":\"https:\\\/\\\/axholmen.com\\\/sv\\\/tjanster\\\/\"},{\"@type\":\"ListItem\",\"position\":3,\"name\":\"Kommersiell optimering\"}]},{\"@type\":\"WebSite\",\"@id\":\"https:\\\/\\\/axholmen.com\\\/#website\",\"url\":\"https:\\\/\\\/axholmen.com\\\/\",\"name\":\"Axholmen\",\"description\":\"\",\"potentialAction\":[{\"@type\":\"SearchAction\",\"target\":{\"@type\":\"EntryPoint\",\"urlTemplate\":\"https:\\\/\\\/axholmen.com\\\/?s={search_term_string}\"},\"query-input\":{\"@type\":\"PropertyValueSpecification\",\"valueRequired\":true,\"valueName\":\"search_term_string\"}}],\"inLanguage\":\"sv-SE\"}]}<\/script>\n<!-- \/ Yoast SEO plugin. -->","yoast_head_json":{"title":"Kommersiell optimering - Axholmen","description":"Erbjud dina kunder r\u00e4tt produkt i r\u00e4tt kanal till ett pris som optimerar den l\u00e5ngsiktiga l\u00f6nsamheten","robots":{"index":"index","follow":"follow","max-snippet":"max-snippet:-1","max-image-preview":"max-image-preview:large","max-video-preview":"max-video-preview:-1"},"canonical":"https:\/\/axholmen.com\/sv\/tjanster\/kommersiell-optimering\/","og_locale":"sv_SE","og_type":"article","og_title":"Kommersiell optimering - Axholmen","og_description":"Erbjud dina kunder r\u00e4tt produkt i r\u00e4tt kanal till ett pris som optimerar den l\u00e5ngsiktiga l\u00f6nsamheten","og_url":"https:\/\/axholmen.com\/sv\/tjanster\/kommersiell-optimering\/","og_site_name":"Axholmen","article_modified_time":"2024-01-15T07:40:15+00:00","og_image":[{"width":2560,"height":1706,"url":"https:\/\/axholmen.com\/wp-content\/uploads\/2022\/10\/monster-exklusivt-scaled.jpg","type":"image\/jpeg"}],"twitter_card":"summary_large_image","twitter_misc":{"Ber\u00e4knad l\u00e4stid":"1 minut"},"schema":{"@context":"https:\/\/schema.org","@graph":[{"@type":"WebPage","@id":"https:\/\/axholmen.com\/sv\/tjanster\/kommersiell-optimering\/","url":"https:\/\/axholmen.com\/sv\/tjanster\/kommersiell-optimering\/","name":"Kommersiell optimering - Axholmen","isPartOf":{"@id":"https:\/\/axholmen.com\/#website"},"primaryImageOfPage":{"@id":"https:\/\/axholmen.com\/sv\/tjanster\/kommersiell-optimering\/#primaryimage"},"image":{"@id":"https:\/\/axholmen.com\/sv\/tjanster\/kommersiell-optimering\/#primaryimage"},"thumbnailUrl":"https:\/\/axholmen.com\/wp-content\/uploads\/2022\/10\/monster-exklusivt-scaled.jpg","datePublished":"2017-11-30T12:43:14+00:00","dateModified":"2024-01-15T07:40:15+00:00","description":"Erbjud dina kunder r\u00e4tt produkt i r\u00e4tt kanal till ett pris som optimerar den l\u00e5ngsiktiga l\u00f6nsamheten","breadcrumb":{"@id":"https:\/\/axholmen.com\/sv\/tjanster\/kommersiell-optimering\/#breadcrumb"},"inLanguage":"sv-SE","potentialAction":[{"@type":"ReadAction","target":["https:\/\/axholmen.com\/sv\/tjanster\/kommersiell-optimering\/"]}]},{"@type":"ImageObject","inLanguage":"sv-SE","@id":"https:\/\/axholmen.com\/sv\/tjanster\/kommersiell-optimering\/#primaryimage","url":"https:\/\/axholmen.com\/wp-content\/uploads\/2022\/10\/monster-exklusivt-scaled.jpg","contentUrl":"https:\/\/axholmen.com\/wp-content\/uploads\/2022\/10\/monster-exklusivt-scaled.jpg","width":2560,"height":1706},{"@type":"BreadcrumbList","@id":"https:\/\/axholmen.com\/sv\/tjanster\/kommersiell-optimering\/#breadcrumb","itemListElement":[{"@type":"ListItem","position":1,"name":"Axholmen","item":"https:\/\/axholmen.com\/sv\/"},{"@type":"ListItem","position":2,"name":"Tj\u00e4nster","item":"https:\/\/axholmen.com\/sv\/tjanster\/"},{"@type":"ListItem","position":3,"name":"Kommersiell optimering"}]},{"@type":"WebSite","@id":"https:\/\/axholmen.com\/#website","url":"https:\/\/axholmen.com\/","name":"Axholmen","description":"","potentialAction":[{"@type":"SearchAction","target":{"@type":"EntryPoint","urlTemplate":"https:\/\/axholmen.com\/?s={search_term_string}"},"query-input":{"@type":"PropertyValueSpecification","valueRequired":true,"valueName":"search_term_string"}}],"inLanguage":"sv-SE"}]}},"custom_fields":{"_edit_lock":["1705304302:6"],"_edit_last":["6"],"_wp_page_template":["page-hero.php"],"subtitle-title":["Maximera int\u00e4kterna p\u00e5 ett l\u00f6nsamt s\u00e4tt"],"_subtitle-title":["group_page_subtitle-title"],"google-map-title":[""],"_google-map-title":["group_page_google-map-title"],"google-map-description":[""],"_google-map-description":["group_page_google-map-description"],"google-map-info-window":[""],"_google-map-info-window":["group_page_google-map-info-window"],"google-map":[""],"_google-map":["group_page_google-map"],"modules-below-content":["a:5:{i:0;s:43:\"group_page_modules_below-content_text-block\";i:1;s:43:\"group_page_modules_below-content_text-block\";i:2;s:43:\"group_page_modules_below-content_text-block\";i:3;s:43:\"group_page_modules_below-content_text-block\";i:4;s:42:\"group_page_modules_below-content_post-list\";}"],"_modules-below-content":["group_page_modules_below-content_modules"],"_thumbnail_id":["3282"],"modules-below-content_0_template":["text-block\/image-left-alt"],"_modules-below-content_0_template":["group_page_modules_below-content_text-block-template"],"modules-below-content_0_text-block-title":["Priss\u00e4ttning "],"_modules-below-content_0_text-block-title":["group_page_modules_below-content_text-block_text-block-title"],"modules-below-content_0_text-block-image":["3289"],"_modules-below-content_0_text-block-image":["group_page_modules_below-content_text-block_text-block-image"],"modules-below-content_0_text-block-description":["Prisjusteringar \u00e4r ofta f\u00f6rknippade med oro f\u00f6r tappade kunder och minskad nyf\u00f6rs\u00e4ljning.\r\n\r\nM\u00e5nga ser d\u00e4rf\u00f6r inte l\u00f6nsamhetspotentialen med en prisjustering. S\u00e5 beh\u00f6ver det inte vara. En framg\u00e5ngsrik prisjustering kr\u00e4ver ett arbete i flera steg \u2013 fr\u00e5n strategi och modell till niv\u00e5 och styrning. Dina konsulter p\u00e5 Axholmen guidar dig genom alla steg, oavsett om det handlar om traditionella eller v\u00e4rdebaserade prismodeller.\r\n\r\n<a class=\"button\" href=\"https:\/\/axholmen.com\/sv\/tjanster\/kommersiell-optimering\/prissattning\/\">L\u00c4S MER<\/a>\r\n<h4 class=\"heading--4\">Priss\u00e4ttning \u2013 omedelbar effekt med begr\u00e4nsad aff\u00e4rsrisk<\/h4>\r\n[video poster=\"http:\/\/axholmen.se\/wp-content\/uploads\/2019\/06\/axholmen-front.jpg\" width=\"1920\" height=\"1080\" mp4=\"http:\/\/axholmen.se\/wp-content\/uploads\/2019\/06\/Axholmen-Pricing.mp4\"][\/video]"],"_modules-below-content_0_text-block-description":["group_page_modules_below-content_text-block_text-block-description"],"modules-below-content_0_text-block-buttons":[""],"_modules-below-content_0_text-block-buttons":["group_page_modules_below-content_text-block_text-block-buttons"],"modules-below-content_1_template":["text-block\/image-right-alt"],"_modules-below-content_1_template":["group_page_modules_below-content_text-block-template"],"modules-below-content_1_text-block-title":["Go-to-market"],"_modules-below-content_1_text-block-title":["group_page_modules_below-content_text-block_text-block-title"],"modules-below-content_1_text-block-image":["3291"],"_modules-below-content_1_text-block-image":["group_page_modules_below-content_text-block_text-block-image"],"modules-below-content_1_text-block-description":["M\u00f6jligheten att erbjuda r\u00e4tt produkt, i r\u00e4tt kanal, vid r\u00e4tt tillf\u00e4lle blir allt viktigare i en tid som pr\u00e4glas av snabbt f\u00f6r\u00e4ndrade kundpreferenser och h\u00f6g f\u00f6rv\u00e4ntan om individualisering. F\u00f6r att lyckas kr\u00e4vs datadriven kundsegmentering tillsammans med f\u00f6rst\u00e5else f\u00f6r vilka produkter och tj\u00e4nster som skapar reella kundv\u00e4rden i varje kanal och hur de paketeras. Vi p\u00e5 Axholmen finns vid din sida i utvecklingen och inf\u00f6randet av ett helhetskoncept f\u00f6r go-to-market. Ett koncept som skapar bra f\u00f6ruts\u00e4ttningar f\u00f6r \u00f6kad l\u00f6nsamhet, nya int\u00e4ktsstr\u00f6mmar och viktiga konkurrensf\u00f6rdelar."],"_modules-below-content_1_text-block-description":["group_page_modules_below-content_text-block_text-block-description"],"modules-below-content_1_text-block-buttons":[""],"_modules-below-content_1_text-block-buttons":["group_page_modules_below-content_text-block_text-block-buttons"],"modules-below-content_2_template":["text-block\/image-left-alt"],"_modules-below-content_2_template":["group_page_modules_below-content_text-block-template"],"modules-below-content_2_text-block-title":["Produkt- och kundl\u00f6nsamhet"],"_modules-below-content_2_text-block-title":["group_page_modules_below-content_text-block_text-block-title"],"modules-below-content_2_text-block-image":["3295"],"_modules-below-content_2_text-block-image":["group_page_modules_below-content_text-block_text-block-image"],"modules-below-content_2_text-block-description":["Visste du att bara mindre f\u00f6rb\u00e4ttringar i exempelvis konverteringsgrad, churn och snitt-f\u00f6rs\u00e4ljning per kund kan ge stor effekt p\u00e5 resultatet? H\u00e4r p\u00e5 Axholmen jobbar vi mycket med f\u00f6rst\u00e5else f\u00f6r verklig produkt- och kundl\u00f6nsamhet.\r\n\r\n<strong>\u00d6kade int\u00e4kts- och vinstm\u00f6jligheter<\/strong>\r\n\r\nVi hj\u00e4lper dig att identifiera och realisera de \u00e5tg\u00e4rder som skapar st\u00f6rst finansiellt resultat. Det handlar bland annat om att dra nytta av innovationen i ditt produkt- eller tj\u00e4nsteerbjudande och \u00f6ka int\u00e4kts- och vinstm\u00f6jligheterna genom exempelvis tj\u00e4nstefiering av dina produkter (as-a-service) och prenumerationsuppl\u00e4gg. Det handlar ocks\u00e5 om att s\u00e4kerst\u00e4lla att f\u00f6retagets priss\u00e4ttning \u00e4r i linje med det pris som kunderna \u00e4r villiga att betala. Med v\u00e5r f\u00f6rst\u00e5else f\u00f6r kundkategorier utifr\u00e5n int\u00e4kt och cost-to-serve m\u00f6jligg\u00f6r vi riktade \u00e5tg\u00e4rder \u2013 med allt fr\u00e5n prisf\u00f6rhandlingar till \u00f6kade satsningar p\u00e5 v\u00e4rdeskapande till\u00e4ggstj\u00e4nster."],"_modules-below-content_2_text-block-description":["group_page_modules_below-content_text-block_text-block-description"],"modules-below-content_2_text-block-buttons":[""],"_modules-below-content_2_text-block-buttons":["group_page_modules_below-content_text-block_text-block-buttons"],"_wpml_media_featured":["1"],"_wpml_media_duplicate":["1"],"modules-below-content_0_text-block-image-overlay":["0"],"_modules-below-content_0_text-block-image-overlay":["group_page_modules_below-content_text-block_text-block-image-overlay"],"modules-below-content_1_text-block-image-overlay":["0"],"_modules-below-content_1_text-block-image-overlay":["group_page_modules_below-content_text-block_text-block-image-overlay"],"modules-below-content_2_text-block-image-overlay":["0"],"_modules-below-content_2_text-block-image-overlay":["group_page_modules_below-content_text-block_text-block-image-overlay"],"_yoast_wpseo_metadesc":["Erbjud dina kunder r\u00e4tt produkt i r\u00e4tt kanal till ett pris som optimerar den l\u00e5ngsiktiga l\u00f6nsamheten"],"_yoast_wpseo_estimated-reading-time-minutes":["1"],"_yoast_wpseo_wordproof_timestamp":[""],"modules-below-content_3_template":["text-block\/image-left"],"_modules-below-content_3_template":["group_page_modules_below-content_text-block-template"],"modules-below-content_3_text-block-title":["Kontakta mig"],"_modules-below-content_3_text-block-title":["group_page_modules_below-content_text-block_text-block-title"],"modules-below-content_3_text-block-image":["3421"],"_modules-below-content_3_text-block-image":["group_page_modules_below-content_text-block_text-block-image"],"modules-below-content_3_text-block-image-overlay":["0"],"_modules-below-content_3_text-block-image-overlay":["group_page_modules_below-content_text-block_text-block-image-overlay"],"modules-below-content_3_text-block-description":["15 \u00e5rs erfarenhet av B2B och B2C Commercial Excellence-projekt inom Tillverkning, Logistik, Transport, SW\/HW, Professionella tj\u00e4nster, Outsourcing, Finansiella tj\u00e4nster och Konsumentvaror.\r\n\r\nMilosz Tersmeden, Partner och VD\r\n<p class=\"heading--5\"><a href=\"mailto:milosz.tersmeden@axholmen.se\">MILOSZ.TERSMEDEN@AXHOLMEN.SE<\/a><\/p>\r\n<p class=\"heading--5\">+46 76 161 21 99<\/p>\r\n<a href=\"https:\/\/www.linkedin.com\/in\/miloszelofsson\/\">LinkedIn<\/a>"],"_modules-below-content_3_text-block-description":["group_page_modules_below-content_text-block_text-block-description"],"modules-below-content_3_text-block-buttons":[""],"_modules-below-content_3_text-block-buttons":["group_page_modules_below-content_text-block_text-block-buttons"],"modules-below-content_4_template":["post-list\/default"],"_modules-below-content_4_template":["group_page_modules_below-content_post-list-template"],"modules-below-content_4_post-list-title":["Relaterade inl\u00e4gg"],"_modules-below-content_4_post-list-title":["group_page_modules_below-content_post-list_post-list-title"],"modules-below-content_4_post-list-description":[""],"_modules-below-content_4_post-list-description":["group_page_modules_below-content_post-list_post-list-description"],"modules-below-content_4_post-list-posts":["a:6:{i:0;s:4:\"3696\";i:1;s:3:\"851\";i:2;s:4:\"2078\";i:3;s:4:\"2966\";i:4;s:4:\"1897\";i:5;s:3:\"745\";}"],"_modules-below-content_4_post-list-posts":["group_page_modules_below-content_post-list_post-list-posts"],"_last_translation_edit_mode":["native-editor"],"_yoast_wpseo_focuskw":["kommersiell optimering"],"_yoast_wpseo_linkdex":["38"]},"_links":{"self":[{"href":"https:\/\/axholmen.com\/sv\/wp-json\/wp\/v2\/pages\/357","targetHints":{"allow":["GET"]}}],"collection":[{"href":"https:\/\/axholmen.com\/sv\/wp-json\/wp\/v2\/pages"}],"about":[{"href":"https:\/\/axholmen.com\/sv\/wp-json\/wp\/v2\/types\/page"}],"author":[{"embeddable":true,"href":"https:\/\/axholmen.com\/sv\/wp-json\/wp\/v2\/users\/6"}],"replies":[{"embeddable":true,"href":"https:\/\/axholmen.com\/sv\/wp-json\/wp\/v2\/comments?post=357"}],"version-history":[{"count":0,"href":"https:\/\/axholmen.com\/sv\/wp-json\/wp\/v2\/pages\/357\/revisions"}],"up":[{"embeddable":true,"href":"https:\/\/axholmen.com\/sv\/wp-json\/wp\/v2\/pages\/6"}],"wp:featuredmedia":[{"embeddable":true,"href":"https:\/\/axholmen.com\/sv\/wp-json\/wp\/v2\/media\/3282"}],"wp:attachment":[{"href":"https:\/\/axholmen.com\/sv\/wp-json\/wp\/v2\/media?parent=357"}],"curies":[{"name":"wp","href":"https:\/\/api.w.org\/{rel}","templated":true}]}}