{"id":359,"date":"2017-11-30T13:43:14","date_gmt":"2017-11-30T12:43:14","guid":{"rendered":"http:\/\/axholmen.se\/tjanster\/besultsstod\/"},"modified":"2024-02-16T11:49:14","modified_gmt":"2024-02-16T10:49:14","slug":"operationell_optimering","status":"publish","type":"page","link":"https:\/\/axholmen.com\/sv\/tjanster\/operationell_optimering\/","title":{"rendered":"Operationell optimering"},"content":{"rendered":"","protected":false},"excerpt":{"rendered":"<p>Hur bibeh\u00e5ller du f\u00f6retagets konkurrenskraft i en v\u00e4rld som st\u00e4ndigt f\u00f6r\u00e4ndras? Vi hj\u00e4lper dig som kund med effektivitetsf\u00f6rb\u00e4ttringar genom hela f\u00f6r\u00e4ndringsresan. I praktiken handlar det om att identifiera, prioritera och genomf\u00f6ra de aktiviteter som f\u00f6rv\u00e4ntas ge st\u00f6rst resultat.<\/p>\n","protected":false},"author":6,"featured_media":3284,"parent":6,"menu_order":9,"comment_status":"closed","ping_status":"closed","template":"page-hero.php","meta":{"_acf_changed":false,"footnotes":""},"class_list":["post-359","page","type-page","status-publish","has-post-thumbnail","hentry"],"acf":[],"yoast_head":"<!-- This site is optimized with the Yoast SEO plugin v27.3 - https:\/\/yoast.com\/product\/yoast-seo-wordpress\/ -->\n<title>Operationell optimering - Axholmen<\/title>\n<meta name=\"description\" content=\"Skapa best\u00e5ende effektivitetsf\u00f6rb\u00e4ttring i verksamheten f\u00f6r bibeh\u00e5llen konkurrenskraft och \u00f6kad l\u00f6nsamhet\" \/>\n<meta name=\"robots\" content=\"index, follow, max-snippet:-1, max-image-preview:large, max-video-preview:-1\" \/>\n<link rel=\"canonical\" href=\"https:\/\/axholmen.com\/sv\/tjanster\/operationell_optimering\/\" \/>\n<meta property=\"og:locale\" content=\"sv_SE\" \/>\n<meta property=\"og:type\" content=\"article\" \/>\n<meta property=\"og:title\" content=\"Operationell optimering - Axholmen\" \/>\n<meta property=\"og:description\" content=\"Skapa best\u00e5ende effektivitetsf\u00f6rb\u00e4ttring i verksamheten f\u00f6r bibeh\u00e5llen konkurrenskraft och \u00f6kad l\u00f6nsamhet\" \/>\n<meta property=\"og:url\" content=\"https:\/\/axholmen.com\/sv\/tjanster\/operationell_optimering\/\" \/>\n<meta property=\"og:site_name\" content=\"Axholmen\" \/>\n<meta property=\"article:modified_time\" content=\"2024-02-16T10:49:14+00:00\" \/>\n<meta property=\"og:image\" content=\"https:\/\/axholmen.com\/wp-content\/uploads\/2022\/10\/modern-fasad-scaled.jpg\" \/>\n\t<meta property=\"og:image:width\" content=\"2560\" \/>\n\t<meta property=\"og:image:height\" content=\"1706\" \/>\n\t<meta property=\"og:image:type\" content=\"image\/jpeg\" \/>\n<meta name=\"twitter:card\" content=\"summary_large_image\" \/>\n<meta name=\"twitter:label1\" content=\"Ber\u00e4knad l\u00e4stid\" \/>\n\t<meta name=\"twitter:data1\" content=\"1 minut\" \/>\n<script type=\"application\/ld+json\" class=\"yoast-schema-graph\">{\"@context\":\"https:\\\/\\\/schema.org\",\"@graph\":[{\"@type\":\"WebPage\",\"@id\":\"https:\\\/\\\/axholmen.com\\\/sv\\\/tjanster\\\/operationell_optimering\\\/\",\"url\":\"https:\\\/\\\/axholmen.com\\\/sv\\\/tjanster\\\/operationell_optimering\\\/\",\"name\":\"Operationell optimering - Axholmen\",\"isPartOf\":{\"@id\":\"https:\\\/\\\/axholmen.com\\\/#website\"},\"primaryImageOfPage\":{\"@id\":\"https:\\\/\\\/axholmen.com\\\/sv\\\/tjanster\\\/operationell_optimering\\\/#primaryimage\"},\"image\":{\"@id\":\"https:\\\/\\\/axholmen.com\\\/sv\\\/tjanster\\\/operationell_optimering\\\/#primaryimage\"},\"thumbnailUrl\":\"https:\\\/\\\/axholmen.com\\\/wp-content\\\/uploads\\\/2022\\\/10\\\/modern-fasad-scaled.jpg\",\"datePublished\":\"2017-11-30T12:43:14+00:00\",\"dateModified\":\"2024-02-16T10:49:14+00:00\",\"description\":\"Skapa best\u00e5ende effektivitetsf\u00f6rb\u00e4ttring i verksamheten f\u00f6r bibeh\u00e5llen konkurrenskraft och \u00f6kad l\u00f6nsamhet\",\"breadcrumb\":{\"@id\":\"https:\\\/\\\/axholmen.com\\\/sv\\\/tjanster\\\/operationell_optimering\\\/#breadcrumb\"},\"inLanguage\":\"sv-SE\",\"potentialAction\":[{\"@type\":\"ReadAction\",\"target\":[\"https:\\\/\\\/axholmen.com\\\/sv\\\/tjanster\\\/operationell_optimering\\\/\"]}]},{\"@type\":\"ImageObject\",\"inLanguage\":\"sv-SE\",\"@id\":\"https:\\\/\\\/axholmen.com\\\/sv\\\/tjanster\\\/operationell_optimering\\\/#primaryimage\",\"url\":\"https:\\\/\\\/axholmen.com\\\/wp-content\\\/uploads\\\/2022\\\/10\\\/modern-fasad-scaled.jpg\",\"contentUrl\":\"https:\\\/\\\/axholmen.com\\\/wp-content\\\/uploads\\\/2022\\\/10\\\/modern-fasad-scaled.jpg\",\"width\":2560,\"height\":1706},{\"@type\":\"BreadcrumbList\",\"@id\":\"https:\\\/\\\/axholmen.com\\\/sv\\\/tjanster\\\/operationell_optimering\\\/#breadcrumb\",\"itemListElement\":[{\"@type\":\"ListItem\",\"position\":1,\"name\":\"Axholmen\",\"item\":\"https:\\\/\\\/axholmen.com\\\/sv\\\/\"},{\"@type\":\"ListItem\",\"position\":2,\"name\":\"Tj\u00e4nster\",\"item\":\"https:\\\/\\\/axholmen.com\\\/sv\\\/tjanster\\\/\"},{\"@type\":\"ListItem\",\"position\":3,\"name\":\"Operationell optimering\"}]},{\"@type\":\"WebSite\",\"@id\":\"https:\\\/\\\/axholmen.com\\\/#website\",\"url\":\"https:\\\/\\\/axholmen.com\\\/\",\"name\":\"Axholmen\",\"description\":\"\",\"potentialAction\":[{\"@type\":\"SearchAction\",\"target\":{\"@type\":\"EntryPoint\",\"urlTemplate\":\"https:\\\/\\\/axholmen.com\\\/?s={search_term_string}\"},\"query-input\":{\"@type\":\"PropertyValueSpecification\",\"valueRequired\":true,\"valueName\":\"search_term_string\"}}],\"inLanguage\":\"sv-SE\"}]}<\/script>\n<!-- \/ Yoast SEO plugin. -->","yoast_head_json":{"title":"Operationell optimering - Axholmen","description":"Skapa best\u00e5ende effektivitetsf\u00f6rb\u00e4ttring i verksamheten f\u00f6r bibeh\u00e5llen konkurrenskraft och \u00f6kad l\u00f6nsamhet","robots":{"index":"index","follow":"follow","max-snippet":"max-snippet:-1","max-image-preview":"max-image-preview:large","max-video-preview":"max-video-preview:-1"},"canonical":"https:\/\/axholmen.com\/sv\/tjanster\/operationell_optimering\/","og_locale":"sv_SE","og_type":"article","og_title":"Operationell optimering - Axholmen","og_description":"Skapa best\u00e5ende effektivitetsf\u00f6rb\u00e4ttring i verksamheten f\u00f6r bibeh\u00e5llen konkurrenskraft och \u00f6kad l\u00f6nsamhet","og_url":"https:\/\/axholmen.com\/sv\/tjanster\/operationell_optimering\/","og_site_name":"Axholmen","article_modified_time":"2024-02-16T10:49:14+00:00","og_image":[{"width":2560,"height":1706,"url":"https:\/\/axholmen.com\/wp-content\/uploads\/2022\/10\/modern-fasad-scaled.jpg","type":"image\/jpeg"}],"twitter_card":"summary_large_image","twitter_misc":{"Ber\u00e4knad l\u00e4stid":"1 minut"},"schema":{"@context":"https:\/\/schema.org","@graph":[{"@type":"WebPage","@id":"https:\/\/axholmen.com\/sv\/tjanster\/operationell_optimering\/","url":"https:\/\/axholmen.com\/sv\/tjanster\/operationell_optimering\/","name":"Operationell optimering - Axholmen","isPartOf":{"@id":"https:\/\/axholmen.com\/#website"},"primaryImageOfPage":{"@id":"https:\/\/axholmen.com\/sv\/tjanster\/operationell_optimering\/#primaryimage"},"image":{"@id":"https:\/\/axholmen.com\/sv\/tjanster\/operationell_optimering\/#primaryimage"},"thumbnailUrl":"https:\/\/axholmen.com\/wp-content\/uploads\/2022\/10\/modern-fasad-scaled.jpg","datePublished":"2017-11-30T12:43:14+00:00","dateModified":"2024-02-16T10:49:14+00:00","description":"Skapa best\u00e5ende effektivitetsf\u00f6rb\u00e4ttring i verksamheten f\u00f6r bibeh\u00e5llen konkurrenskraft och \u00f6kad l\u00f6nsamhet","breadcrumb":{"@id":"https:\/\/axholmen.com\/sv\/tjanster\/operationell_optimering\/#breadcrumb"},"inLanguage":"sv-SE","potentialAction":[{"@type":"ReadAction","target":["https:\/\/axholmen.com\/sv\/tjanster\/operationell_optimering\/"]}]},{"@type":"ImageObject","inLanguage":"sv-SE","@id":"https:\/\/axholmen.com\/sv\/tjanster\/operationell_optimering\/#primaryimage","url":"https:\/\/axholmen.com\/wp-content\/uploads\/2022\/10\/modern-fasad-scaled.jpg","contentUrl":"https:\/\/axholmen.com\/wp-content\/uploads\/2022\/10\/modern-fasad-scaled.jpg","width":2560,"height":1706},{"@type":"BreadcrumbList","@id":"https:\/\/axholmen.com\/sv\/tjanster\/operationell_optimering\/#breadcrumb","itemListElement":[{"@type":"ListItem","position":1,"name":"Axholmen","item":"https:\/\/axholmen.com\/sv\/"},{"@type":"ListItem","position":2,"name":"Tj\u00e4nster","item":"https:\/\/axholmen.com\/sv\/tjanster\/"},{"@type":"ListItem","position":3,"name":"Operationell optimering"}]},{"@type":"WebSite","@id":"https:\/\/axholmen.com\/#website","url":"https:\/\/axholmen.com\/","name":"Axholmen","description":"","potentialAction":[{"@type":"SearchAction","target":{"@type":"EntryPoint","urlTemplate":"https:\/\/axholmen.com\/?s={search_term_string}"},"query-input":{"@type":"PropertyValueSpecification","valueRequired":true,"valueName":"search_term_string"}}],"inLanguage":"sv-SE"}]}},"custom_fields":{"_edit_lock":["1768570028:6"],"_edit_last":["6"],"_wp_page_template":["page-hero.php"],"subtitle-title":["\u00d6ka l\u00f6nsamheten genom f\u00f6rb\u00e4ttrad effektivitet"],"_subtitle-title":["group_page_subtitle-title"],"google-map-title":[""],"_google-map-title":["group_page_google-map-title"],"google-map-description":[""],"_google-map-description":["group_page_google-map-description"],"google-map-info-window":[""],"_google-map-info-window":["group_page_google-map-info-window"],"google-map":[""],"_google-map":["group_page_google-map"],"modules-below-content":["a:5:{i:0;s:43:\"group_page_modules_below-content_text-block\";i:1;s:43:\"group_page_modules_below-content_text-block\";i:2;s:43:\"group_page_modules_below-content_text-block\";i:3;s:43:\"group_page_modules_below-content_text-block\";i:4;s:42:\"group_page_modules_below-content_post-list\";}"],"_modules-below-content":["group_page_modules_below-content_modules"],"_thumbnail_id":["3284"],"modules-below-content_0_template":["text-block\/image-left-alt"],"_modules-below-content_0_template":["group_page_modules_below-content_text-block-template"],"modules-below-content_0_text-block-title":["Kostnadsreduktions\u00adprogram"],"_modules-below-content_0_text-block-title":["group_page_modules_below-content_text-block_text-block-title"],"modules-below-content_0_text-block-image":["3350"],"_modules-below-content_0_text-block-image":["group_page_modules_below-content_text-block_text-block-image"],"modules-below-content_0_text-block-description":["Beh\u00f6ver du g\u00f6ra kostnadsbesparingar i verksamheten? Tv\u00e5 viktiga f\u00f6ruts\u00e4ttningar f\u00f6r att lyckas \u00e4r ett stort engagemang i organisationen och en gemensam syn p\u00e5 v\u00e4gen fram\u00e5t.\u00a0En av de stora utmaningarna \u00e4r att v\u00e5ga utmana de nuvarande arbetsmetoderna och hitta nya kreativa l\u00f6sningar. F\u00f6rmodligen finns kunskapen redan i din organisation, men kanske beh\u00f6ver du hj\u00e4lp att anv\u00e4nda den r\u00e4tt?\r\n\r\n<strong>Gemensam m\u00e5lbild<\/strong>\r\n\r\nDet \u00e4r viktigt att din organisation har en gemensam bild av behovet av f\u00f6r\u00e4ndring och att medarbetare som p\u00e5verkas av f\u00f6r\u00e4ndringen f\u00f6rst\u00e5r och accepterar detta. V\u00e5ra management-konsulter har en gedigen erfarenhet av att st\u00f6tta och guida organisationer med effektiva kostnadsreduktionsprogram. Vi samlar organisationen bakom en gemensam m\u00e5lbild om vad f\u00f6r\u00e4ndringen kommer att inneb\u00e4ra och anpassar angreppss\u00e4ttet efter din organisations unika situation."],"_modules-below-content_0_text-block-description":["group_page_modules_below-content_text-block_text-block-description"],"modules-below-content_0_text-block-buttons":[""],"_modules-below-content_0_text-block-buttons":["group_page_modules_below-content_text-block_text-block-buttons"],"modules-below-content_1_template":["text-block\/image-right-alt"],"_modules-below-content_1_template":["group_page_modules_below-content_text-block-template"],"modules-below-content_1_text-block-title":["Resursoptimering"],"_modules-below-content_1_text-block-title":["group_page_modules_below-content_text-block_text-block-title"],"modules-below-content_1_text-block-image":["3299"],"_modules-below-content_1_text-block-image":["group_page_modules_below-content_text-block_text-block-image"],"modules-below-content_1_text-block-description":["F\u00f6r att skapa en h\u00f6g effektivitet kr\u00e4vs det givetvis att du anv\u00e4nder resurserna p\u00e5 b\u00e4sta m\u00f6jliga s\u00e4tt. Exempel p\u00e5 verktyg \u00e4r att se \u00f6ver anst\u00e4llningsmixen, inf\u00f6ra arbetsrotation, skapa effektiva arbetsscheman eller \u00f6ka flexibiliteten med bemanningsf\u00f6retag. Men hur utmanar du i personalefterfr\u00e5gan? F\u00f6r att n\u00e5 h\u00f6g personaleffektivitet beh\u00f6ver \u00e4ven personalefterfr\u00e5gan optimeras mot din tillg\u00e5ng av personal.\r\n\r\n<strong>Interna benchmarks<\/strong>\r\n\r\nVi p\u00e5 Axholmen hj\u00e4lper dig att lyckas med resursplaneringen. V\u00e5ra erfarna management-konsulter har gedigen kunskap och stor f\u00f6rst\u00e5else f\u00f6r personalefterfr\u00e5gan och dess f\u00f6rb\u00e4ttringspotential bland annat genom att anv\u00e4nda interna benchmarks kombinerat med datadriven modellering. Exempel p\u00e5 l\u00e4mpliga \u00e5tg\u00e4rder kan vara automatisering, eliminering av icke v\u00e4rdeskapande aktiviteter eller styrning\/planering av icke tidskritiska aktiviteter."],"_modules-below-content_1_text-block-description":["group_page_modules_below-content_text-block_text-block-description"],"modules-below-content_1_text-block-buttons":[""],"_modules-below-content_1_text-block-buttons":["group_page_modules_below-content_text-block_text-block-buttons"],"modules-below-content_2_template":["text-block\/image-left-alt"],"_modules-below-content_2_template":["group_page_modules_below-content_text-block-template"],"modules-below-content_2_text-block-title":["Sourcing"],"_modules-below-content_2_text-block-title":["group_page_modules_below-content_text-block_text-block-title"],"modules-below-content_2_text-block-image":["3301"],"_modules-below-content_2_text-block-image":["group_page_modules_below-content_text-block_text-block-image"],"modules-below-content_2_text-block-description":["Vi st\u00f6ttar utvecklingen av din ink\u00f6psorganisation inom en rad omr\u00e5den. Med gedigen erfarenhet av strategi- och organisationsutveckling kan vi bland annat utveckla ink\u00f6psroller och etablera nya strukturer som exempelvis design av din ink\u00f6psorganisation, processer och vidareutveckling av kategoristyrning. Dessutom kan vi identifiera och realisera besparingar p\u00e5 externa tj\u00e4nster och produkter, \u00e4nda in till f\u00f6rhandling och nya kontrakt efter dina \u00f6nskem\u00e5l.\r\n\r\n<strong>Effektivitetsf\u00f6rb\u00e4ttringar<\/strong>\r\n\r\nVi finns vid din sida med effektivitetsf\u00f6rb\u00e4ttringar \u2013 allt fr\u00e5n att identifiera ink\u00f6psbesparingar (per kategori eller som ett program) till att implementera och f\u00f6rhandla. Dessutom erbjuder vi r\u00e5dgivning inom supplier relationship management (SRM) med ramverk, styrning och leverant\u00f6rssegmentering."],"_modules-below-content_2_text-block-description":["group_page_modules_below-content_text-block_text-block-description"],"modules-below-content_2_text-block-buttons":[""],"_modules-below-content_2_text-block-buttons":["group_page_modules_below-content_text-block_text-block-buttons"],"_wpml_media_featured":["1"],"_wpml_media_duplicate":["1"],"modules-below-content_0_text-block-image-overlay":["0"],"_modules-below-content_0_text-block-image-overlay":["group_page_modules_below-content_text-block_text-block-image-overlay"],"modules-below-content_1_text-block-image-overlay":["0"],"_modules-below-content_1_text-block-image-overlay":["group_page_modules_below-content_text-block_text-block-image-overlay"],"modules-below-content_2_text-block-image-overlay":["0"],"_modules-below-content_2_text-block-image-overlay":["group_page_modules_below-content_text-block_text-block-image-overlay"],"_yoast_wpseo_metadesc":["Skapa best\u00e5ende effektivitetsf\u00f6rb\u00e4ttring i verksamheten f\u00f6r bibeh\u00e5llen konkurrenskraft och \u00f6kad l\u00f6nsamhet"],"_yoast_wpseo_estimated-reading-time-minutes":["1"],"_yoast_wpseo_wordproof_timestamp":[""],"modules-below-content_3_template":["text-block\/image-left"],"_modules-below-content_3_template":["group_page_modules_below-content_text-block-template"],"modules-below-content_3_text-block-title":["Kontakta mig"],"_modules-below-content_3_text-block-title":["group_page_modules_below-content_text-block_text-block-title"],"modules-below-content_3_text-block-image":["3422"],"_modules-below-content_3_text-block-image":["group_page_modules_below-content_text-block_text-block-image"],"modules-below-content_3_text-block-image-overlay":["0"],"_modules-below-content_3_text-block-image-overlay":["group_page_modules_below-content_text-block_text-block-image-overlay"],"modules-below-content_3_text-block-description":["20 \u00e5rs erfarenhet av att skapa resultat p\u00e5 sista raden genom sourcing &amp; outsourcing, effektiviseringar och f\u00f6rflyttningar i operativmodell, organisationsdesign och -dimensionering, working capital-effektiviseringar och prisoptimering i stora och medelstora f\u00f6retag i olika branscher, b\u00e5de som konsult och i linjeroller.\r\n\r\nErik Mokvist, Partner\r\n<p class=\"heading--5\"><a href=\"mailto:erik.mokvist@axholmen.se\">ERIK.MOKVIST@AXHOLMEN.SE<\/a><\/p>\r\n<p class=\"heading--5\">+46 70 749 14 95<\/p>\r\n<a href=\"https:\/\/www.linkedin.com\/in\/erik-mokvist-32b7481\/\">LinkedIn<\/a>"],"_modules-below-content_3_text-block-description":["group_page_modules_below-content_text-block_text-block-description"],"modules-below-content_3_text-block-buttons":[""],"_modules-below-content_3_text-block-buttons":["group_page_modules_below-content_text-block_text-block-buttons"],"modules-below-content_4_template":["post-list\/default"],"_modules-below-content_4_template":["group_page_modules_below-content_post-list-template"],"modules-below-content_4_post-list-title":["Relaterade inl\u00e4gg"],"_modules-below-content_4_post-list-title":["group_page_modules_below-content_post-list_post-list-title"],"modules-below-content_4_post-list-description":[""],"_modules-below-content_4_post-list-description":["group_page_modules_below-content_post-list_post-list-description"],"modules-below-content_4_post-list-posts":["a:16:{i:0;s:3:\"691\";i:1;s:4:\"1651\";i:2;s:3:\"819\";i:3;s:3:\"256\";i:4;s:4:\"2487\";i:5;s:3:\"647\";i:6;s:3:\"642\";i:7;s:4:\"1632\";i:8;s:3:\"830\";i:9;s:3:\"711\";i:10;s:3:\"639\";i:11;s:3:\"834\";i:12;s:3:\"746\";i:13;s:4:\"1982\";i:14;s:3:\"754\";i:15;s:4:\"1502\";}"],"_modules-below-content_4_post-list-posts":["group_page_modules_below-content_post-list_post-list-posts"],"_oembed_5388f585d8d298385a467e6856cd0b9f":["{{unknown}}"],"_oembed_d90958fcd8fc6198524c981c011cd315":["{{unknown}}"],"_yoast_wpseo_focuskw":["operationelloptimering"],"_yoast_wpseo_linkdex":["33"],"_wpml_word_count":["{\"total\":54,\"to_translate\":{\"en\":54}}"]},"_links":{"self":[{"href":"https:\/\/axholmen.com\/sv\/wp-json\/wp\/v2\/pages\/359","targetHints":{"allow":["GET"]}}],"collection":[{"href":"https:\/\/axholmen.com\/sv\/wp-json\/wp\/v2\/pages"}],"about":[{"href":"https:\/\/axholmen.com\/sv\/wp-json\/wp\/v2\/types\/page"}],"author":[{"embeddable":true,"href":"https:\/\/axholmen.com\/sv\/wp-json\/wp\/v2\/users\/6"}],"replies":[{"embeddable":true,"href":"https:\/\/axholmen.com\/sv\/wp-json\/wp\/v2\/comments?post=359"}],"version-history":[{"count":0,"href":"https:\/\/axholmen.com\/sv\/wp-json\/wp\/v2\/pages\/359\/revisions"}],"up":[{"embeddable":true,"href":"https:\/\/axholmen.com\/sv\/wp-json\/wp\/v2\/pages\/6"}],"wp:featuredmedia":[{"embeddable":true,"href":"https:\/\/axholmen.com\/sv\/wp-json\/wp\/v2\/media\/3284"}],"wp:attachment":[{"href":"https:\/\/axholmen.com\/sv\/wp-json\/wp\/v2\/media?parent=359"}],"curies":[{"name":"wp","href":"https:\/\/api.w.org\/{rel}","templated":true}]}}