{"id":4094,"date":"2023-12-20T13:21:55","date_gmt":"2023-12-20T12:21:55","guid":{"rendered":"https:\/\/axholmen.com\/?page_id=4094"},"modified":"2024-12-12T17:09:01","modified_gmt":"2024-12-12T16:09:01","slug":"strategiformulering","status":"publish","type":"page","link":"https:\/\/axholmen.com\/sv\/tjanster\/strategiformulering\/","title":{"rendered":"Strategiformulering"},"content":{"rendered":"","protected":false},"excerpt":{"rendered":"<p>Hur jobbar din ledningsgrupp med utveckling och formulering av strategi f\u00f6r att maximera ert f\u00f6retags aktie\u00e4garv\u00e4rde? Axholmen specialiserar sig p\u00e5 att utveckla bolagsstrategi tillsammans med din ledningsgrupp. Vi jobbar t\u00e4tt med din organisation och era kunder, som k\u00e4nner era produkter och era marknader allra b\u00e4st.<\/p>\n","protected":false},"author":36,"featured_media":2046,"parent":6,"menu_order":9,"comment_status":"closed","ping_status":"closed","template":"page-hero.php","meta":{"_acf_changed":false,"footnotes":""},"class_list":["post-4094","page","type-page","status-publish","has-post-thumbnail","hentry"],"acf":[],"yoast_head":"<!-- This site is optimized with the Yoast SEO plugin v27.3 - https:\/\/yoast.com\/product\/yoast-seo-wordpress\/ -->\n<title>Strategiformulering - Axholmen<\/title>\n<meta name=\"description\" content=\"Skapa best\u00e5ende effektivitetsf\u00f6rb\u00e4ttring i verksamheten f\u00f6r bibeh\u00e5llen konkurrenskraft och \u00f6kad l\u00f6nsamhet\" \/>\n<meta name=\"robots\" content=\"index, follow, max-snippet:-1, max-image-preview:large, max-video-preview:-1\" \/>\n<link rel=\"canonical\" href=\"https:\/\/axholmen.com\/sv\/tjanster\/strategiformulering\/\" \/>\n<meta property=\"og:locale\" content=\"sv_SE\" \/>\n<meta property=\"og:type\" content=\"article\" \/>\n<meta property=\"og:title\" content=\"Strategiformulering - Axholmen\" \/>\n<meta property=\"og:description\" content=\"Skapa best\u00e5ende effektivitetsf\u00f6rb\u00e4ttring i verksamheten f\u00f6r bibeh\u00e5llen konkurrenskraft och \u00f6kad l\u00f6nsamhet\" \/>\n<meta property=\"og:url\" content=\"https:\/\/axholmen.com\/sv\/tjanster\/strategiformulering\/\" \/>\n<meta property=\"og:site_name\" content=\"Axholmen\" \/>\n<meta property=\"article:modified_time\" content=\"2024-12-12T16:09:01+00:00\" \/>\n<meta property=\"og:image\" content=\"https:\/\/axholmen.com\/wp-content\/uploads\/2020\/07\/organisationsdesign-bakgrund.jpg\" \/>\n\t<meta property=\"og:image:width\" content=\"1280\" \/>\n\t<meta property=\"og:image:height\" content=\"853\" \/>\n\t<meta property=\"og:image:type\" content=\"image\/jpeg\" \/>\n<meta name=\"twitter:card\" content=\"summary_large_image\" \/>\n<meta name=\"twitter:label1\" content=\"Ber\u00e4knad l\u00e4stid\" \/>\n\t<meta name=\"twitter:data1\" content=\"1 minut\" \/>\n<script type=\"application\/ld+json\" class=\"yoast-schema-graph\">{\"@context\":\"https:\\\/\\\/schema.org\",\"@graph\":[{\"@type\":\"WebPage\",\"@id\":\"https:\\\/\\\/axholmen.com\\\/sv\\\/tjanster\\\/strategiformulering\\\/\",\"url\":\"https:\\\/\\\/axholmen.com\\\/sv\\\/tjanster\\\/strategiformulering\\\/\",\"name\":\"Strategiformulering - Axholmen\",\"isPartOf\":{\"@id\":\"https:\\\/\\\/axholmen.com\\\/#website\"},\"primaryImageOfPage\":{\"@id\":\"https:\\\/\\\/axholmen.com\\\/sv\\\/tjanster\\\/strategiformulering\\\/#primaryimage\"},\"image\":{\"@id\":\"https:\\\/\\\/axholmen.com\\\/sv\\\/tjanster\\\/strategiformulering\\\/#primaryimage\"},\"thumbnailUrl\":\"https:\\\/\\\/axholmen.com\\\/wp-content\\\/uploads\\\/2020\\\/07\\\/organisationsdesign-bakgrund.jpg\",\"datePublished\":\"2023-12-20T12:21:55+00:00\",\"dateModified\":\"2024-12-12T16:09:01+00:00\",\"description\":\"Skapa best\u00e5ende effektivitetsf\u00f6rb\u00e4ttring i verksamheten f\u00f6r bibeh\u00e5llen konkurrenskraft och \u00f6kad l\u00f6nsamhet\",\"breadcrumb\":{\"@id\":\"https:\\\/\\\/axholmen.com\\\/sv\\\/tjanster\\\/strategiformulering\\\/#breadcrumb\"},\"inLanguage\":\"sv-SE\",\"potentialAction\":[{\"@type\":\"ReadAction\",\"target\":[\"https:\\\/\\\/axholmen.com\\\/sv\\\/tjanster\\\/strategiformulering\\\/\"]}]},{\"@type\":\"ImageObject\",\"inLanguage\":\"sv-SE\",\"@id\":\"https:\\\/\\\/axholmen.com\\\/sv\\\/tjanster\\\/strategiformulering\\\/#primaryimage\",\"url\":\"https:\\\/\\\/axholmen.com\\\/wp-content\\\/uploads\\\/2020\\\/07\\\/organisationsdesign-bakgrund.jpg\",\"contentUrl\":\"https:\\\/\\\/axholmen.com\\\/wp-content\\\/uploads\\\/2020\\\/07\\\/organisationsdesign-bakgrund.jpg\",\"width\":1280,\"height\":853},{\"@type\":\"BreadcrumbList\",\"@id\":\"https:\\\/\\\/axholmen.com\\\/sv\\\/tjanster\\\/strategiformulering\\\/#breadcrumb\",\"itemListElement\":[{\"@type\":\"ListItem\",\"position\":1,\"name\":\"Axholmen\",\"item\":\"https:\\\/\\\/axholmen.com\\\/sv\\\/\"},{\"@type\":\"ListItem\",\"position\":2,\"name\":\"Tj\u00e4nster\",\"item\":\"https:\\\/\\\/axholmen.com\\\/sv\\\/tjanster\\\/\"},{\"@type\":\"ListItem\",\"position\":3,\"name\":\"Strategiformulering\"}]},{\"@type\":\"WebSite\",\"@id\":\"https:\\\/\\\/axholmen.com\\\/#website\",\"url\":\"https:\\\/\\\/axholmen.com\\\/\",\"name\":\"Axholmen\",\"description\":\"\",\"potentialAction\":[{\"@type\":\"SearchAction\",\"target\":{\"@type\":\"EntryPoint\",\"urlTemplate\":\"https:\\\/\\\/axholmen.com\\\/?s={search_term_string}\"},\"query-input\":{\"@type\":\"PropertyValueSpecification\",\"valueRequired\":true,\"valueName\":\"search_term_string\"}}],\"inLanguage\":\"sv-SE\"}]}<\/script>\n<!-- \/ Yoast SEO plugin. -->","yoast_head_json":{"title":"Strategiformulering - Axholmen","description":"Skapa best\u00e5ende effektivitetsf\u00f6rb\u00e4ttring i verksamheten f\u00f6r bibeh\u00e5llen konkurrenskraft och \u00f6kad l\u00f6nsamhet","robots":{"index":"index","follow":"follow","max-snippet":"max-snippet:-1","max-image-preview":"max-image-preview:large","max-video-preview":"max-video-preview:-1"},"canonical":"https:\/\/axholmen.com\/sv\/tjanster\/strategiformulering\/","og_locale":"sv_SE","og_type":"article","og_title":"Strategiformulering - Axholmen","og_description":"Skapa best\u00e5ende effektivitetsf\u00f6rb\u00e4ttring i verksamheten f\u00f6r bibeh\u00e5llen konkurrenskraft och \u00f6kad l\u00f6nsamhet","og_url":"https:\/\/axholmen.com\/sv\/tjanster\/strategiformulering\/","og_site_name":"Axholmen","article_modified_time":"2024-12-12T16:09:01+00:00","og_image":[{"width":1280,"height":853,"url":"https:\/\/axholmen.com\/wp-content\/uploads\/2020\/07\/organisationsdesign-bakgrund.jpg","type":"image\/jpeg"}],"twitter_card":"summary_large_image","twitter_misc":{"Ber\u00e4knad l\u00e4stid":"1 minut"},"schema":{"@context":"https:\/\/schema.org","@graph":[{"@type":"WebPage","@id":"https:\/\/axholmen.com\/sv\/tjanster\/strategiformulering\/","url":"https:\/\/axholmen.com\/sv\/tjanster\/strategiformulering\/","name":"Strategiformulering - Axholmen","isPartOf":{"@id":"https:\/\/axholmen.com\/#website"},"primaryImageOfPage":{"@id":"https:\/\/axholmen.com\/sv\/tjanster\/strategiformulering\/#primaryimage"},"image":{"@id":"https:\/\/axholmen.com\/sv\/tjanster\/strategiformulering\/#primaryimage"},"thumbnailUrl":"https:\/\/axholmen.com\/wp-content\/uploads\/2020\/07\/organisationsdesign-bakgrund.jpg","datePublished":"2023-12-20T12:21:55+00:00","dateModified":"2024-12-12T16:09:01+00:00","description":"Skapa best\u00e5ende effektivitetsf\u00f6rb\u00e4ttring i verksamheten f\u00f6r bibeh\u00e5llen konkurrenskraft och \u00f6kad l\u00f6nsamhet","breadcrumb":{"@id":"https:\/\/axholmen.com\/sv\/tjanster\/strategiformulering\/#breadcrumb"},"inLanguage":"sv-SE","potentialAction":[{"@type":"ReadAction","target":["https:\/\/axholmen.com\/sv\/tjanster\/strategiformulering\/"]}]},{"@type":"ImageObject","inLanguage":"sv-SE","@id":"https:\/\/axholmen.com\/sv\/tjanster\/strategiformulering\/#primaryimage","url":"https:\/\/axholmen.com\/wp-content\/uploads\/2020\/07\/organisationsdesign-bakgrund.jpg","contentUrl":"https:\/\/axholmen.com\/wp-content\/uploads\/2020\/07\/organisationsdesign-bakgrund.jpg","width":1280,"height":853},{"@type":"BreadcrumbList","@id":"https:\/\/axholmen.com\/sv\/tjanster\/strategiformulering\/#breadcrumb","itemListElement":[{"@type":"ListItem","position":1,"name":"Axholmen","item":"https:\/\/axholmen.com\/sv\/"},{"@type":"ListItem","position":2,"name":"Tj\u00e4nster","item":"https:\/\/axholmen.com\/sv\/tjanster\/"},{"@type":"ListItem","position":3,"name":"Strategiformulering"}]},{"@type":"WebSite","@id":"https:\/\/axholmen.com\/#website","url":"https:\/\/axholmen.com\/","name":"Axholmen","description":"","potentialAction":[{"@type":"SearchAction","target":{"@type":"EntryPoint","urlTemplate":"https:\/\/axholmen.com\/?s={search_term_string}"},"query-input":{"@type":"PropertyValueSpecification","valueRequired":true,"valueName":"search_term_string"}}],"inLanguage":"sv-SE"}]}},"custom_fields":{"_wp_page_template":["page-hero.php"],"subtitle-title":["\u00d6ka aktie\u00e4garv\u00e4rdet med r\u00e4tt strategi"],"_subtitle-title":["group_page_subtitle-title"],"google-map-title":[""],"_google-map-title":["group_page_google-map-title"],"google-map-description":[""],"_google-map-description":["group_page_google-map-description"],"google-map-info-window":[""],"_google-map-info-window":["group_page_google-map-info-window"],"google-map":[""],"_google-map":["group_page_google-map"],"modules-below-content":["a:5:{i:0;s:43:\"group_page_modules_below-content_text-block\";i:1;s:43:\"group_page_modules_below-content_text-block\";i:2;s:43:\"group_page_modules_below-content_text-block\";i:3;s:43:\"group_page_modules_below-content_text-block\";i:4;s:42:\"group_page_modules_below-content_post-list\";}"],"_modules-below-content":["group_page_modules_below-content_modules"],"_thumbnail_id":["2046"],"modules-below-content_0_template":["text-block\/image-left-alt"],"_modules-below-content_0_template":["group_page_modules_below-content_text-block-template"],"modules-below-content_0_text-block-title":["Strategiformulering"],"_modules-below-content_0_text-block-title":["group_page_modules_below-content_text-block_text-block-title"],"modules-below-content_0_text-block-image":["4096"],"_modules-below-content_0_text-block-image":["group_page_modules_below-content_text-block_text-block-image"],"modules-below-content_0_text-block-description":["<strong>Fokuserad p\u00e5 aktie\u00e4garv\u00e4rde<\/strong>: Vi undviker teoretisk perfektion och fokuserar p\u00e5 aktiviteter som p\u00e5 ett m\u00e4tbart s\u00e4tt f\u00f6rb\u00e4ttrar bolagets aktie\u00e4garv\u00e4rde.\r\n\r\n<strong>Genomf\u00f6rbar:<\/strong> Vi jobbar tillsammans med ledningsgrupp vid framtagning av strategin vilket s\u00e4krar verklighetsf\u00f6rankring och skapar r\u00e4tt f\u00f6ruts\u00e4ttningar f\u00f6r exekvering.\r\n\r\n<strong>Konkret<\/strong>: Vi omvandlar strategisk inriktning till initiativ d\u00e4r aktiviteternas effekt skapar verklig f\u00f6rb\u00e4ttring.\r\n\r\n<strong>M\u00e4tbar<\/strong>: Vi formulerar strategiska m\u00e5l som kan m\u00e4tas finansiellt med relevanta ledande och sl\u00e4pande KPIer f\u00f6r uppf\u00f6ljning av framsteg och effekt.\r\n\r\n<strong>F\u00f6rankrad:<\/strong> Vi grundar er strategi p\u00e5 de faktiska kund- och marknadsf\u00f6rh\u00e5llanden som f\u00f6rs\u00e4ljningsteamet m\u00f6ter dagligen."],"_modules-below-content_0_text-block-description":["group_page_modules_below-content_text-block_text-block-description"],"modules-below-content_0_text-block-buttons":[""],"_modules-below-content_0_text-block-buttons":["group_page_modules_below-content_text-block_text-block-buttons"],"modules-below-content_1_template":["text-block\/image-right-alt"],"_modules-below-content_1_template":["group_page_modules_below-content_text-block-template"],"modules-below-content_1_text-block-title":["Realisering av strategi"],"_modules-below-content_1_text-block-title":["group_page_modules_below-content_text-block_text-block-title"],"modules-below-content_1_text-block-image":["4098"],"_modules-below-content_1_text-block-image":["group_page_modules_below-content_text-block_text-block-image"],"modules-below-content_1_text-block-description":["Framg\u00e5ngsrika strategier f\u00f6rverkligas \u2013 och de resulterar i v\u00e4rderingsf\u00f6rb\u00e4ttringar som aktie\u00e4garna efterfr\u00e5gar. Det styr prioriteringen till de viktigaste initiativen.\r\n\r\nVi \u00e4r specialiserade p\u00e5 att formulera genomf\u00f6rbara \u00e5tg\u00e4rder f\u00f6r att uppn\u00e5 finansiella m\u00e5l, i kombination med f\u00f6renklad och effektiv uppf\u00f6ljning. Baserat p\u00e5 strategin definierar vi de \u00e5tg\u00e4rder som beh\u00f6vs f\u00f6r att n\u00e5 resultaten. Vi s\u00e4krar en tydlig koppling fr\u00e5n varje strategisk aktivitets utfall till resultatr\u00e4kning och balansr\u00e4kning. Vi konkretiserar n\u00f6dv\u00e4ndiga investeringar och f\u00f6rv\u00e4ntade ledtider f\u00f6r genomf\u00f6randet av varje aktivitet, vilket s\u00e4kerst\u00e4ller verklighetsf\u00f6rankring och genomf\u00f6rbarhet. Vi anv\u00e4nder bepr\u00f6vade metoder f\u00f6r att f\u00f6lja den strategiska planen och tydligt styra mot att n\u00e5 avsedd v\u00e4rderingsf\u00f6rb\u00e4ttring i tid. Under implementationen finns Axholmen med f\u00f6r att facilitera, vi st\u00f6ttar med revision av \u00e5tg\u00e4rder s\u00e5 att inte momentum f\u00f6rloras vid uppkomst av ov\u00e4ntade hinder."],"_modules-below-content_1_text-block-description":["group_page_modules_below-content_text-block_text-block-description"],"modules-below-content_1_text-block-buttons":[""],"_modules-below-content_1_text-block-buttons":["group_page_modules_below-content_text-block_text-block-buttons"],"modules-below-content_2_template":["text-block\/image-left-alt"],"_modules-below-content_2_template":["group_page_modules_below-content_text-block-template"],"modules-below-content_2_text-block-title":["V\u00e5r metod och expertis"],"_modules-below-content_2_text-block-title":["group_page_modules_below-content_text-block_text-block-title"],"modules-below-content_2_text-block-image":["4025"],"_modules-below-content_2_text-block-image":["group_page_modules_below-content_text-block_text-block-image"],"modules-below-content_2_text-block-description":["<strong>Dataorienterade: <\/strong>Vi jobbar datadrivet f\u00f6r att f\u00f6rst\u00e5 ert bolags potential och tar avstamp i nul\u00e4gesbild genom analys av bolags- och f\u00f6rs\u00e4ljningsdata, kundintervjuer, intervjuer med presumtiva kunder, intervjuer med f\u00f6rlorade kunder, expertintervjuer, kartl\u00e4ggning av konkurrenter och marknadsutveckling.\r\n\r\n<strong>N\u00e4ra samarbete: <\/strong>Vi \u00e4r specialister p\u00e5 att jobba n\u00e4ra er organisation f\u00f6r att p\u00e5 b\u00e4sta s\u00e4tt st\u00f6tta i utvecklingen av er strategi.\r\n\r\n<strong>Nischexpertis: <\/strong>Vi har som ett komplement ett globalt n\u00e4tverk av markandsexperter som kompletterar er befintliga marknads- och kundk\u00e4nnedom.\r\n\r\n<strong>Seniora team: <\/strong>Vi utf\u00f6r projekt i mer seniora team med m\u00e5ng\u00e5rig erfarenhet av strategisk utveckling. Detta g\u00f6r att vi snabbt kan dra r\u00e4tt slutsatser fr\u00e5n vad data faktiskt s\u00e4ger och bist\u00e5 med r\u00e5dgivning baserat p\u00e5 tidigare framg\u00e5ngsrika strategiformuleringar."],"_modules-below-content_2_text-block-description":["group_page_modules_below-content_text-block_text-block-description"],"modules-below-content_2_text-block-buttons":[""],"_modules-below-content_2_text-block-buttons":["group_page_modules_below-content_text-block_text-block-buttons"],"_wpml_media_featured":["1"],"_wpml_media_duplicate":["1"],"modules-below-content_0_text-block-image-overlay":["0"],"_modules-below-content_0_text-block-image-overlay":["group_page_modules_below-content_text-block_text-block-image-overlay"],"modules-below-content_1_text-block-image-overlay":["0"],"_modules-below-content_1_text-block-image-overlay":["group_page_modules_below-content_text-block_text-block-image-overlay"],"modules-below-content_2_text-block-image-overlay":["0"],"_modules-below-content_2_text-block-image-overlay":["group_page_modules_below-content_text-block_text-block-image-overlay"],"_yoast_wpseo_metadesc":["Skapa best\u00e5ende effektivitetsf\u00f6rb\u00e4ttring i verksamheten f\u00f6r bibeh\u00e5llen konkurrenskraft och \u00f6kad l\u00f6nsamhet"],"_yoast_wpseo_estimated-reading-time-minutes":["1"],"_yoast_wpseo_wordproof_timestamp":[""],"modules-below-content_3_template":["text-block\/image-left"],"_modules-below-content_3_template":["group_page_modules_below-content_text-block-template"],"modules-below-content_3_text-block-title":["Kontakta mig"],"_modules-below-content_3_text-block-title":["group_page_modules_below-content_text-block_text-block-title"],"modules-below-content_3_text-block-image":["3422"],"_modules-below-content_3_text-block-image":["group_page_modules_below-content_text-block_text-block-image"],"modules-below-content_3_text-block-image-overlay":["0"],"_modules-below-content_3_text-block-image-overlay":["group_page_modules_below-content_text-block_text-block-image-overlay"],"modules-below-content_3_text-block-description":["20 \u00e5rs erfarenhet av att skapa resultat p\u00e5 sista raden genom sourcing &amp; outsourcing, effektiviseringar och f\u00f6rflyttningar i operativmodell, organisationsdesign och -dimensionering, working capital-effektiviseringar och prisoptimering i stora och medelstora f\u00f6retag i olika branscher, b\u00e5de som konsult och i linjeroller.\r\n\r\nErik Mokvist, Partner\r\n<p class=\"heading--5\"><a href=\"mailto:erik.mokvist@axholmen.se\">ERIK.MOKVIST@AXHOLMEN.SE<\/a><\/p>\r\n<p class=\"heading--5\">+46 70 749 14 95<\/p>\r\n<a href=\"https:\/\/www.linkedin.com\/in\/erik-mokvist-32b7481\/\">LinkedIn<\/a>"],"_modules-below-content_3_text-block-description":["group_page_modules_below-content_text-block_text-block-description"],"modules-below-content_3_text-block-buttons":[""],"_modules-below-content_3_text-block-buttons":["group_page_modules_below-content_text-block_text-block-buttons"],"modules-below-content_4_template":["post-list\/default"],"_modules-below-content_4_template":["group_page_modules_below-content_post-list-template"],"modules-below-content_4_post-list-title":["Relaterade inl\u00e4gg"],"_modules-below-content_4_post-list-title":["group_page_modules_below-content_post-list_post-list-title"],"modules-below-content_4_post-list-description":[""],"_modules-below-content_4_post-list-description":["group_page_modules_below-content_post-list_post-list-description"],"modules-below-content_4_post-list-posts":["a:19:{i:0;s:4:\"4265\";i:1;s:4:\"4570\";i:2;s:4:\"4572\";i:3;s:3:\"691\";i:4;s:4:\"1651\";i:5;s:3:\"819\";i:6;s:3:\"256\";i:7;s:4:\"2487\";i:8;s:3:\"647\";i:9;s:3:\"642\";i:10;s:4:\"1632\";i:11;s:3:\"830\";i:12;s:3:\"711\";i:13;s:3:\"639\";i:14;s:3:\"834\";i:15;s:3:\"746\";i:16;s:4:\"1982\";i:17;s:3:\"754\";i:18;s:4:\"1502\";}"],"_modules-below-content_4_post-list-posts":["group_page_modules_below-content_post-list_post-list-posts"],"_oembed_5388f585d8d298385a467e6856cd0b9f":["{{unknown}}"],"_oembed_d90958fcd8fc6198524c981c011cd315":["{{unknown}}"],"_yoast_wpseo_focuskw":["effektivitetsf\u00f6rb\u00e4ttring"],"_yoast_wpseo_linkdex":["38"],"_wpml_word_count":["{\"total\":52,\"to_translate\":{\"en\":52}}"],"_dp_original":["359"],"_edit_lock":["1768463817:6"],"_edit_last":["49"],"_last_translation_edit_mode":["native-editor"]},"_links":{"self":[{"href":"https:\/\/axholmen.com\/sv\/wp-json\/wp\/v2\/pages\/4094","targetHints":{"allow":["GET"]}}],"collection":[{"href":"https:\/\/axholmen.com\/sv\/wp-json\/wp\/v2\/pages"}],"about":[{"href":"https:\/\/axholmen.com\/sv\/wp-json\/wp\/v2\/types\/page"}],"author":[{"embeddable":true,"href":"https:\/\/axholmen.com\/sv\/wp-json\/wp\/v2\/users\/36"}],"replies":[{"embeddable":true,"href":"https:\/\/axholmen.com\/sv\/wp-json\/wp\/v2\/comments?post=4094"}],"version-history":[{"count":0,"href":"https:\/\/axholmen.com\/sv\/wp-json\/wp\/v2\/pages\/4094\/revisions"}],"up":[{"embeddable":true,"href":"https:\/\/axholmen.com\/sv\/wp-json\/wp\/v2\/pages\/6"}],"wp:featuredmedia":[{"embeddable":true,"href":"https:\/\/axholmen.com\/sv\/wp-json\/wp\/v2\/media\/2046"}],"wp:attachment":[{"href":"https:\/\/axholmen.com\/sv\/wp-json\/wp\/v2\/media?parent=4094"}],"curies":[{"name":"wp","href":"https:\/\/api.w.org\/{rel}","templated":true}]}}