{"id":435,"date":"2017-12-05T12:21:55","date_gmt":"2017-12-05T11:21:55","guid":{"rendered":"http:\/\/axholmen.se\/?page_id=435"},"modified":"2023-11-14T13:30:33","modified_gmt":"2023-11-14T12:30:33","slug":"hur-vi-gor","status":"publish","type":"page","link":"https:\/\/axholmen.com\/sv\/hur-vi-gor\/","title":{"rendered":"Hur vi g\u00f6r"},"content":{"rendered":"","protected":false},"excerpt":{"rendered":"<p>Personliga, pragmatiska och resultatfokuserade leveranss\u00e4tt. Det h\u00e4r \u00e4r ord som v\u00e5ra kunder ofta lyfter fram som de mest k\u00e4nnetecknande, j\u00e4mf\u00f6rt med v\u00e5ra kollegor i branschen.<br \/>\nVi arbetar tillsammans med dig i erfarna team, anpassade efter uppdraget och dina utmaningar. Ett pragmatiskt f\u00f6rh\u00e5llningss\u00e4tt och stor integritet g\u00e5r som en r\u00f6d tr\u00e5d fr\u00e5n start till m\u00e5l. P\u00e5 s\u00e5 s\u00e4tt s\u00e4kerst\u00e4ller vi ett best\u00e5ende resultat och att din organisation \u00e4r starkare efter v\u00e5rt arbete. <\/p>\n<p>Vi kallar det \u2019The Axholmen Way\u2019. <\/p>\n","protected":false},"author":1,"featured_media":3319,"parent":0,"menu_order":0,"comment_status":"closed","ping_status":"closed","template":"page-hero.php","meta":{"_acf_changed":false,"footnotes":""},"class_list":["post-435","page","type-page","status-publish","has-post-thumbnail","hentry"],"acf":[],"yoast_head":"<!-- This site is optimized with the Yoast SEO plugin v27.3 - https:\/\/yoast.com\/product\/yoast-seo-wordpress\/ -->\n<title>Hur vi g\u00f6r - Axholmen<\/title>\n<meta name=\"description\" content=\"Genom att arbeta n\u00e4ra v\u00e5ra kunder, oftast i sm\u00e5 team med ett pragmatiskt f\u00f6rh\u00e5llningss\u00e4tt och h\u00f6g integritet s\u00e4kerst\u00e4ller vi best\u00e5ende resultat\" \/>\n<meta name=\"robots\" content=\"index, follow, max-snippet:-1, max-image-preview:large, max-video-preview:-1\" \/>\n<link rel=\"canonical\" href=\"https:\/\/axholmen.com\/sv\/hur-vi-gor\/\" \/>\n<meta property=\"og:locale\" content=\"sv_SE\" \/>\n<meta property=\"og:type\" content=\"article\" \/>\n<meta property=\"og:title\" content=\"Hur vi g\u00f6r - Axholmen\" \/>\n<meta property=\"og:description\" content=\"Genom att arbeta n\u00e4ra v\u00e5ra kunder, oftast i sm\u00e5 team med ett pragmatiskt f\u00f6rh\u00e5llningss\u00e4tt och h\u00f6g integritet s\u00e4kerst\u00e4ller vi best\u00e5ende resultat\" \/>\n<meta property=\"og:url\" content=\"https:\/\/axholmen.com\/sv\/hur-vi-gor\/\" \/>\n<meta property=\"og:site_name\" content=\"Axholmen\" \/>\n<meta property=\"article:modified_time\" content=\"2023-11-14T12:30:33+00:00\" \/>\n<meta property=\"og:image\" content=\"https:\/\/axholmen.com\/wp-content\/uploads\/2022\/10\/z8a6492-e1666007552426.jpg\" \/>\n\t<meta property=\"og:image:width\" content=\"2000\" \/>\n\t<meta property=\"og:image:height\" content=\"990\" \/>\n\t<meta property=\"og:image:type\" content=\"image\/jpeg\" \/>\n<meta name=\"twitter:card\" content=\"summary_large_image\" \/>\n<script type=\"application\/ld+json\" class=\"yoast-schema-graph\">{\"@context\":\"https:\\\/\\\/schema.org\",\"@graph\":[{\"@type\":\"WebPage\",\"@id\":\"https:\\\/\\\/axholmen.com\\\/sv\\\/hur-vi-gor\\\/\",\"url\":\"https:\\\/\\\/axholmen.com\\\/sv\\\/hur-vi-gor\\\/\",\"name\":\"Hur vi g\u00f6r - Axholmen\",\"isPartOf\":{\"@id\":\"https:\\\/\\\/axholmen.com\\\/#website\"},\"primaryImageOfPage\":{\"@id\":\"https:\\\/\\\/axholmen.com\\\/sv\\\/hur-vi-gor\\\/#primaryimage\"},\"image\":{\"@id\":\"https:\\\/\\\/axholmen.com\\\/sv\\\/hur-vi-gor\\\/#primaryimage\"},\"thumbnailUrl\":\"https:\\\/\\\/axholmen.com\\\/wp-content\\\/uploads\\\/2022\\\/10\\\/z8a6492-e1666007552426.jpg\",\"datePublished\":\"2017-12-05T11:21:55+00:00\",\"dateModified\":\"2023-11-14T12:30:33+00:00\",\"description\":\"Genom att arbeta n\u00e4ra v\u00e5ra kunder, oftast i sm\u00e5 team med ett pragmatiskt f\u00f6rh\u00e5llningss\u00e4tt och h\u00f6g integritet s\u00e4kerst\u00e4ller vi best\u00e5ende resultat\",\"breadcrumb\":{\"@id\":\"https:\\\/\\\/axholmen.com\\\/sv\\\/hur-vi-gor\\\/#breadcrumb\"},\"inLanguage\":\"sv-SE\",\"potentialAction\":[{\"@type\":\"ReadAction\",\"target\":[\"https:\\\/\\\/axholmen.com\\\/sv\\\/hur-vi-gor\\\/\"]}]},{\"@type\":\"ImageObject\",\"inLanguage\":\"sv-SE\",\"@id\":\"https:\\\/\\\/axholmen.com\\\/sv\\\/hur-vi-gor\\\/#primaryimage\",\"url\":\"https:\\\/\\\/axholmen.com\\\/wp-content\\\/uploads\\\/2022\\\/10\\\/z8a6492-e1666007552426.jpg\",\"contentUrl\":\"https:\\\/\\\/axholmen.com\\\/wp-content\\\/uploads\\\/2022\\\/10\\\/z8a6492-e1666007552426.jpg\",\"width\":2000,\"height\":990},{\"@type\":\"BreadcrumbList\",\"@id\":\"https:\\\/\\\/axholmen.com\\\/sv\\\/hur-vi-gor\\\/#breadcrumb\",\"itemListElement\":[{\"@type\":\"ListItem\",\"position\":1,\"name\":\"Axholmen\",\"item\":\"https:\\\/\\\/axholmen.com\\\/sv\\\/\"},{\"@type\":\"ListItem\",\"position\":2,\"name\":\"Hur vi g\u00f6r\"}]},{\"@type\":\"WebSite\",\"@id\":\"https:\\\/\\\/axholmen.com\\\/#website\",\"url\":\"https:\\\/\\\/axholmen.com\\\/\",\"name\":\"Axholmen\",\"description\":\"\",\"potentialAction\":[{\"@type\":\"SearchAction\",\"target\":{\"@type\":\"EntryPoint\",\"urlTemplate\":\"https:\\\/\\\/axholmen.com\\\/?s={search_term_string}\"},\"query-input\":{\"@type\":\"PropertyValueSpecification\",\"valueRequired\":true,\"valueName\":\"search_term_string\"}}],\"inLanguage\":\"sv-SE\"}]}<\/script>\n<!-- \/ Yoast SEO plugin. -->","yoast_head_json":{"title":"Hur vi g\u00f6r - Axholmen","description":"Genom att arbeta n\u00e4ra v\u00e5ra kunder, oftast i sm\u00e5 team med ett pragmatiskt f\u00f6rh\u00e5llningss\u00e4tt och h\u00f6g integritet s\u00e4kerst\u00e4ller vi best\u00e5ende resultat","robots":{"index":"index","follow":"follow","max-snippet":"max-snippet:-1","max-image-preview":"max-image-preview:large","max-video-preview":"max-video-preview:-1"},"canonical":"https:\/\/axholmen.com\/sv\/hur-vi-gor\/","og_locale":"sv_SE","og_type":"article","og_title":"Hur vi g\u00f6r - Axholmen","og_description":"Genom att arbeta n\u00e4ra v\u00e5ra kunder, oftast i sm\u00e5 team med ett pragmatiskt f\u00f6rh\u00e5llningss\u00e4tt och h\u00f6g integritet s\u00e4kerst\u00e4ller vi best\u00e5ende resultat","og_url":"https:\/\/axholmen.com\/sv\/hur-vi-gor\/","og_site_name":"Axholmen","article_modified_time":"2023-11-14T12:30:33+00:00","og_image":[{"width":2000,"height":990,"url":"https:\/\/axholmen.com\/wp-content\/uploads\/2022\/10\/z8a6492-e1666007552426.jpg","type":"image\/jpeg"}],"twitter_card":"summary_large_image","schema":{"@context":"https:\/\/schema.org","@graph":[{"@type":"WebPage","@id":"https:\/\/axholmen.com\/sv\/hur-vi-gor\/","url":"https:\/\/axholmen.com\/sv\/hur-vi-gor\/","name":"Hur vi g\u00f6r - Axholmen","isPartOf":{"@id":"https:\/\/axholmen.com\/#website"},"primaryImageOfPage":{"@id":"https:\/\/axholmen.com\/sv\/hur-vi-gor\/#primaryimage"},"image":{"@id":"https:\/\/axholmen.com\/sv\/hur-vi-gor\/#primaryimage"},"thumbnailUrl":"https:\/\/axholmen.com\/wp-content\/uploads\/2022\/10\/z8a6492-e1666007552426.jpg","datePublished":"2017-12-05T11:21:55+00:00","dateModified":"2023-11-14T12:30:33+00:00","description":"Genom att arbeta n\u00e4ra v\u00e5ra kunder, oftast i sm\u00e5 team med ett pragmatiskt f\u00f6rh\u00e5llningss\u00e4tt och h\u00f6g integritet s\u00e4kerst\u00e4ller vi best\u00e5ende resultat","breadcrumb":{"@id":"https:\/\/axholmen.com\/sv\/hur-vi-gor\/#breadcrumb"},"inLanguage":"sv-SE","potentialAction":[{"@type":"ReadAction","target":["https:\/\/axholmen.com\/sv\/hur-vi-gor\/"]}]},{"@type":"ImageObject","inLanguage":"sv-SE","@id":"https:\/\/axholmen.com\/sv\/hur-vi-gor\/#primaryimage","url":"https:\/\/axholmen.com\/wp-content\/uploads\/2022\/10\/z8a6492-e1666007552426.jpg","contentUrl":"https:\/\/axholmen.com\/wp-content\/uploads\/2022\/10\/z8a6492-e1666007552426.jpg","width":2000,"height":990},{"@type":"BreadcrumbList","@id":"https:\/\/axholmen.com\/sv\/hur-vi-gor\/#breadcrumb","itemListElement":[{"@type":"ListItem","position":1,"name":"Axholmen","item":"https:\/\/axholmen.com\/sv\/"},{"@type":"ListItem","position":2,"name":"Hur vi g\u00f6r"}]},{"@type":"WebSite","@id":"https:\/\/axholmen.com\/#website","url":"https:\/\/axholmen.com\/","name":"Axholmen","description":"","potentialAction":[{"@type":"SearchAction","target":{"@type":"EntryPoint","urlTemplate":"https:\/\/axholmen.com\/?s={search_term_string}"},"query-input":{"@type":"PropertyValueSpecification","valueRequired":true,"valueName":"search_term_string"}}],"inLanguage":"sv-SE"}]}},"custom_fields":{"_edit_lock":["1699965684:1"],"_edit_last":["1"],"_thumbnail_id":["3319"],"_wp_page_template":["page-hero.php"],"subtitle-title":["Vad k\u00e4nnetecknar v\u00e5rt arbetss\u00e4tt som management&shy;konsulter? "],"_subtitle-title":["group_page_subtitle-title"],"google-map-title":[""],"_google-map-title":["group_page_google-map-title"],"google-map-description":[""],"_google-map-description":["group_page_google-map-description"],"google-map-info-window":[""],"_google-map-info-window":["group_page_google-map-info-window"],"google-map":[""],"_google-map":["group_page_google-map"],"modules-below-content_0_template":["text-block\/default"],"_modules-below-content_0_template":["group_page_modules_below-content_text-block-template"],"modules-below-content_0_text-block-title":["The Axholmen way"],"_modules-below-content_0_text-block-title":["group_page_modules_below-content_text-block_text-block-title"],"modules-below-content_0_text-block-title-tag":["h2"],"_modules-below-content_0_text-block-title-tag":["group_page_modules_below-content_text-block_text-block-title-tag"],"modules-below-content_0_text-block-image":[""],"_modules-below-content_0_text-block-image":["group_page_modules_below-content_text-block_text-block-image"],"modules-below-content_0_text-block-description":[""],"_modules-below-content_0_text-block-description":["group_page_modules_below-content_text-block_text-block-description"],"modules-below-content_0_text-block-buttons":[""],"_modules-below-content_0_text-block-buttons":["group_page_modules_below-content_text-block_text-block-buttons"],"modules-below-content":["a:7:{i:0;s:43:\"group_page_modules_below-content_text-block\";i:1;s:43:\"group_page_modules_below-content_text-block\";i:2;s:43:\"group_page_modules_below-content_text-block\";i:3;s:43:\"group_page_modules_below-content_text-block\";i:4;s:43:\"group_page_modules_below-content_text-block\";i:5;s:43:\"group_page_modules_below-content_text-block\";i:6;s:42:\"group_page_modules_below-content_post-list\";}"],"_modules-below-content":["group_page_modules_below-content_modules"],"_wpml_media_featured":["1"],"_wpml_media_duplicate":["1"],"modules-below-content_0_text-block-image-overlay":["0"],"_modules-below-content_0_text-block-image-overlay":["group_page_modules_below-content_text-block_text-block-image-overlay"],"_yoast_wpseo_metadesc":["Genom att arbeta n\u00e4ra v\u00e5ra kunder, oftast i sm\u00e5 team med ett pragmatiskt f\u00f6rh\u00e5llningss\u00e4tt och h\u00f6g integritet s\u00e4kerst\u00e4ller vi best\u00e5ende resultat"],"_yoast_wpseo_estimated-reading-time-minutes":["0"],"modules-below-content_1_template":["text-block\/image-left-alt"],"_modules-below-content_1_template":["group_page_modules_below-content_text-block-template"],"modules-below-content_1_text-block-title":[""],"_modules-below-content_1_text-block-title":["group_page_modules_below-content_text-block_text-block-title"],"modules-below-content_1_text-block-image":["3323"],"_modules-below-content_1_text-block-image":["group_page_modules_below-content_text-block_text-block-image"],"modules-below-content_1_text-block-image-overlay":["0"],"_modules-below-content_1_text-block-image-overlay":["group_page_modules_below-content_text-block_text-block-image-overlay"],"modules-below-content_1_text-block-description":["<strong>B\u00e4sta l\u00f6sningarna f\u00f6r din organisation <\/strong>\r\n\r\nDet \u00e4r ingen slump att v\u00e5r leveransmodell bygger p\u00e5 ett inkluderande och kollaborativt arbetss\u00e4tt. Ensam \u00e4r som bekant s\u00e4llan stark. De b\u00e4sta och mest best\u00e5ende l\u00f6sningarna g\u00f6rs tillsammans med dig och din organisation.\r\n\r\n<strong>Tillsammans <\/strong>\r\n\r\nVi skapar dynamik mellan expertisen i din organisation och kunskapen hos v\u00e5ra managentkonsulter. Tillsammans arbetar vi fram de r\u00e4tta f\u00f6ruts\u00e4ttningarna till f\u00f6r\u00e4ndring, utveckling och tillv\u00e4xt. Vi jobbar i effektiva team, prestigel\u00f6st, pragmatiskt och hypotesbaserat. P\u00e5 s\u00e5 s\u00e4tt uppn\u00e5r vi de b\u00e4sta resultaten, dessutom till h\u00f6gre kostnadseffektivitet.\r\n\r\n<strong>Kompetenta<\/strong>\r\n\r\nV\u00e5ra team har en gedigen erfarenhet av att l\u00f6sa kritiska aff\u00e4rsutmaningar och leverera best\u00e5ende resultat. Alla konsulter \u00e4r handplockade f\u00f6r sin kompetens, drivkraft och genuina aff\u00e4rsfokus.\r\n\r\n<strong>Starkare <\/strong>\r\n\r\nM\u00e5ls\u00e4ttningen \u00e4r tydlig redan fr\u00e5n start \u2013 det handlar om att skapa en starkare organisation. En organisation som f\u00f6rvaltar, utvecklar, motiverar och ger dina medarbetare m\u00f6jlighet att v\u00e4xa."],"_modules-below-content_1_text-block-description":["group_page_modules_below-content_text-block_text-block-description"],"modules-below-content_1_text-block-buttons":[""],"_modules-below-content_1_text-block-buttons":["group_page_modules_below-content_text-block_text-block-buttons"],"_yoast_wpseo_wordproof_timestamp":[""],"modules-below-content_3_template":["text-block\/image-right-alt"],"_modules-below-content_3_template":["group_page_modules_below-content_text-block-template"],"modules-below-content_3_text-block-title":[""],"_modules-below-content_3_text-block-title":["group_page_modules_below-content_text-block_text-block-title"],"modules-below-content_3_text-block-image":["3329"],"_modules-below-content_3_text-block-image":["group_page_modules_below-content_text-block_text-block-image"],"modules-below-content_3_text-block-image-overlay":["0"],"_modules-below-content_3_text-block-image-overlay":["group_page_modules_below-content_text-block_text-block-image-overlay"],"modules-below-content_3_text-block-description":["<strong>Det enkla \u00e4r oftast det b\u00e4sta<\/strong>\r\n<ul>\r\n \t<li>Hypotesdrivet, itererande arbetss\u00e4tt med fokus p\u00e5 att identifiera och verifiera v\u00e4rdeskapande och genomf\u00f6rbara aktiviteter som snabbt n\u00e5r m\u00e5let.<\/li>\r\n \t<li>Strategiska och erfarna managementkonsulter \u2013\u00a0analysf\u00f6rm\u00e5ga och implementationskraft i en effektiv kombination.<\/li>\r\n \t<li>Stor f\u00f6rm\u00e5ga att snabbt f\u00f6rst\u00e5 viktiga aff\u00e4rsutmaningar och man\u00f6vrera i din organisation.<\/li>\r\n \t<li>Utan att tumma p\u00e5 v\u00e5r integritet hittar vi de b\u00e4sta l\u00f6sningarna f\u00f6r din organisation. H\u00e4r kan ibland etablerade sanningar och heliga kor beh\u00f6va utmanas \u2013 allt f\u00f6r att f\u00f6rs\u00e4kra oss om de b\u00e4sta l\u00f6sningarna.<\/li>\r\n<\/ul>\r\n<strong>M\u00e4tbara resultat <\/strong>\r\n\r\nTycker du ocks\u00e5 att managementkonsulter ska motiveras av faktiska resultat? Vi p\u00e5 Axholmen arbetar alltid mot m\u00e4tbara resultat och kan erbjuda en modell d\u00e4r vi delar den kommersiella risken med dig som kund.\r\n<ul>\r\n \t<li>Fundamentet i v\u00e5rt arbetss\u00e4tt \u00e4r att snabbt skapa m\u00e4tbara faktiska resultat, d\u00e4r vi utv\u00e4rderar v\u00e5r framg\u00e5ng utifr\u00e5n den p\u00e5verkan vi faktiskt har p\u00e5 resultatet. Inga teoretiska skugguppf\u00f6ljningar, med andra ord.<\/li>\r\n \t<li>Resultatet \u00e4r det viktiga \u2013 inte den planerade v\u00e4gen dit. Med ett pragmatiskt och prestigel\u00f6st syns\u00e4tt anpassar vi leveransen efter f\u00f6r\u00e4ndrade f\u00f6rh\u00e5llanden.<\/li>\r\n \t<li>Vi kan knyta delar av v\u00e5rt arvode till projektets \u00f6verenskomna m\u00e5l och utfall och p\u00e5 s\u00e5 s\u00e4tt dela den kommersiella risken med ditt f\u00f6retag.<\/li>\r\n<\/ul>"],"_modules-below-content_3_text-block-description":["group_page_modules_below-content_text-block_text-block-description"],"modules-below-content_3_text-block-buttons":[""],"_modules-below-content_3_text-block-buttons":["group_page_modules_below-content_text-block_text-block-buttons"],"modules-below-content_2_template":["text-block\/default"],"_modules-below-content_2_template":["group_page_modules_below-content_text-block-template"],"modules-below-content_2_text-block-title":[""],"_modules-below-content_2_text-block-title":["group_page_modules_below-content_text-block_text-block-title"],"modules-below-content_2_text-block-image":[""],"_modules-below-content_2_text-block-image":["group_page_modules_below-content_text-block_text-block-image"],"modules-below-content_2_text-block-image-overlay":["0"],"_modules-below-content_2_text-block-image-overlay":["group_page_modules_below-content_text-block_text-block-image-overlay"],"modules-below-content_2_text-block-description":["<blockquote>Ett av Axholmens mer best\u00e5ende och v\u00e4rdeskapande bidrag \u00e4r att vi kom ut ur projektet och samarbetet som en starkare organisation.\r\n\r\nErik Lautmann, fd VD Jetpak<\/blockquote>"],"_modules-below-content_2_text-block-description":["group_page_modules_below-content_text-block_text-block-description"],"modules-below-content_2_text-block-buttons":[""],"_modules-below-content_2_text-block-buttons":["group_page_modules_below-content_text-block_text-block-buttons"],"modules-below-content_4_template":["text-block\/default"],"_modules-below-content_4_template":["group_page_modules_below-content_text-block-template"],"modules-below-content_4_text-block-title":[""],"_modules-below-content_4_text-block-title":["group_page_modules_below-content_text-block_text-block-title"],"modules-below-content_4_text-block-image":[""],"_modules-below-content_4_text-block-image":["group_page_modules_below-content_text-block_text-block-image"],"modules-below-content_4_text-block-image-overlay":["0"],"_modules-below-content_4_text-block-image-overlay":["group_page_modules_below-content_text-block_text-block-image-overlay"],"modules-below-content_4_text-block-description":["<blockquote>Axholmen has delivered real value to many of our portfolio companies in the Nordics. They are uniquely able to address value creation strategies through tried-and-true methods and high quality engagement with their clients.\r\n\r\nRobert J. Nicewicz Jr., Abry Partners<\/blockquote>"],"_modules-below-content_4_text-block-description":["group_page_modules_below-content_text-block_text-block-description"],"modules-below-content_4_text-block-buttons":[""],"_modules-below-content_4_text-block-buttons":["group_page_modules_below-content_text-block_text-block-buttons"],"modules-below-content_5_template":["text-block\/default"],"_modules-below-content_5_template":["group_page_modules_below-content_text-block-template"],"modules-below-content_5_text-block-title":[""],"_modules-below-content_5_text-block-title":["group_page_modules_below-content_text-block_text-block-title"],"modules-below-content_5_text-block-image":[""],"_modules-below-content_5_text-block-image":["group_page_modules_below-content_text-block_text-block-image"],"modules-below-content_5_text-block-image-overlay":["0"],"_modules-below-content_5_text-block-image-overlay":["group_page_modules_below-content_text-block_text-block-image-overlay"],"modules-below-content_5_text-block-description":[""],"_modules-below-content_5_text-block-description":["group_page_modules_below-content_text-block_text-block-description"],"modules-below-content_5_text-block-buttons_0_button-link":["a:3:{s:5:\"title\";s:12:\"Kontakta oss\";s:3:\"url\";s:32:\"https:\/\/axholmen.com\/sv\/kontakt\/\";s:6:\"target\";s:0:\"\";}"],"_modules-below-content_5_text-block-buttons_0_button-link":["group_page_modules_below-content_text-block_text-block-buttons_button-link"],"modules-below-content_5_text-block-buttons_0_button-color":["primary"],"_modules-below-content_5_text-block-buttons_0_button-color":["group_page_modules_below-content_text-block_text-block-buttons_button-color"],"modules-below-content_5_text-block-buttons_0_button-ghost":["0"],"_modules-below-content_5_text-block-buttons_0_button-ghost":["group_page_modules_below-content_text-block_text-block-buttons_button-ghost"],"modules-below-content_5_text-block-buttons_0_button-icon":[""],"_modules-below-content_5_text-block-buttons_0_button-icon":["group_page_modules_below-content_text-block_text-block-buttons_button-icon"],"modules-below-content_5_text-block-buttons":["1"],"_modules-below-content_5_text-block-buttons":["group_page_modules_below-content_text-block_text-block-buttons"],"modules-below-content_6_template":["post-list\/default"],"_modules-below-content_6_template":["group_page_modules_below-content_post-list-template"],"modules-below-content_6_post-list-title":["Relaterade inl\u00e4gg"],"_modules-below-content_6_post-list-title":["group_page_modules_below-content_post-list_post-list-title"],"modules-below-content_6_post-list-description":[""],"_modules-below-content_6_post-list-description":["group_page_modules_below-content_post-list_post-list-description"],"modules-below-content_6_post-list-posts":["a:3:{i:0;s:3:\"628\";i:1;s:3:\"256\";i:2;s:3:\"252\";}"],"_modules-below-content_6_post-list-posts":["group_page_modules_below-content_post-list_post-list-posts"],"_yoast_wpseo_focuskw":["\u00f6ka l\u00f6nsamhet"],"_yoast_wpseo_linkdex":["33"],"_wpml_word_count":["{\"total\":106,\"to_translate\":{\"en\":106}}"]},"_links":{"self":[{"href":"https:\/\/axholmen.com\/sv\/wp-json\/wp\/v2\/pages\/435","targetHints":{"allow":["GET"]}}],"collection":[{"href":"https:\/\/axholmen.com\/sv\/wp-json\/wp\/v2\/pages"}],"about":[{"href":"https:\/\/axholmen.com\/sv\/wp-json\/wp\/v2\/types\/page"}],"author":[{"embeddable":true,"href":"https:\/\/axholmen.com\/sv\/wp-json\/wp\/v2\/users\/1"}],"replies":[{"embeddable":true,"href":"https:\/\/axholmen.com\/sv\/wp-json\/wp\/v2\/comments?post=435"}],"version-history":[{"count":0,"href":"https:\/\/axholmen.com\/sv\/wp-json\/wp\/v2\/pages\/435\/revisions"}],"wp:featuredmedia":[{"embeddable":true,"href":"https:\/\/axholmen.com\/sv\/wp-json\/wp\/v2\/media\/3319"}],"wp:attachment":[{"href":"https:\/\/axholmen.com\/sv\/wp-json\/wp\/v2\/media?parent=435"}],"curies":[{"name":"wp","href":"https:\/\/api.w.org\/{rel}","templated":true}]}}