{"id":494,"date":"2018-02-22T10:28:58","date_gmt":"2018-02-22T09:28:58","guid":{"rendered":"http:\/\/axholmen.se\/?page_id=494"},"modified":"2018-02-27T07:39:26","modified_gmt":"2018-02-27T06:39:26","slug":"allamoduler","status":"publish","type":"page","link":"https:\/\/axholmen.com\/sv\/allamoduler\/","title":{"rendered":"allamoduler"},"content":{"rendered":"<h2>H\u00e4r hamnar texten som man skriver direkt i contentrutan<\/h2>\n<p>Lorem ipsum dolor sit amet, consectetur adipiscing elit. Sed eget ex semper, laoreet justo eu, ornare massa. Sed accumsan, diam vitae lacinia tincidunt, lectus neque luctus nulla, nec ornare metus sapien sit amet dui. Fusce et pharetra est, sit amet dictum ipsum. Curabitur blandit, nisl in mattis tempor, libero velit interdum ex, et eleifend nisl lectus ut dui. Pellentesque condimentum hendrerit volutpat. Donec feugiat molestie magna non malesuada. Donec commodo tellus non quam hendrerit ultricies.<\/p>\n","protected":false},"excerpt":{"rendered":"<p>H\u00e4r hamnar texten som man skriver direkt i contentrutan Lorem ipsum dolor sit amet, consectetur adipiscing elit. Sed eget ex semper, laoreet justo eu, ornare \/..\/<\/p>\n","protected":false},"author":1,"featured_media":375,"parent":0,"menu_order":0,"comment_status":"closed","ping_status":"closed","template":"","meta":{"_acf_changed":false,"footnotes":""},"class_list":["post-494","page","type-page","status-publish","has-post-thumbnail","hentry"],"acf":[],"yoast_head":"<!-- This site is optimized with the Yoast SEO plugin v27.5 - https:\/\/yoast.com\/product\/yoast-seo-wordpress\/ -->\n<title>allamoduler - Axholmen<\/title>\n<meta name=\"robots\" content=\"index, follow, max-snippet:-1, max-image-preview:large, max-video-preview:-1\" \/>\n<link rel=\"canonical\" href=\"https:\/\/axholmen.com\/sv\/allamoduler\/\" \/>\n<meta property=\"og:locale\" content=\"sv_SE\" \/>\n<meta property=\"og:type\" content=\"article\" \/>\n<meta property=\"og:title\" content=\"allamoduler - Axholmen\" \/>\n<meta property=\"og:description\" content=\"H\u00e4r hamnar texten som man skriver direkt i contentrutan Lorem ipsum dolor sit amet, consectetur adipiscing elit. Sed eget ex semper, laoreet justo eu, ornare \/..\/\" \/>\n<meta property=\"og:url\" content=\"https:\/\/axholmen.com\/sv\/allamoduler\/\" \/>\n<meta property=\"og:site_name\" content=\"Axholmen\" \/>\n<meta property=\"article:modified_time\" content=\"2018-02-27T06:39:26+00:00\" \/>\n<meta property=\"og:image\" content=\"https:\/\/axholmen.com\/wp-content\/uploads\/2017\/12\/green-16.jpg\" \/>\n\t<meta property=\"og:image:width\" content=\"1440\" \/>\n\t<meta property=\"og:image:height\" content=\"1152\" \/>\n\t<meta property=\"og:image:type\" content=\"image\/jpeg\" \/>\n<meta name=\"twitter:card\" content=\"summary_large_image\" \/>\n<script type=\"application\/ld+json\" class=\"yoast-schema-graph\">{\"@context\":\"https:\\\/\\\/schema.org\",\"@graph\":[{\"@type\":\"WebPage\",\"@id\":\"https:\\\/\\\/axholmen.com\\\/sv\\\/allamoduler\\\/\",\"url\":\"https:\\\/\\\/axholmen.com\\\/sv\\\/allamoduler\\\/\",\"name\":\"allamoduler - Axholmen\",\"isPartOf\":{\"@id\":\"https:\\\/\\\/axholmen.com\\\/#website\"},\"primaryImageOfPage\":{\"@id\":\"https:\\\/\\\/axholmen.com\\\/sv\\\/allamoduler\\\/#primaryimage\"},\"image\":{\"@id\":\"https:\\\/\\\/axholmen.com\\\/sv\\\/allamoduler\\\/#primaryimage\"},\"thumbnailUrl\":\"https:\\\/\\\/axholmen.com\\\/wp-content\\\/uploads\\\/2017\\\/12\\\/green-16.jpg\",\"datePublished\":\"2018-02-22T09:28:58+00:00\",\"dateModified\":\"2018-02-27T06:39:26+00:00\",\"breadcrumb\":{\"@id\":\"https:\\\/\\\/axholmen.com\\\/sv\\\/allamoduler\\\/#breadcrumb\"},\"inLanguage\":\"sv-SE\",\"potentialAction\":[{\"@type\":\"ReadAction\",\"target\":[\"https:\\\/\\\/axholmen.com\\\/sv\\\/allamoduler\\\/\"]}]},{\"@type\":\"ImageObject\",\"inLanguage\":\"sv-SE\",\"@id\":\"https:\\\/\\\/axholmen.com\\\/sv\\\/allamoduler\\\/#primaryimage\",\"url\":\"https:\\\/\\\/axholmen.com\\\/wp-content\\\/uploads\\\/2017\\\/12\\\/green-16.jpg\",\"contentUrl\":\"https:\\\/\\\/axholmen.com\\\/wp-content\\\/uploads\\\/2017\\\/12\\\/green-16.jpg\",\"width\":1440,\"height\":1152},{\"@type\":\"BreadcrumbList\",\"@id\":\"https:\\\/\\\/axholmen.com\\\/sv\\\/allamoduler\\\/#breadcrumb\",\"itemListElement\":[{\"@type\":\"ListItem\",\"position\":1,\"name\":\"Axholmen\",\"item\":\"https:\\\/\\\/axholmen.com\\\/sv\\\/\"},{\"@type\":\"ListItem\",\"position\":2,\"name\":\"allamoduler\"}]},{\"@type\":\"WebSite\",\"@id\":\"https:\\\/\\\/axholmen.com\\\/#website\",\"url\":\"https:\\\/\\\/axholmen.com\\\/\",\"name\":\"Axholmen\",\"description\":\"\",\"potentialAction\":[{\"@type\":\"SearchAction\",\"target\":{\"@type\":\"EntryPoint\",\"urlTemplate\":\"https:\\\/\\\/axholmen.com\\\/?s={search_term_string}\"},\"query-input\":{\"@type\":\"PropertyValueSpecification\",\"valueRequired\":true,\"valueName\":\"search_term_string\"}}],\"inLanguage\":\"sv-SE\"}]}<\/script>\n<!-- \/ Yoast SEO plugin. -->","yoast_head_json":{"title":"allamoduler - Axholmen","robots":{"index":"index","follow":"follow","max-snippet":"max-snippet:-1","max-image-preview":"max-image-preview:large","max-video-preview":"max-video-preview:-1"},"canonical":"https:\/\/axholmen.com\/sv\/allamoduler\/","og_locale":"sv_SE","og_type":"article","og_title":"allamoduler - Axholmen","og_description":"H\u00e4r hamnar texten som man skriver direkt i contentrutan Lorem ipsum dolor sit amet, consectetur adipiscing elit. Sed eget ex semper, laoreet justo eu, ornare \/..\/","og_url":"https:\/\/axholmen.com\/sv\/allamoduler\/","og_site_name":"Axholmen","article_modified_time":"2018-02-27T06:39:26+00:00","og_image":[{"width":1440,"height":1152,"url":"https:\/\/axholmen.com\/wp-content\/uploads\/2017\/12\/green-16.jpg","type":"image\/jpeg"}],"twitter_card":"summary_large_image","schema":{"@context":"https:\/\/schema.org","@graph":[{"@type":"WebPage","@id":"https:\/\/axholmen.com\/sv\/allamoduler\/","url":"https:\/\/axholmen.com\/sv\/allamoduler\/","name":"allamoduler - Axholmen","isPartOf":{"@id":"https:\/\/axholmen.com\/#website"},"primaryImageOfPage":{"@id":"https:\/\/axholmen.com\/sv\/allamoduler\/#primaryimage"},"image":{"@id":"https:\/\/axholmen.com\/sv\/allamoduler\/#primaryimage"},"thumbnailUrl":"https:\/\/axholmen.com\/wp-content\/uploads\/2017\/12\/green-16.jpg","datePublished":"2018-02-22T09:28:58+00:00","dateModified":"2018-02-27T06:39:26+00:00","breadcrumb":{"@id":"https:\/\/axholmen.com\/sv\/allamoduler\/#breadcrumb"},"inLanguage":"sv-SE","potentialAction":[{"@type":"ReadAction","target":["https:\/\/axholmen.com\/sv\/allamoduler\/"]}]},{"@type":"ImageObject","inLanguage":"sv-SE","@id":"https:\/\/axholmen.com\/sv\/allamoduler\/#primaryimage","url":"https:\/\/axholmen.com\/wp-content\/uploads\/2017\/12\/green-16.jpg","contentUrl":"https:\/\/axholmen.com\/wp-content\/uploads\/2017\/12\/green-16.jpg","width":1440,"height":1152},{"@type":"BreadcrumbList","@id":"https:\/\/axholmen.com\/sv\/allamoduler\/#breadcrumb","itemListElement":[{"@type":"ListItem","position":1,"name":"Axholmen","item":"https:\/\/axholmen.com\/sv\/"},{"@type":"ListItem","position":2,"name":"allamoduler"}]},{"@type":"WebSite","@id":"https:\/\/axholmen.com\/#website","url":"https:\/\/axholmen.com\/","name":"Axholmen","description":"","potentialAction":[{"@type":"SearchAction","target":{"@type":"EntryPoint","urlTemplate":"https:\/\/axholmen.com\/?s={search_term_string}"},"query-input":{"@type":"PropertyValueSpecification","valueRequired":true,"valueName":"search_term_string"}}],"inLanguage":"sv-SE"}]}},"custom_fields":{"_edit_lock":["1696258350:1"],"_edit_last":["1"],"_wp_page_template":["default"],"subtitle-title":[""],"_subtitle-title":["group_page_subtitle-title"],"google-map-title":[""],"_google-map-title":["group_page_google-map-title"],"google-map-description":[""],"_google-map-description":["group_page_google-map-description"],"google-map-info-window":[""],"_google-map-info-window":["group_page_google-map-info-window"],"google-map":[""],"_google-map":["group_page_google-map"],"modules-below-content_0_template":["text-block\/image-background"],"_modules-below-content_0_template":["group_page_modules_below-content_text-block-template"],"modules-below-content_0_text-block-title":["Detta \u00e4r modulen Text block med layouten Image background"],"_modules-below-content_0_text-block-title":["group_page_modules_below-content_text-block_text-block-title"],"modules-below-content_0_text-block-image":["374"],"_modules-below-content_0_text-block-image":["group_page_modules_below-content_text-block_text-block-image"],"modules-below-content_0_text-block-description":["Lorem ipsum dolor sit amet, consectetur adipiscing elit. Sed eget ex semper, laoreet justo eu, ornare massa. Sed accumsan, diam vitae lacinia tincidunt, lectus neque luctus nulla, nec ornare metus sapien sit amet dui. Fusce et pharetra est, sit amet dictum ipsum.\r\n\r\n<a class=\"button\" href=\"#\">L\u00e4s mer<\/a>"],"_modules-below-content_0_text-block-description":["group_page_modules_below-content_text-block_text-block-description"],"modules-below-content_0_text-block-buttons":[""],"_modules-below-content_0_text-block-buttons":["group_page_modules_below-content_text-block_text-block-buttons"],"modules-below-content":["a:14:{i:0;s:43:\"group_page_modules_below-content_text-block\";i:1;s:43:\"group_page_modules_below-content_text-block\";i:2;s:43:\"group_page_modules_below-content_text-block\";i:3;s:45:\"group_page_modules_below-content_latest-posts\";i:4;s:42:\"group_page_modules_below-content_post-list\";i:5;s:42:\"group_page_modules_below-content_sub-pages\";i:6;s:45:\"group_page_modules_below-content_testimonials\";i:7;s:39:\"group_page_modules_below-content_quotes\";i:8;s:40:\"group_page_modules_below-content_divider\";i:9;s:38:\"group_page_modules_below-content_users\";i:10;s:45:\"group_page_modules_below-content_contact-form\";i:11;s:43:\"group_page_modules_below-content_usp-slider\";i:12;s:46:\"group_page_modules_below-content_sideways-tabs\";i:13;s:49:\"group_page_modules_below-content_image-navigation\";}"],"_modules-below-content":["group_page_modules_below-content_modules"],"_yoast_wpseo_content_score":["90"],"_thumbnail_id":["375"],"modules-below-content_1_template":["text-block\/default"],"_modules-below-content_1_template":["group_page_modules_below-content_text-block-template"],"modules-below-content_1_text-block-title":["Detta \u00e4r modulen Text block med layouten Default"],"_modules-below-content_1_text-block-title":["group_page_modules_below-content_text-block_text-block-title"],"modules-below-content_1_text-block-image":[""],"_modules-below-content_1_text-block-image":["group_page_modules_below-content_text-block_text-block-image"],"modules-below-content_1_text-block-description":["Lorem ipsum dolor sit amet, consectetur adipiscing elit. Sed eget ex semper, laoreet justo eu, ornare massa. Sed accumsan, diam vitae lacinia tincidunt, lectus neque luctus nulla, nec ornare metus sapien sit amet dui. Fusce et pharetra est, sit amet dictum ipsum."],"_modules-below-content_1_text-block-description":["group_page_modules_below-content_text-block_text-block-description"],"modules-below-content_1_text-block-buttons":[""],"_modules-below-content_1_text-block-buttons":["group_page_modules_below-content_text-block_text-block-buttons"],"modules-below-content_2_template":["text-block\/image-left"],"_modules-below-content_2_template":["group_page_modules_below-content_text-block-template"],"modules-below-content_2_text-block-title":["Detta \u00e4r modulen Text block med layouten Image left"],"_modules-below-content_2_text-block-title":["group_page_modules_below-content_text-block_text-block-title"],"modules-below-content_2_text-block-image":["374"],"_modules-below-content_2_text-block-image":["group_page_modules_below-content_text-block_text-block-image"],"modules-below-content_2_text-block-description":["Lorem ipsum dolor sit amet, consectetur adipiscing elit. Sed eget ex semper, laoreet justo eu, ornare massa. Sed accumsan, diam vitae lacinia tincidunt, lectus neque luctus nulla, nec ornare metus sapien sit amet dui. Fusce et pharetra est, sit amet dictum ipsum.\r\n<blockquote>Lorem ipsum dolor sit amet, consectetur adipiscing elit. Sed eget ex semper, laoreet justo eu, ornare massa. Sed accumsan, diam vitae lacinia tincidunt, lectus neque luctus nulla, nec ornare metus sapien sit amet dui. Fusce et pharetra est, sit amet dictum ipsum.<\/blockquote>\r\n&nbsp;"],"_modules-below-content_2_text-block-description":["group_page_modules_below-content_text-block_text-block-description"],"modules-below-content_2_text-block-buttons":[""],"_modules-below-content_2_text-block-buttons":["group_page_modules_below-content_text-block_text-block-buttons"],"modules-below-content_3_template":["latest-posts\/default"],"_modules-below-content_3_template":["group_page_modules_below-content_latest-posts-template"],"modules-below-content_3_latest-posts-title":["Denna modul h\u00e4mtar in era senaste inl\u00e4gg fr\u00e5n valfritt arkiv"],"_modules-below-content_3_latest-posts-title":["group_page_modules_below-content_latest-posts_latest-posts-title"],"modules-below-content_3_latest-posts-description":[""],"_modules-below-content_3_latest-posts-description":["group_page_modules_below-content_latest-posts_latest-posts-description"],"modules-below-content_3_latest-posts-post-type":["a:2:{i:0;s:1:\"1\";i:1;s:1:\"4\";}"],"_modules-below-content_3_latest-posts-post-type":["group_page_modules_below-content_latest-posts_latest-posts-post-type"],"modules-below-content_3_latest-posts-limit":["3"],"_modules-below-content_3_latest-posts-limit":["group_page_modules_below-content_latest-posts_latest-posts-limit"],"modules-below-content_3_latest-posts-buttons":[""],"_modules-below-content_3_latest-posts-buttons":["group_page_modules_below-content_latest-posts_latest-posts-buttons"],"modules-below-content_4_template":["post-list\/default"],"_modules-below-content_4_template":["group_page_modules_below-content_post-list-template"],"modules-below-content_4_post-list-title":["Denna modul heter Post list"],"_modules-below-content_4_post-list-title":["group_page_modules_below-content_post-list_post-list-title"],"modules-below-content_4_post-list-description":["Den h\u00e4mtar in valfri poster fr\u00e5n arkiven. V\u00e4lj bara vilka ni vill ska synas."],"_modules-below-content_4_post-list-description":["group_page_modules_below-content_post-list_post-list-description"],"modules-below-content_4_post-list-posts":["a:3:{i:0;s:3:\"252\";i:1;s:3:\"344\";i:2;s:3:\"256\";}"],"_modules-below-content_4_post-list-posts":["group_page_modules_below-content_post-list_post-list-posts"],"modules-below-content_5_template":["sub-pages\/default"],"_modules-below-content_5_template":["group_page_modules_below-content_sub-pages-template"],"modules-below-content_5_sub-pages-title":["Denna modul heter Sub pages"],"_modules-below-content_5_sub-pages-title":["group_page_modules_below-content_sub-pages_sub-pages-title"],"modules-below-content_5_sub-pages-description":["H\u00e4r kan ni h\u00e4mta in andra sidor som ni vill l\u00e4nka till."],"_modules-below-content_5_sub-pages-description":["group_page_modules_below-content_sub-pages_sub-pages-description"],"modules-below-content_5_sub-pages-id":["a:3:{i:0;s:3:\"210\";i:1;s:3:\"208\";i:2;s:3:\"209\";}"],"_modules-below-content_5_sub-pages-id":["group_page_modules_below-content_sub-pages_sub-pages-id"],"modules-below-content_5_sub-pages-buttons":[""],"_modules-below-content_5_sub-pages-buttons":["group_page_modules_below-content_sub-pages_sub-pages-buttons"],"modules-below-content_6_template":["testimonials\/default"],"_modules-below-content_6_template":["group_page_modules_below-content_testimonials-template"],"modules-below-content_6_testimonials-image":["373"],"_modules-below-content_6_testimonials-image":["group_page_modules_below-content_testimonials_testimonials-image"],"modules-below-content_6_testimonials-limit":["6"],"_modules-below-content_6_testimonials-limit":["group_page_modules_below-content_testimonials_testimonials-limit"],"modules-below-content_7_template":["quotes\/default"],"_modules-below-content_7_template":["group_page_modules_below-content_quotes-template"],"modules-below-content_7_quotes-title":["Denna modul heter Quotes och h\u00e4r kan man l\u00e4gga till ett citat om man vill"],"_modules-below-content_7_quotes-title":["group_page_modules_below-content_quotes_quotes-title"],"modules-below-content_7_quotes-slides_0_quote-image":["468"],"_modules-below-content_7_quotes-slides_0_quote-image":["group_page_modules_below-content_quotes_quotes-slides_quote-image"],"modules-below-content_7_quotes-slides_0_quote-quote":["S\u00e5 j\u00e4kla kul att jobba p\u00e5 Axholmen!\r\n\r\nLorem ipsum dolor sit amet, consectetur adipiscing elit. Sed eget ex semper, laoreet justo eu, ornare massa. Sed accumsan, diam vitae lacinia tincidunt, lectus neque luctus nulla, nec ornare metus sapien sit amet dui. "],"_modules-below-content_7_quotes-slides_0_quote-quote":["group_page_modules_below-content_quotes_quotes-slides_quote-quote"],"modules-below-content_7_quotes-slides_0_quote-author":["Kalle"],"_modules-below-content_7_quotes-slides_0_quote-author":["group_page_modules_below-content_quotes_quotes-slides_quote-author"],"modules-below-content_7_quotes-slides":["2"],"_modules-below-content_7_quotes-slides":["group_page_modules_below-content_quotes_quotes-slides"],"modules-below-content_8_template":["divider\/default"],"_modules-below-content_8_template":["group_page_modules_below-content_divider-template"],"modules-below-content_9_template":["users\/default"],"_modules-below-content_9_template":["group_page_modules_below-content_users-template"],"modules-below-content_9_users-title":["Denna modul heter Users"],"_modules-below-content_9_users-title":["group_page_modules_below-content_users_users-title"],"modules-below-content_9_users-description":["H\u00e4r kan ni lista era medarbetare"],"_modules-below-content_9_users-description":["group_page_modules_below-content_users_users-description"],"modules-below-content_9_users-users":["a:3:{i:0;s:1:\"3\";i:1;s:1:\"2\";i:2;s:1:\"5\";}"],"_modules-below-content_9_users-users":["group_page_modules_below-content_users_users-users"],"modules-below-content_10_template":["contact-form\/default"],"_modules-below-content_10_template":["group_page_modules_below-content_contact-form-template"],"modules-below-content_10_contact-form-title":["Denna modul heter Contact form"],"_modules-below-content_10_contact-form-title":["group_page_modules_below-content_contact-form_contact-form-title"],"modules-below-content_10_contact-form-image":["345"],"_modules-below-content_10_contact-form-image":["group_page_modules_below-content_contact-form_contact-form-image"],"modules-below-content_10_contact-form-description":["Om ni vill l\u00e4gga till ett kontaktformul\u00e4r n\u00e5gonstans s\u00e5 anv\u00e4nder ni denna."],"_modules-below-content_10_contact-form-description":["group_page_modules_below-content_contact-form_contact-form-description"],"modules-below-content_10_contact-form-id":["433"],"_modules-below-content_10_contact-form-id":["group_page_modules_below-content_contact-form_contact-form-id"],"modules-below-content_11_template":["usp-slider\/default"],"_modules-below-content_11_template":["group_page_modules_below-content_usp-slider-template"],"modules-below-content_11_usp-slider-title":["Denna modul heter Usp slider"],"_modules-below-content_11_usp-slider-title":["group_page_modules_below-content_usp-slider_usp-slider-title"],"modules-below-content_11_usp-slides_0_usp-title":["Kan anv\u00e4ndas f\u00f6r att visa en process"],"_modules-below-content_11_usp-slides_0_usp-title":["group_page_modules_below-content_usp-slider_usp-slides_usp-title"],"modules-below-content_11_usp-slides_0_usp-description":["Lorem ipsum dolor sit amet, consectetur adipiscing elit. Sed eget ex semper, laoreet justo eu, ornare massa. Sed accumsan, diam vitae lacinia tincidunt, lectus neque luctus nulla, nec ornare metus sapien sit amet dui."],"_modules-below-content_11_usp-slides_0_usp-description":["group_page_modules_below-content_usp-slider_usp-slides_usp-description"],"modules-below-content_11_usp-slides_1_usp-title":["I detta steg g\u00f6r man s\u00e5h\u00e4r"],"_modules-below-content_11_usp-slides_1_usp-title":["group_page_modules_below-content_usp-slider_usp-slides_usp-title"],"modules-below-content_11_usp-slides_1_usp-description":["Lorem ipsum dolor sit amet, consectetur adipiscing elit. Sed eget ex semper, laoreet justo eu, ornare massa. Sed accumsan, diam vitae lacinia tincidunt, lectus neque luctus nulla, nec ornare metus sapien sit amet dui."],"_modules-below-content_11_usp-slides_1_usp-description":["group_page_modules_below-content_usp-slider_usp-slides_usp-description"],"modules-below-content_11_usp-slides_2_usp-title":["I det h\u00e4r steget s\u00e5 blir du kontaktad"],"_modules-below-content_11_usp-slides_2_usp-title":["group_page_modules_below-content_usp-slider_usp-slides_usp-title"],"modules-below-content_11_usp-slides_2_usp-description":["Lorem ipsum dolor sit amet, consectetur adipiscing elit. Sed eget ex semper, laoreet justo eu, ornare massa. Sed accumsan, diam vitae lacinia tincidunt, lectus neque luctus nulla, nec ornare metus sapien sit amet dui."],"_modules-below-content_11_usp-slides_2_usp-description":["group_page_modules_below-content_usp-slider_usp-slides_usp-description"],"modules-below-content_11_usp-slides_3_usp-title":["Sen b\u00f6rjar du jobba hos oss"],"_modules-below-content_11_usp-slides_3_usp-title":["group_page_modules_below-content_usp-slider_usp-slides_usp-title"],"modules-below-content_11_usp-slides_3_usp-description":["Lorem ipsum dolor sit amet, consectetur adipiscing elit. Sed eget ex semper, laoreet justo eu, ornare massa. Sed accumsan, diam vitae lacinia tincidunt, lectus neque luctus nulla, nec ornare metus sapien sit amet dui."],"_modules-below-content_11_usp-slides_3_usp-description":["group_page_modules_below-content_usp-slider_usp-slides_usp-description"],"modules-below-content_11_usp-slides":["4"],"_modules-below-content_11_usp-slides":["group_page_modules_below-content_usp-slider_usp-slides"],"modules-below-content_12_template":["sideways-tabs\/default"],"_modules-below-content_12_template":["group_page_modules_below-content_sideways-tabs-template"],"modules-below-content_12_sideways-tabs-title":["Denna modul heter Sideways tabs"],"_modules-below-content_12_sideways-tabs-title":["group_page_modules_below-content_sideways-tabs_sideways-tabs-title"],"modules-below-content_12_sideways-tabs_0_sideways-tab-title":["L\u00e4gg till rubrik"],"_modules-below-content_12_sideways-tabs_0_sideways-tab-title":["group_page_modules_below-content_sideways-tabs_sideways-tabs_sideways-tab-title"],"modules-below-content_12_sideways-tabs_0_sideways-tab-content":["Och inneh\u00e5llet h\u00e4r"],"_modules-below-content_12_sideways-tabs_0_sideways-tab-content":["group_page_modules_below-content_sideways-tabs_sideways-tabs_sideways-tab-content"],"modules-below-content_12_sideways-tabs_1_sideways-tab-title":["En ny rubrik"],"_modules-below-content_12_sideways-tabs_1_sideways-tab-title":["group_page_modules_below-content_sideways-tabs_sideways-tabs_sideways-tab-title"],"modules-below-content_12_sideways-tabs_1_sideways-tab-content":["Och n\u00e4sta stycke hamnar h\u00e4r"],"_modules-below-content_12_sideways-tabs_1_sideways-tab-content":["group_page_modules_below-content_sideways-tabs_sideways-tabs_sideways-tab-content"],"modules-below-content_12_sideways-tabs_2_sideways-tab-title":["\u00c4nnu fler rubriker"],"_modules-below-content_12_sideways-tabs_2_sideways-tab-title":["group_page_modules_below-content_sideways-tabs_sideways-tabs_sideways-tab-title"],"modules-below-content_12_sideways-tabs_2_sideways-tab-content":["Och mer text som hamnar h\u00e4r"],"_modules-below-content_12_sideways-tabs_2_sideways-tab-content":["group_page_modules_below-content_sideways-tabs_sideways-tabs_sideways-tab-content"],"modules-below-content_12_sideways-tabs":["3"],"_modules-below-content_12_sideways-tabs":["group_page_modules_below-content_sideways-tabs_sideways-tabs"],"modules-below-content_13_template":["image-navigation\/default"],"_modules-below-content_13_template":["group_page_modules_below-content_image-navigation-template"],"modules-below-content_13_image-navigation_0_image-navigation-image":["349"],"_modules-below-content_13_image-navigation_0_image-navigation-image":["group_page_modules_below-content_image-navigation_image-navigation_image-navigation-image"],"modules-below-content_13_image-navigation_0_image-navigation-link":["a:3:{s:5:\"title\";s:12:\"Valfri l\u00e4nk\";s:3:\"url\";s:1:\"#\";s:6:\"target\";s:0:\"\";}"],"_modules-below-content_13_image-navigation_0_image-navigation-link":["group_page_modules_below-content_image-navigation_image-navigation_image-navigation-link"],"modules-below-content_13_image-navigation_1_image-navigation-image":["377"],"_modules-below-content_13_image-navigation_1_image-navigation-image":["group_page_modules_below-content_image-navigation_image-navigation_image-navigation-image"],"modules-below-content_13_image-navigation_1_image-navigation-link":["a:3:{s:5:\"title\";s:12:\"Valfri l\u00e4nk\";s:3:\"url\";s:1:\"#\";s:6:\"target\";s:0:\"\";}"],"_modules-below-content_13_image-navigation_1_image-navigation-link":["group_page_modules_below-content_image-navigation_image-navigation_image-navigation-link"],"modules-below-content_13_image-navigation":["2"],"_modules-below-content_13_image-navigation":["group_page_modules_below-content_image-navigation_image-navigation"],"modules-below-content_7_quotes-slides_1_quote-image":["478"],"_modules-below-content_7_quotes-slides_1_quote-image":["group_page_modules_below-content_quotes_quotes-slides_quote-image"],"modules-below-content_7_quotes-slides_1_quote-quote":["S\u00e5 j\u00e4kla kul att jobba p\u00e5 Axholmen!\r\n\r\nLorem ipsum dolor sit amet, consectetur adipiscing elit. Sed eget ex semper, laoreet justo eu, ornare massa. Sed accumsan, diam vitae lacinia tincidunt, lectus neque luctus nulla, nec ornare metus sapien sit amet dui. "],"_modules-below-content_7_quotes-slides_1_quote-quote":["group_page_modules_below-content_quotes_quotes-slides_quote-quote"],"modules-below-content_7_quotes-slides_1_quote-author":["Kalle"],"_modules-below-content_7_quotes-slides_1_quote-author":["group_page_modules_below-content_quotes_quotes-slides_quote-author"]},"_links":{"self":[{"href":"https:\/\/axholmen.com\/sv\/wp-json\/wp\/v2\/pages\/494","targetHints":{"allow":["GET"]}}],"collection":[{"href":"https:\/\/axholmen.com\/sv\/wp-json\/wp\/v2\/pages"}],"about":[{"href":"https:\/\/axholmen.com\/sv\/wp-json\/wp\/v2\/types\/page"}],"author":[{"embeddable":true,"href":"https:\/\/axholmen.com\/sv\/wp-json\/wp\/v2\/users\/1"}],"replies":[{"embeddable":true,"href":"https:\/\/axholmen.com\/sv\/wp-json\/wp\/v2\/comments?post=494"}],"version-history":[{"count":0,"href":"https:\/\/axholmen.com\/sv\/wp-json\/wp\/v2\/pages\/494\/revisions"}],"wp:featuredmedia":[{"embeddable":true,"href":"https:\/\/axholmen.com\/sv\/wp-json\/wp\/v2\/media\/375"}],"wp:attachment":[{"href":"https:\/\/axholmen.com\/sv\/wp-json\/wp\/v2\/media?parent=494"}],"curies":[{"name":"wp","href":"https:\/\/api.w.org\/{rel}","templated":true}]}}