{"id":6,"date":"2017-11-27T12:52:41","date_gmt":"2017-11-27T11:52:41","guid":{"rendered":"http:\/\/axholmen.se\/?page_id=6"},"modified":"2024-04-09T15:15:54","modified_gmt":"2024-04-09T13:15:54","slug":"tjanster","status":"publish","type":"page","link":"https:\/\/axholmen.com\/sv\/tjanster\/","title":{"rendered":"Tj\u00e4nster"},"content":{"rendered":"","protected":false},"excerpt":{"rendered":"<p>Vill du maximera int\u00e4kterna och l\u00f6nsamheten i verksamheten? Eller \u00e4r det h\u00f6g tid att reducera kostnader och g\u00f6ra strukturella f\u00f6r\u00e4ndringar i organisationen? Vi p\u00e5 Axholmen har l\u00e5ng erfarenhet av att l\u00f6sa viktiga aff\u00e4rsutmaningar kopplat till en f\u00f6rb\u00e4ttrad l\u00f6nsamhet.<\/p>\n<p>Prata med oss om kommersiell optimering och effektivitetsf\u00f6rb\u00e4ttring \u2013 tv\u00e5 noga framtagna erbjudanden f\u00f6r f\u00f6retagets l\u00e5ngsiktiga l\u00f6nsamhet.<\/p>\n","protected":false},"author":6,"featured_media":3286,"parent":0,"menu_order":0,"comment_status":"closed","ping_status":"closed","template":"page-hero.php","meta":{"_acf_changed":false,"footnotes":""},"class_list":["post-6","page","type-page","status-publish","has-post-thumbnail","hentry"],"acf":[],"yoast_head":"<!-- This site is optimized with the Yoast SEO plugin v27.3 - https:\/\/yoast.com\/product\/yoast-seo-wordpress\/ -->\n<title>Tj\u00e4nster - Axholmen<\/title>\n<meta name=\"description\" content=\"Axholmens k\u00e4rnerbjudande \u00e4r att l\u00f6sa viktiga aff\u00e4rsutmaningar relaterat till f\u00f6rb\u00e4ttrad l\u00f6nsamhet\" \/>\n<meta name=\"robots\" content=\"index, follow, max-snippet:-1, max-image-preview:large, max-video-preview:-1\" \/>\n<link rel=\"canonical\" href=\"https:\/\/axholmen.com\/sv\/tjanster\/\" \/>\n<meta property=\"og:locale\" content=\"sv_SE\" \/>\n<meta property=\"og:type\" content=\"article\" \/>\n<meta property=\"og:title\" content=\"Tj\u00e4nster - Axholmen\" \/>\n<meta property=\"og:description\" content=\"Axholmens k\u00e4rnerbjudande \u00e4r att l\u00f6sa viktiga aff\u00e4rsutmaningar relaterat till f\u00f6rb\u00e4ttrad l\u00f6nsamhet\" \/>\n<meta property=\"og:url\" content=\"https:\/\/axholmen.com\/sv\/tjanster\/\" \/>\n<meta property=\"og:site_name\" content=\"Axholmen\" \/>\n<meta property=\"article:modified_time\" content=\"2024-04-09T13:15:54+00:00\" \/>\n<meta property=\"og:image\" content=\"https:\/\/axholmen.com\/wp-content\/uploads\/2022\/10\/z8a5573-e1666007794922.jpg\" \/>\n\t<meta property=\"og:image:width\" content=\"2000\" \/>\n\t<meta property=\"og:image:height\" content=\"750\" \/>\n\t<meta property=\"og:image:type\" content=\"image\/jpeg\" \/>\n<meta name=\"twitter:card\" content=\"summary_large_image\" \/>\n<meta name=\"twitter:label1\" content=\"Ber\u00e4knad l\u00e4stid\" \/>\n\t<meta name=\"twitter:data1\" content=\"1 minut\" \/>\n<script type=\"application\/ld+json\" class=\"yoast-schema-graph\">{\"@context\":\"https:\\\/\\\/schema.org\",\"@graph\":[{\"@type\":\"WebPage\",\"@id\":\"https:\\\/\\\/axholmen.com\\\/sv\\\/tjanster\\\/\",\"url\":\"https:\\\/\\\/axholmen.com\\\/sv\\\/tjanster\\\/\",\"name\":\"Tj\u00e4nster - Axholmen\",\"isPartOf\":{\"@id\":\"https:\\\/\\\/axholmen.com\\\/#website\"},\"primaryImageOfPage\":{\"@id\":\"https:\\\/\\\/axholmen.com\\\/sv\\\/tjanster\\\/#primaryimage\"},\"image\":{\"@id\":\"https:\\\/\\\/axholmen.com\\\/sv\\\/tjanster\\\/#primaryimage\"},\"thumbnailUrl\":\"https:\\\/\\\/axholmen.com\\\/wp-content\\\/uploads\\\/2022\\\/10\\\/z8a5573-e1666007794922.jpg\",\"datePublished\":\"2017-11-27T11:52:41+00:00\",\"dateModified\":\"2024-04-09T13:15:54+00:00\",\"description\":\"Axholmens k\u00e4rnerbjudande \u00e4r att l\u00f6sa viktiga aff\u00e4rsutmaningar relaterat till f\u00f6rb\u00e4ttrad l\u00f6nsamhet\",\"breadcrumb\":{\"@id\":\"https:\\\/\\\/axholmen.com\\\/sv\\\/tjanster\\\/#breadcrumb\"},\"inLanguage\":\"sv-SE\",\"potentialAction\":[{\"@type\":\"ReadAction\",\"target\":[\"https:\\\/\\\/axholmen.com\\\/sv\\\/tjanster\\\/\"]}]},{\"@type\":\"ImageObject\",\"inLanguage\":\"sv-SE\",\"@id\":\"https:\\\/\\\/axholmen.com\\\/sv\\\/tjanster\\\/#primaryimage\",\"url\":\"https:\\\/\\\/axholmen.com\\\/wp-content\\\/uploads\\\/2022\\\/10\\\/z8a5573-e1666007794922.jpg\",\"contentUrl\":\"https:\\\/\\\/axholmen.com\\\/wp-content\\\/uploads\\\/2022\\\/10\\\/z8a5573-e1666007794922.jpg\",\"width\":2000,\"height\":750},{\"@type\":\"BreadcrumbList\",\"@id\":\"https:\\\/\\\/axholmen.com\\\/sv\\\/tjanster\\\/#breadcrumb\",\"itemListElement\":[{\"@type\":\"ListItem\",\"position\":1,\"name\":\"Axholmen\",\"item\":\"https:\\\/\\\/axholmen.com\\\/sv\\\/\"},{\"@type\":\"ListItem\",\"position\":2,\"name\":\"Tj\u00e4nster\"}]},{\"@type\":\"WebSite\",\"@id\":\"https:\\\/\\\/axholmen.com\\\/#website\",\"url\":\"https:\\\/\\\/axholmen.com\\\/\",\"name\":\"Axholmen\",\"description\":\"\",\"potentialAction\":[{\"@type\":\"SearchAction\",\"target\":{\"@type\":\"EntryPoint\",\"urlTemplate\":\"https:\\\/\\\/axholmen.com\\\/?s={search_term_string}\"},\"query-input\":{\"@type\":\"PropertyValueSpecification\",\"valueRequired\":true,\"valueName\":\"search_term_string\"}}],\"inLanguage\":\"sv-SE\"}]}<\/script>\n<!-- \/ Yoast SEO plugin. -->","yoast_head_json":{"title":"Tj\u00e4nster - Axholmen","description":"Axholmens k\u00e4rnerbjudande \u00e4r att l\u00f6sa viktiga aff\u00e4rsutmaningar relaterat till f\u00f6rb\u00e4ttrad l\u00f6nsamhet","robots":{"index":"index","follow":"follow","max-snippet":"max-snippet:-1","max-image-preview":"max-image-preview:large","max-video-preview":"max-video-preview:-1"},"canonical":"https:\/\/axholmen.com\/sv\/tjanster\/","og_locale":"sv_SE","og_type":"article","og_title":"Tj\u00e4nster - Axholmen","og_description":"Axholmens k\u00e4rnerbjudande \u00e4r att l\u00f6sa viktiga aff\u00e4rsutmaningar relaterat till f\u00f6rb\u00e4ttrad l\u00f6nsamhet","og_url":"https:\/\/axholmen.com\/sv\/tjanster\/","og_site_name":"Axholmen","article_modified_time":"2024-04-09T13:15:54+00:00","og_image":[{"width":2000,"height":750,"url":"https:\/\/axholmen.com\/wp-content\/uploads\/2022\/10\/z8a5573-e1666007794922.jpg","type":"image\/jpeg"}],"twitter_card":"summary_large_image","twitter_misc":{"Ber\u00e4knad l\u00e4stid":"1 minut"},"schema":{"@context":"https:\/\/schema.org","@graph":[{"@type":"WebPage","@id":"https:\/\/axholmen.com\/sv\/tjanster\/","url":"https:\/\/axholmen.com\/sv\/tjanster\/","name":"Tj\u00e4nster - Axholmen","isPartOf":{"@id":"https:\/\/axholmen.com\/#website"},"primaryImageOfPage":{"@id":"https:\/\/axholmen.com\/sv\/tjanster\/#primaryimage"},"image":{"@id":"https:\/\/axholmen.com\/sv\/tjanster\/#primaryimage"},"thumbnailUrl":"https:\/\/axholmen.com\/wp-content\/uploads\/2022\/10\/z8a5573-e1666007794922.jpg","datePublished":"2017-11-27T11:52:41+00:00","dateModified":"2024-04-09T13:15:54+00:00","description":"Axholmens k\u00e4rnerbjudande \u00e4r att l\u00f6sa viktiga aff\u00e4rsutmaningar relaterat till f\u00f6rb\u00e4ttrad l\u00f6nsamhet","breadcrumb":{"@id":"https:\/\/axholmen.com\/sv\/tjanster\/#breadcrumb"},"inLanguage":"sv-SE","potentialAction":[{"@type":"ReadAction","target":["https:\/\/axholmen.com\/sv\/tjanster\/"]}]},{"@type":"ImageObject","inLanguage":"sv-SE","@id":"https:\/\/axholmen.com\/sv\/tjanster\/#primaryimage","url":"https:\/\/axholmen.com\/wp-content\/uploads\/2022\/10\/z8a5573-e1666007794922.jpg","contentUrl":"https:\/\/axholmen.com\/wp-content\/uploads\/2022\/10\/z8a5573-e1666007794922.jpg","width":2000,"height":750},{"@type":"BreadcrumbList","@id":"https:\/\/axholmen.com\/sv\/tjanster\/#breadcrumb","itemListElement":[{"@type":"ListItem","position":1,"name":"Axholmen","item":"https:\/\/axholmen.com\/sv\/"},{"@type":"ListItem","position":2,"name":"Tj\u00e4nster"}]},{"@type":"WebSite","@id":"https:\/\/axholmen.com\/#website","url":"https:\/\/axholmen.com\/","name":"Axholmen","description":"","potentialAction":[{"@type":"SearchAction","target":{"@type":"EntryPoint","urlTemplate":"https:\/\/axholmen.com\/?s={search_term_string}"},"query-input":{"@type":"PropertyValueSpecification","valueRequired":true,"valueName":"search_term_string"}}],"inLanguage":"sv-SE"}]}},"custom_fields":{"_edit_last":["6"],"_thumbnail_id":["3286"],"_edit_lock":["1713012956:6"],"redirect-url":[""],"_redirect-url":["group_page_redirect-url"],"modules-below-content":["a:3:{i:0;s:43:\"group_page_modules_below-content_text-block\";i:1;s:43:\"group_page_modules_below-content_text-block\";i:2;s:43:\"group_page_modules_below-content_text-block\";}"],"_modules-below-content":["group_page_modules_below-content_modules"],"modules-above-content":[""],"_modules-above-content":["group_page_modules_above-content_modules"],"subtitle-title":["V\u00e4gen till \u00f6kad l\u00f6nsamhet"],"_subtitle-title":["group_page_subtitle-title"],"modules-below-content_2_latest-case-description":[""],"_modules-below-content_2_latest-case-description":["group_page_modules_below-content_latest-case_latest-case-description"],"_wp_page_template":["page-hero.php"],"modules-below-content_3_latest-case-post-type":["a:1:{i:0;s:4:\"post\";}"],"_modules-below-content_3_latest-case-post-type":["group_page_modules_below-content_latest-case_latest-case-post-type"],"google-map-title":[""],"_google-map-title":["group_page_google-map-title"],"google-map-description":[""],"_google-map-description":["group_page_google-map-description"],"google-map-info-window":[""],"_google-map-info-window":["group_page_google-map-info-window"],"google-map":[""],"_google-map":["group_page_google-map"],"_wpml_media_featured":["1"],"_wpml_media_duplicate":["1"],"_yoast_wpseo_metadesc":["Axholmens k\u00e4rnerbjudande \u00e4r att l\u00f6sa viktiga aff\u00e4rsutmaningar relaterat till f\u00f6rb\u00e4ttrad l\u00f6nsamhet"],"_yoast_wpseo_estimated-reading-time-minutes":["1"],"modules-below-content_0_template":["text-block\/image-left-alt"],"_modules-below-content_0_template":["group_page_modules_below-content_text-block-template"],"modules-below-content_0_text-block-title":["Maximera int\u00e4kterna p\u00e5 ett l\u00f6nsamt s\u00e4tt"],"_modules-below-content_0_text-block-title":["group_page_modules_below-content_text-block_text-block-title"],"modules-below-content_0_text-block-image":["3282"],"_modules-below-content_0_text-block-image":["group_page_modules_below-content_text-block_text-block-image"],"modules-below-content_0_text-block-image-overlay":["0"],"_modules-below-content_0_text-block-image-overlay":["group_page_modules_below-content_text-block_text-block-image-overlay"],"modules-below-content_0_text-block-description":["Hur kan du maximera f\u00f6retagets int\u00e4kter p\u00e5 ett l\u00f6nsamt s\u00e4tt i verksamheten?\u00a0Vi hj\u00e4lper dig att analysera och genomf\u00f6ra prioriterade insatser. Det handlar om\u00a0att erbjuda r\u00e4tt produkt, i r\u00e4tt kanal, till ett pris som optimerar den l\u00e5ngsiktiga\u00a0l\u00f6nsamheten."],"_modules-below-content_0_text-block-description":["group_page_modules_below-content_text-block_text-block-description"],"modules-below-content_0_text-block-buttons_0_button-link":["a:3:{s:5:\"title\";s:22:\"Kommersiell optimering\";s:3:\"url\";s:56:\"https:\/\/axholmen.com\/sv\/tjanster\/kommersiell-optimering\/\";s:6:\"target\";s:0:\"\";}"],"_modules-below-content_0_text-block-buttons_0_button-link":["group_page_modules_below-content_text-block_text-block-buttons_button-link"],"modules-below-content_0_text-block-buttons_0_button-color":["primary"],"_modules-below-content_0_text-block-buttons_0_button-color":["group_page_modules_below-content_text-block_text-block-buttons_button-color"],"modules-below-content_0_text-block-buttons_0_button-ghost":["0"],"_modules-below-content_0_text-block-buttons_0_button-ghost":["group_page_modules_below-content_text-block_text-block-buttons_button-ghost"],"modules-below-content_0_text-block-buttons_0_button-icon":[""],"_modules-below-content_0_text-block-buttons_0_button-icon":["group_page_modules_below-content_text-block_text-block-buttons_button-icon"],"modules-below-content_0_text-block-buttons":["2"],"_modules-below-content_0_text-block-buttons":["group_page_modules_below-content_text-block_text-block-buttons"],"modules-below-content_1_template":["text-block\/image-right-alt"],"_modules-below-content_1_template":["group_page_modules_below-content_text-block-template"],"modules-below-content_1_text-block-title":["\u00d6ka l\u00f6nsamheten genom f\u00f6rb\u00e4ttrad effektivitet"],"_modules-below-content_1_text-block-title":["group_page_modules_below-content_text-block_text-block-title"],"modules-below-content_1_text-block-image":["3284"],"_modules-below-content_1_text-block-image":["group_page_modules_below-content_text-block_text-block-image"],"modules-below-content_1_text-block-image-overlay":["0"],"_modules-below-content_1_text-block-image-overlay":["group_page_modules_below-content_text-block_text-block-image-overlay"],"modules-below-content_1_text-block-description":["Hur bibeh\u00e5ller du f\u00f6retagets konkurrenskraft i en v\u00e4rld som st\u00e4ndigt f\u00f6r\u00e4ndras?\u00a0Vi hj\u00e4lper dig med kommersiella effektivitetsf\u00f6rb\u00e4ttringar genom hela f\u00f6r\u00e4ndringsresan.\u00a0I praktiken handlar det om att identifiera, prioritera och genomf\u00f6ra de aktiviteter som f\u00f6rv\u00e4ntas ge st\u00f6rst resultat."],"_modules-below-content_1_text-block-description":["group_page_modules_below-content_text-block_text-block-description"],"modules-below-content_1_text-block-buttons_0_button-link":["a:3:{s:5:\"title\";s:23:\"Operationell optimering\";s:3:\"url\";s:57:\"https:\/\/axholmen.com\/sv\/tjanster\/operationell_optimering\/\";s:6:\"target\";s:0:\"\";}"],"_modules-below-content_1_text-block-buttons_0_button-link":["group_page_modules_below-content_text-block_text-block-buttons_button-link"],"modules-below-content_1_text-block-buttons_0_button-color":["primary"],"_modules-below-content_1_text-block-buttons_0_button-color":["group_page_modules_below-content_text-block_text-block-buttons_button-color"],"modules-below-content_1_text-block-buttons_0_button-ghost":["0"],"_modules-below-content_1_text-block-buttons_0_button-ghost":["group_page_modules_below-content_text-block_text-block-buttons_button-ghost"],"modules-below-content_1_text-block-buttons_0_button-icon":[""],"_modules-below-content_1_text-block-buttons_0_button-icon":["group_page_modules_below-content_text-block_text-block-buttons_button-icon"],"modules-below-content_1_text-block-buttons":["1"],"_modules-below-content_1_text-block-buttons":["group_page_modules_below-content_text-block_text-block-buttons"],"_yoast_wpseo_wordproof_timestamp":[""],"_yoast_wpseo_focuskw":["f\u00f6rb\u00e4ttrad l\u00f6nsamhet"],"_yoast_wpseo_linkdex":["38"],"_wpml_word_count":["{\"total\":70,\"to_translate\":{\"en\":70}}"],"modules-below-content_2_template":["text-block\/image-left-alt"],"_modules-below-content_2_template":["group_page_modules_below-content_text-block-template"],"modules-below-content_2_text-block-title":["\u00d6ka aktie\u00e4garv\u00e4rdet med r\u00e4tt strategi"],"_modules-below-content_2_text-block-title":["group_page_modules_below-content_text-block_text-block-title"],"modules-below-content_2_text-block-image":["2046"],"_modules-below-content_2_text-block-image":["group_page_modules_below-content_text-block_text-block-image"],"modules-below-content_2_text-block-image-overlay":["0"],"_modules-below-content_2_text-block-image-overlay":["group_page_modules_below-content_text-block_text-block-image-overlay"],"modules-below-content_2_text-block-description":["Hur jobbar din ledningsgrupp med utveckling och formulering av strategi f\u00f6r att maximera ert f\u00f6retags aktie\u00e4garv\u00e4rde? Axholmen specialiserar sig p\u00e5 att utveckla bolagsstrategi tillsammans med din ledningsgrupp. Vi jobbar t\u00e4tt med din organisation och era kunder, som k\u00e4nner era produkter och era marknader allra b\u00e4st."],"_modules-below-content_2_text-block-description":["group_page_modules_below-content_text-block_text-block-description"],"modules-below-content_2_text-block-buttons_0_button-link":["a:3:{s:5:\"title\";s:19:\"Strategiformulering\";s:3:\"url\";s:53:\"https:\/\/axholmen.com\/sv\/tjanster\/strategiformulering\/\";s:6:\"target\";s:0:\"\";}"],"_modules-below-content_2_text-block-buttons_0_button-link":["group_page_modules_below-content_text-block_text-block-buttons_button-link"],"modules-below-content_2_text-block-buttons_0_button-color":["primary"],"_modules-below-content_2_text-block-buttons_0_button-color":["group_page_modules_below-content_text-block_text-block-buttons_button-color"],"modules-below-content_2_text-block-buttons_0_button-ghost":["0"],"_modules-below-content_2_text-block-buttons_0_button-ghost":["group_page_modules_below-content_text-block_text-block-buttons_button-ghost"],"modules-below-content_2_text-block-buttons_0_button-icon":[""],"_modules-below-content_2_text-block-buttons_0_button-icon":["group_page_modules_below-content_text-block_text-block-buttons_button-icon"],"modules-below-content_2_text-block-buttons":["1"],"_modules-below-content_2_text-block-buttons":["group_page_modules_below-content_text-block_text-block-buttons"],"modules-below-content_0_text-block-buttons_1_button-link":["a:3:{s:5:\"title\";s:13:\"Priss\u00e4ttning\";s:3:\"url\";s:69:\"https:\/\/axholmen.com\/sv\/tjanster\/kommersiell-optimering\/prissattning\/\";s:6:\"target\";s:0:\"\";}"],"_modules-below-content_0_text-block-buttons_1_button-link":["group_page_modules_below-content_text-block_text-block-buttons_button-link"],"modules-below-content_0_text-block-buttons_1_button-color":["gray"],"_modules-below-content_0_text-block-buttons_1_button-color":["group_page_modules_below-content_text-block_text-block-buttons_button-color"],"modules-below-content_0_text-block-buttons_1_button-ghost":["0"],"_modules-below-content_0_text-block-buttons_1_button-ghost":["group_page_modules_below-content_text-block_text-block-buttons_button-ghost"],"modules-below-content_0_text-block-buttons_1_button-icon":[""],"_modules-below-content_0_text-block-buttons_1_button-icon":["group_page_modules_below-content_text-block_text-block-buttons_button-icon"]},"_links":{"self":[{"href":"https:\/\/axholmen.com\/sv\/wp-json\/wp\/v2\/pages\/6","targetHints":{"allow":["GET"]}}],"collection":[{"href":"https:\/\/axholmen.com\/sv\/wp-json\/wp\/v2\/pages"}],"about":[{"href":"https:\/\/axholmen.com\/sv\/wp-json\/wp\/v2\/types\/page"}],"author":[{"embeddable":true,"href":"https:\/\/axholmen.com\/sv\/wp-json\/wp\/v2\/users\/6"}],"replies":[{"embeddable":true,"href":"https:\/\/axholmen.com\/sv\/wp-json\/wp\/v2\/comments?post=6"}],"version-history":[{"count":0,"href":"https:\/\/axholmen.com\/sv\/wp-json\/wp\/v2\/pages\/6\/revisions"}],"wp:featuredmedia":[{"embeddable":true,"href":"https:\/\/axholmen.com\/sv\/wp-json\/wp\/v2\/media\/3286"}],"wp:attachment":[{"href":"https:\/\/axholmen.com\/sv\/wp-json\/wp\/v2\/media?parent=6"}],"curies":[{"name":"wp","href":"https:\/\/api.w.org\/{rel}","templated":true}]}}